{"id":14834,"date":"2022-05-13T01:28:42","date_gmt":"2022-05-13T01:28:42","guid":{"rendered":"https:\/arama-turu-ust-cubugu\/"},"modified":"2023-10-09T22:41:11","modified_gmt":"2023-10-09T22:41:11","slug":"arama-turu-ust-cubugu","status":"publish","type":"page","link":"https:\/\/www.xalam.nl\/tr\/arama-turu-ust-cubugu\/","title":{"rendered":"Arama Turu \u00dcst \u00c7ubu\u011fu"},"content":{"rendered":"","protected":false},"excerpt":{"rendered":"","protected":false},"author":1,"featured_media":14835,"parent":0,"menu_order":0,"comment_status":"closed","ping_status":"closed","template":"template-tour-search.php","meta":{"footnotes":""},"class_list":["post-14834","page","type-page","status-publish","has-post-thumbnail","hentry"],"_links":{"self":[{"href":"https:\/\/www.xalam.nl\/tr\/wp-json\/wp\/v2\/pages\/14834","targetHints":{"allow":["GET"]}}],"collection":[{"href":"https:\/\/www.xalam.nl\/tr\/wp-json\/wp\/v2\/pages"}],"about":[{"href":"https:\/\/www.xalam.nl\/tr\/wp-json\/wp\/v2\/types\/page"}],"author":[{"embeddable":true,"href":"https:\/\/www.xalam.nl\/tr\/wp-json\/wp\/v2\/users\/1"}],"replies":[{"embeddable":true,"href":"https:\/\/www.xalam.nl\/tr\/wp-json\/wp\/v2\/comments?post=14834"}],"version-history":[{"count":1,"href":"https:\/\/www.xalam.nl\/tr\/wp-json\/wp\/v2\/pages\/14834\/revisions"}],"predecessor-version":[{"id":16512,"href":"https:\/\/www.xalam.nl\/tr\/wp-json\/wp\/v2\/pages\/14834\/revisions\/16512"}],"wp:featuredmedia":[{"embeddable":true,"href":"https:\/\/www.xalam.nl\/tr\/wp-json\/wp\/v2\/media\/14835"}],"wp:attachment":[{"href":"https:\/\/www.xalam.nl\/tr\/wp-json\/wp\/v2\/media?parent=14834"}],"curies":[{"name":"wp","href":"https:\/\/api.w.org\/{rel}","templated":true}]}}