{"id":14692,"date":"2023-05-04T20:00:07","date_gmt":"2023-05-04T20:00:07","guid":{"rendered":"https:\/gizlilik-politikasi\/"},"modified":"2024-05-01T12:03:15","modified_gmt":"2024-05-01T12:03:15","slug":"gizlilik-politikasi","status":"publish","type":"page","link":"https:\/\/www.xalam.nl\/tr\/gizlilik-politikasi\/","title":{"rendered":"Gizlilik Politikas\u0131"},"content":{"rendered":"\t\t<div data-elementor-type=\"wp-page\" data-elementor-id=\"14692\" class=\"elementor elementor-14692 elementor-10190\" data-elementor-post-type=\"page\">\n\t\t\t\t<div class=\"elementor-element elementor-element-33ef8e0 e-flex e-con-boxed e-con e-parent\" data-id=\"33ef8e0\" data-element_type=\"container\" data-e-type=\"container\">\n\t\t\t\t\t<div class=\"e-con-inner\">\n\t\t\t\t<div class=\"elementor-element elementor-element-eff9cd4 elementor-widget elementor-widget-text-editor\" data-id=\"eff9cd4\" data-element_type=\"widget\" data-e-type=\"widget\" data-widget_type=\"text-editor.default\">\n\t\t\t\t<div class=\"elementor-widget-container\">\n\t\t\t\t\t\t\t\t\t<p>Xalam Tours &#8211; Xavaria Experience adresinde bulunuyor:<br \/>Slotermeerlaan 58<br \/>1064 HC Amsterdam<br \/>Hollanda<\/p>\n<p>Xalam Tours &#8211; Xavaria Experience, web sitemizi kullan\u0131rken gizlili\u011finizi korumay\u0131 taahh\u00fct eder. Bu Gizlilik Bildirimi www.xalamtours.com (bundan b\u00f6yle &#8220;biz&#8221;, &#8220;bize&#8221; veya &#8220;www.xalam.nl&#8221; olarak an\u0131lacakt\u0131r) i\u00e7in ge\u00e7erlidir. Gizlili\u011finize de\u011fer veriyoruz ve Web Sitesinde if\u015fa etti\u011finiz ki\u015fisel olarak tan\u0131mlanabilir bilgileri korumaya kararl\u0131y\u0131z. Bu gizlilik politikas\u0131 (&#8220;Gizlilik Politikas\u0131&#8221;), Web Sitemizde hangi bilgilerin toplanabilece\u011fini, bunlar\u0131 nas\u0131l kulland\u0131\u011f\u0131m\u0131z\u0131 ve ne zaman di\u011fer taraflarla payla\u015fabilece\u011fimizi a\u00e7\u0131klamaktad\u0131r. Bu Gizlilik Politikas\u0131 yaln\u0131zca Web Sitesi arac\u0131l\u0131\u011f\u0131yla toplad\u0131\u011f\u0131m\u0131z veriler i\u00e7in ge\u00e7erlidir; di\u011fer kaynaklardan toplad\u0131\u011f\u0131m\u0131z veriler i\u00e7in ge\u00e7erli de\u011fildir. Web sitemizi kullan\u0131m\u0131n\u0131z\u0131 d\u00fczenleyen genel kurallar ve uygulamalar, bu Gizlilik Politikas\u0131n\u0131n yan\u0131 s\u0131ra Web sitemizde g\u00f6r\u00fcnt\u00fclenen H\u00fck\u00fcm ve Ko\u015fullarda belirtilmi\u015ftir. Web sitemizi ziyaret ederken davran\u0131\u015flar\u0131n\u0131za ba\u011fl\u0131 olarak ek h\u00fck\u00fcm ve ko\u015fullar\u0131 kabul etmeniz gerekebilir.<\/p>\n<p><strong>Web Sitesi Ziyaret\u00e7ileri<\/strong><br \/>Xalam Tours &#8211; Xavaria Experience, di\u011fer web sitesi operat\u00f6rlerine benzer \u015fekilde, taray\u0131c\u0131 t\u00fcr\u00fc, dil se\u00e7imi, y\u00f6nlendiren site ve her ziyaret\u00e7i talebinin tarihi ve saati gibi web taray\u0131c\u0131lar\u0131n\u0131n ve sunucular\u0131n\u0131n yayg\u0131n olarak kullan\u0131ma sundu\u011fu t\u00fcrden ki\u015fisel olarak tan\u0131mlay\u0131c\u0131 olmayan bilgileri toplar. Ki\u015fisel olarak tan\u0131mlanamayan bilgileri toplaman\u0131n amac\u0131, Xalam Tours &#8211; Xavaria Experience&#8217;\u0131n ziyaret\u00e7ilerinin web sitesini nas\u0131l kulland\u0131\u011f\u0131n\u0131 daha iyi anlamas\u0131d\u0131r. Xalam Tours &#8211; Xavaria Experience, ki\u015fisel olarak tan\u0131mlay\u0131c\u0131 olmayan bilgileri zaman zaman, \u00f6rne\u011fin web sitesi kullan\u0131m modelleri hakk\u0131nda bir rapor yay\u0131nlayarak toplu olarak if\u015fa edebilir.<br \/>Oturum a\u00e7an kullan\u0131c\u0131lar ve https: blog makalelerine yorum g\u00f6nderenler i\u00e7in Xalam Tours &#8211; Xavaria Experience, \u0130nternet Protokol\u00fc (IP) adresleri gibi potansiyel olarak ki\u015fisel olarak tan\u0131mlay\u0131c\u0131 bilgileri de toplar. Xalam Tours &#8211; Xavaria Experience, oturum a\u00e7an kullan\u0131c\u0131 ve yorumcu IP adreslerini yaln\u0131zca a\u015fa\u011f\u0131da tart\u0131\u015f\u0131ld\u0131\u011f\u0131 gibi ki\u015fisel olarak tan\u0131mlay\u0131c\u0131 bilgileri kulland\u0131\u011f\u0131 ve if\u015fa etti\u011fi ayn\u0131 ko\u015fullar alt\u0131nda kullan\u0131r ve if\u015fa eder.<\/p>\n<p><strong>Ki\u015fisel Olarak Tan\u0131mlay\u0131c\u0131 Bilgilerin Toplanmas\u0131<\/strong><br \/>Baz\u0131 web sitesi ziyaret\u00e7ileri, Xalam Tours &#8211; Xavaria Experience ile Xalam Tours &#8211; Xavaria Experience&#8217;\u0131n ki\u015fisel olarak tan\u0131mlay\u0131c\u0131 bilgiler toplamas\u0131n\u0131 gerektiren \u015fekillerde etkile\u015fime girmeyi se\u00e7er. Xalam Tours &#8211; Xavaria Experience taraf\u0131ndan toplanan bilgilerin miktar\u0131 ve t\u00fcr\u00fc etkile\u015fimin niteli\u011fine g\u00f6re belirlenir. \u00d6rne\u011fin https: adresinde bir bloga kaydolan ziyaret\u00e7ilerin bir kullan\u0131c\u0131 ad\u0131 ve e-posta adresi girmeleri gerekmektedir.<\/p>\n<p><strong>G\u00fcvenlik<\/strong><br \/>Ki\u015fisel Bilgilerinizin g\u00fcvenli\u011fini \u00f6nemsiyoruz, ancak hi\u00e7bir \u0130nternet iletimi veya bilgisayar depolama y\u00f6nteminin tamamen g\u00fcvenli olmad\u0131\u011f\u0131n\u0131 unutmay\u0131n. Ki\u015fisel Bilgilerinizi ticari olarak makul teknikler kullanarak g\u00fcvence alt\u0131na almak i\u00e7in her t\u00fcrl\u00fc \u00e7abay\u0131 g\u00f6stermemize ra\u011fmen, tam g\u00fcvenli\u011fini garanti edemeyiz.<\/p>\n<p><strong>Reklamlar<\/strong><br \/>Sitemizdeki reklamlar, kullan\u0131c\u0131lara bilgisayarlar\u0131na \u00e7erez yerle\u015ftirebilecek reklam ortaklar\u0131 taraf\u0131ndan g\u00f6nderilebilir. Bu \u00e7erezler, reklam sunucusunun \u00e7evrimi\u00e7i reklamlar\u0131 her g\u00f6rd\u00fc\u011f\u00fcn\u00fczde bilgisayar\u0131n\u0131z\u0131 tan\u0131mas\u0131n\u0131 sa\u011flayarak siz ve bilgisayar\u0131n\u0131z\u0131 kullanan di\u011fer ki\u015filer hakk\u0131nda bilgi toplamas\u0131na olanak tan\u0131r. Bu bilgiler, reklam a\u011flar\u0131n\u0131n, di\u011fer \u015feylerin yan\u0131 s\u0131ra, en \u00e7ok ilginizi \u00e7ekece\u011fini d\u00fc\u015f\u00fcnd\u00fckleri \u00f6zel reklamlar sunmas\u0131n\u0131 sa\u011flar. Bu Gizlilik Politikas\u0131 yaln\u0131zca Xalam Tours &#8211; Xavaria Experience&#8217;\u0131n \u00e7erez kullan\u0131m\u0131 i\u00e7in ge\u00e7erlidir; herhangi bir reklamverenin \u00e7erez kullan\u0131m\u0131 i\u00e7in ge\u00e7erli de\u011fildir.<\/p>\n<p><strong>D\u0131\u015f Site Ba\u011flant\u0131lar\u0131<\/strong><br \/>Hizmetimiz, kontrol\u00fcm\u00fcz alt\u0131nda olmayan \u00fc\u00e7\u00fcnc\u00fc taraf web sitelerine ba\u011flant\u0131lar i\u00e7erebilir. \u00dc\u00e7\u00fcnc\u00fc taraf bir ba\u011flant\u0131ya t\u0131klarsan\u0131z \u00fc\u00e7\u00fcnc\u00fc taraf\u0131n web sitesine y\u00f6nlendirilirsiniz. Ziyaret etti\u011finiz her sitede okuman\u0131z gereken bir Gizlilik Politikas\u0131 ve \u015eartlar ve Ko\u015fullar bulunmal\u0131d\u0131r.<br \/>\u0130\u00e7erikleri, gizlilik politikalar\u0131 veya uygulamalar\u0131 da dahil olmak \u00fczere \u00fc\u00e7\u00fcnc\u00fc taraf siteleri, \u00fcr\u00fcnleri veya hizmetleri \u00fczerinde hi\u00e7bir kontrol\u00fcm\u00fcz yoktur ve bunlar i\u00e7in hi\u00e7bir sorumluluk kabul etmiyoruz.<\/p>\n<p><strong>Ki\u015fisel Olarak Tan\u0131mlay\u0131c\u0131 Baz\u0131 Bilgilerin Korunmas\u0131<\/strong><br \/>Xalam Tours &#8211; Xavaria Experience, potansiyel olarak ki\u015fisel olarak tan\u0131mlay\u0131c\u0131 ve ki\u015fisel olarak tan\u0131mlay\u0131c\u0131 bilgileri yaln\u0131zca Xalam Tours &#8211; Xavaria Experience ad\u0131na i\u015flemek veya Xalam Tours &#8211; Xavaria Experience&#8217;\u0131n web sitesinde mevcut hizmetleri sa\u011flamak i\u00e7in bu bilgileri bilmem gereken \u00e7al\u0131\u015fanlara, y\u00fcklenicilere ve ba\u011fl\u0131 kurulu\u015flara a\u00e7\u0131klar ve (ii) ba\u015fkalar\u0131na if\u015fa etmemeyi kabul etmi\u015flerdir. Bu i\u015f\u00e7ilerden, y\u00fcklenicilerden ve ba\u011fl\u0131 kurulu\u015flardan baz\u0131lar\u0131 kendi \u00fclkenizin d\u0131\u015f\u0131nda yerle\u015fik olabilir; Xalam Tours &#8211; Xavaria Experience web sitesini kullanarak bu bilgilerin onlara aktar\u0131lmas\u0131n\u0131 kabul etmi\u015f olursunuz. Xalam Tours &#8211; Xavaria Experience, ki\u015fisel olarak tan\u0131mlay\u0131c\u0131 veya potansiyel olarak ki\u015fisel olarak tan\u0131mlay\u0131c\u0131 bilgileri kimseye kiralamaz veya satmaz. Xalam Tours &#8211; Xavaria Experience, potansiyel olarak ki\u015fisel olarak tan\u0131mlay\u0131c\u0131 ve ki\u015fisel olarak tan\u0131mlay\u0131c\u0131 bilgileri yaln\u0131zca bir mahkeme celbi, mahkeme emri veya di\u011fer resmi taleplere yan\u0131t olarak veya Xalam Tours &#8211; Xavaria Experience, Xalam Tours &#8211; Xavaria Experience&#8217;\u0131n m\u00fclkiyetini veya haklar\u0131n\u0131 korumak i\u00e7in if\u015fan\u0131n makul \u00f6l\u00e7\u00fcde gerekli oldu\u011funa iyi niyetle inand\u0131\u011f\u0131nda a\u00e7\u0131klar. \u00fc\u00e7\u00fcnc\u00fc \u015fah\u0131slar veya genel olarak kamu. https: adresinin kay\u0131tl\u0131 bir kullan\u0131c\u0131s\u0131 olarak e-posta adresinizi verdiyseniz, Xalam Tours &#8211; Xavaria Experience sizi yeni \u00f6zellikler hakk\u0131nda bilgilendirmek, geri bildiriminizi toplamak veya sadece Xalam Tours &#8211; Xavaria Experience ve \u00fcr\u00fcnlerimizde neler olup bitti\u011fi hakk\u0131nda sizi bilgilendirmek i\u00e7in zaman zaman size bir e-posta g\u00f6nderebilir. Bu t\u00fcr bilgileri genellikle blogumuz arac\u0131l\u0131\u011f\u0131yla yay\u0131yoruz, bu nedenle \u00e7ok az say\u0131da e-posta g\u00f6ndermeyi planl\u0131yoruz. Bize bir talep g\u00f6nderirseniz (\u00f6rne\u011fin, bir destek e-postas\u0131 veya geri bildirim sistemlerimizden biri arac\u0131l\u0131\u011f\u0131yla), talebinizi a\u00e7\u0131klamak veya yan\u0131tlamak ve di\u011fer kullan\u0131c\u0131lar\u0131 daha iyi desteklemek i\u00e7in bunu yay\u0131nlama hakk\u0131n\u0131 sakl\u0131 tutar\u0131z. Xalam Tours &#8211; Xavaria Experience, potansiyel olarak ki\u015fisel olarak tan\u0131mlay\u0131c\u0131 ve ki\u015fisel olarak tan\u0131mlay\u0131c\u0131 bilgileri yetkisiz eri\u015fim, kullan\u0131m, de\u011fi\u015fiklik veya imhadan korumak i\u00e7in t\u00fcm makul \u00f6nlemleri al\u0131r.<\/p>\n<p><strong>Toplu \u0130statistikler<\/strong><br \/>Xalam Tours &#8211; Xavaria Experience, kullan\u0131c\u0131lar\u0131n web sitesini nas\u0131l kulland\u0131klar\u0131 hakk\u0131nda bilgi toplayabilir. Xalam Tours &#8211; Xavaria Experience bu bilgileri kamuya a\u00e7\u0131k hale getirebilir veya ba\u015fkalar\u0131yla payla\u015fabilir. Xalam Tours &#8211; Xavaria Experience ise ki\u015fisel olarak tan\u0131mlanabilir bilgilerinizin hi\u00e7birini if\u015fa etmez.<\/p>\n<p><strong>\u00c7erezler<\/strong><br \/>Xalam Tours &#8211; Xavaria Experience, \u00e7evrimi\u00e7i deneyiminizi geli\u015ftirmek ve m\u00fckemmelle\u015ftirmek amac\u0131yla size \u00f6zel bilgileri, uygun reklamlar\u0131 g\u00f6r\u00fcnt\u00fclemek ve tercihlerinizi bilgisayar\u0131n\u0131za kaydetmek i\u00e7in ba\u015fkalar\u0131 taraf\u0131ndan sunulan &#8220;\u00c7erezler&#8221;, benzer teknolojiler ve hizmetler kullan\u0131r. \u00c7erez, bir web sitesinin ziyaret\u00e7inin bilgisayar\u0131na kaydetti\u011fi ve ziyaret\u00e7inin taray\u0131c\u0131s\u0131n\u0131n ziyaret\u00e7i her geri geldi\u011finde web sitesine geri g\u00f6nderdi\u011fi bir veri par\u00e7as\u0131d\u0131r. Xalam Tours &#8211; Xavaria Experience, ziyaret\u00e7ileri tan\u0131mlamak ve izlemek, ayr\u0131ca https: kullan\u0131mlar\u0131n\u0131 ve web sitesi eri\u015fim tercihlerini belirlemek i\u00e7in \u00e7erezleri kullan\u0131r. Xalam Tours &#8211; Xavaria Experience web sitelerinin bilgisayarlar\u0131na \u00e7erez y\u00fcklenmesini istemeyen ziyaret\u00e7ileri, taray\u0131c\u0131lar\u0131n\u0131 \u00e7erezleri kullanmadan \u00f6nce reddedecek \u015fekilde yap\u0131land\u0131rabilirler, ancak Xalam Tours &#8211; Xavaria Experience web sitelerinin baz\u0131 b\u00f6l\u00fcmleri \u00e7erezler olmadan d\u00fczg\u00fcn \u00e7al\u0131\u015fmayabilir. \u00c7erez ayarlar\u0131n\u0131z\u0131 de\u011fi\u015ftirmeden web sitemizde gezinmeye devam ederek Xalam Tours &#8211; Xavaria Experience&#8217;\u0131n \u00e7erez kullan\u0131m\u0131n\u0131 kabul etmi\u015f ve onaylam\u0131\u015f olursunuz.<\/p>\n<p><strong>E-ticaret<\/strong><br \/>Xalam Tours &#8211; Xavaria Experience ile i\u015flem yapanlardan &#8211; Xalam Tours &#8211; Xavaria Experience&#8217;\u0131n hizmetlerini veya mallar\u0131n\u0131 sat\u0131n alarak &#8211; uygunsa ki\u015fisel ve finansal bilgiler de dahil olmak \u00fczere ek bilgiler sa\u011flamalar\u0131 istenir. Her durumda, Xalam Tours &#8211; Xavaria Experience bu t\u00fcr bilgileri yaln\u0131zca ziyaret\u00e7inin Xalam Tours &#8211; Xavaria Experience ile ili\u015fkisinin ba\u015far\u0131l\u0131 olmas\u0131 i\u00e7in gerekli veya uygun oldu\u011fu \u00f6l\u00e7\u00fcde toplar. Burada belirtilenler d\u0131\u015f\u0131nda, Xalam Tours &#8211; Xavaria Experience ki\u015fisel olarak tan\u0131mlay\u0131c\u0131 bilgileri payla\u015fmaz. Ziyaret\u00e7iler ayr\u0131ca ki\u015fisel olarak tan\u0131mlay\u0131c\u0131 bilgileri vermeyi reddedebilir, ancak bunu yapmalar\u0131 web sitesiyle ilgili baz\u0131 faaliyetlere kat\u0131lmalar\u0131n\u0131 engelleyebilir.<\/p>\n<p><strong>Gizlilik Politikalar\u0131ndaki De\u011fi\u015fiklikler<\/strong><br \/>\u00c7o\u011fu de\u011fi\u015fikli\u011fin k\u00fc\u00e7\u00fck olmas\u0131 muhtemel olsa da, Xalam Tours &#8211; Xavaria Experience, Gizlilik Politikas\u0131n\u0131 istedi\u011fi zaman ve tamamen kendi takdirine ba\u011fl\u0131 olarak de\u011fi\u015ftirme hakk\u0131n\u0131 sakl\u0131 tutar. Xalam Tours &#8211; Xavaria Experience, ziyaret\u00e7ilerini Gizlilik Politikas\u0131ndaki g\u00fcncellemeler i\u00e7in d\u00fczenli olarak bu sayfay\u0131 incelemeye davet eder. Bu Gizlilik Politikas\u0131nda yap\u0131lan herhangi bir de\u011fi\u015fiklikten sonra bu siteyi kullanmaya devam ederseniz, de\u011fi\u015fiklikleri kabul etmi\u015f olursunuz.<\/p>\n\t\t\t\t\t\t\t\t<\/div>\n\t\t\t\t<\/div>\n\t\t\t\t\t<\/div>\n\t\t\t\t<\/div>\n\t\t\t\t<\/div>\n\t\t","protected":false},"excerpt":{"rendered":"<p>Xalam Tours &#8211; Xavaria Experience adresinde bulunuyor:Slotermeerlaan 581064 HC AmsterdamHollanda Xalam Tours &#8211; Xavaria Experience, web sitemizi kullan\u0131rken gizlili\u011finizi korumay\u0131 taahh\u00fct eder. Bu Gizlilik Bildirimi www.xalamtours.com (bundan b\u00f6yle &#8220;biz&#8221;, &#8220;bize&#8221; veya &#8220;www.xalam.nl&#8221; olarak an\u0131lacakt\u0131r) i\u00e7in ge\u00e7erlidir. Gizlili\u011finize de\u011fer veriyoruz ve Web Sitesinde if\u015fa etti\u011finiz ki\u015fisel olarak tan\u0131mlanabilir bilgileri korumaya kararl\u0131y\u0131z. Bu gizlilik politikas\u0131 (&#8220;Gizlilik Politikas\u0131&#8221;), [&hellip;]<\/p>\n","protected":false},"author":1,"featured_media":14650,"parent":0,"menu_order":0,"comment_status":"closed","ping_status":"closed","template":"elementor_theme","meta":{"footnotes":""},"class_list":["post-14692","page","type-page","status-publish","has-post-thumbnail","hentry"],"_links":{"self":[{"href":"https:\/\/www.xalam.nl\/tr\/wp-json\/wp\/v2\/pages\/14692","targetHints":{"allow":["GET"]}}],"collection":[{"href":"https:\/\/www.xalam.nl\/tr\/wp-json\/wp\/v2\/pages"}],"about":[{"href":"https:\/\/www.xalam.nl\/tr\/wp-json\/wp\/v2\/types\/page"}],"author":[{"embeddable":true,"href":"https:\/\/www.xalam.nl\/tr\/wp-json\/wp\/v2\/users\/1"}],"replies":[{"embeddable":true,"href":"https:\/\/www.xalam.nl\/tr\/wp-json\/wp\/v2\/comments?post=14692"}],"version-history":[{"count":2,"href":"https:\/\/www.xalam.nl\/tr\/wp-json\/wp\/v2\/pages\/14692\/revisions"}],"predecessor-version":[{"id":17704,"href":"https:\/\/www.xalam.nl\/tr\/wp-json\/wp\/v2\/pages\/14692\/revisions\/17704"}],"wp:featuredmedia":[{"embeddable":true,"href":"https:\/\/www.xalam.nl\/tr\/wp-json\/wp\/v2\/media\/14650"}],"wp:attachment":[{"href":"https:\/\/www.xalam.nl\/tr\/wp-json\/wp\/v2\/media?parent=14692"}],"curies":[{"name":"wp","href":"https:\/\/api.w.org\/{rel}","templated":true}]}}