{"id":14682,"date":"2023-05-04T19:44:26","date_gmt":"2023-05-04T19:44:26","guid":{"rendered":"https:\/sartlar-ve-kosullar\/"},"modified":"2024-05-01T11:58:40","modified_gmt":"2024-05-01T11:58:40","slug":"sartlar-ve-kosullar","status":"publish","type":"page","link":"https:\/\/www.xalam.nl\/tr\/sartlar-ve-kosullar\/","title":{"rendered":"\u015eartlar ve Ko\u015fullar"},"content":{"rendered":"\t\t<div data-elementor-type=\"wp-page\" data-elementor-id=\"14682\" class=\"elementor elementor-14682 elementor-10184\" data-elementor-post-type=\"page\">\n\t\t\t\t<div class=\"elementor-element elementor-element-985f818 e-con-full e-flex e-con e-parent\" data-id=\"985f818\" data-element_type=\"container\" data-e-type=\"container\">\n\t\t\t\t<div class=\"elementor-element elementor-element-909dde2 elementor-widget elementor-widget-text-editor\" data-id=\"909dde2\" data-element_type=\"widget\" data-e-type=\"widget\" data-widget_type=\"text-editor.default\">\n\t\t\t\t<div class=\"elementor-widget-container\">\n\t\t\t\t\t\t\t\t\t<p><strong><a href=\"https:\/tr\/\">WWW.XALAMTOURS.COM \/ WWW.XALAM.NL<\/a> WEB SITESI I\u00c7IN KULLANIM \u015eARTLARI VE KO\u015eULLARI \u015eUNLARDIR<\/strong><\/p>\n<p><strong>\u015eirket Detaylar\u0131:<\/strong><br \/>\u015eirket ad\u0131: XALAM B.V.<br \/>Ticari isim(ler): Xalam Turlar\u0131 &#8211; Xavaria Deneyimi &#8211; Hollanda Deneyimi &#8211; Xalam \u00d6zel Turlar\u0131<br \/>Adres Slotermeerlaan 58 &#8211; 1064 HC Amsterdam &#8211; Hollanda<br \/>Telefon numaras\u0131: +31 645 42 61 61<br \/>E-posta adresi: hello@<br \/>KDV kimlik numaras\u0131: NL866359825B01<br \/>Ticaret Odas\u0131 numaras\u0131: 93333986<\/p>\n<p>Web sitesine eri\u015fim ve kullan\u0131m ko\u015fullar\u0131n\u0131 tan\u0131mlad\u0131klar\u0131 i\u00e7in l\u00fctfen a\u015fa\u011f\u0131daki \u015fartlar\u0131 dikkatlice okuyun.<\/p>\n<p><strong>MADDE 01 &#8211; TANIMLAR<\/strong><\/p>\n<ul>\n<li>&#8220;Kullan\u0131m h\u00fck\u00fcm ve ko\u015fullar\u0131&#8221; ifadesi, kullan\u0131c\u0131n\u0131n bu web sitesini kullan\u0131m\u0131n\u0131 d\u00fczenleyen h\u00fck\u00fcm ve ko\u015fullar\u0131 ifade eder.<\/li>\n<li>Bu web sitesi arac\u0131l\u0131\u011f\u0131yla sunulan i\u015flevler, cihazlar, uygulamalar, bilgiler ve di\u011fer hizmetler hizmetler olarak adland\u0131r\u0131l\u0131r.<\/li>\n<li>Xalam Tours &#8211; Xavaria Experience taraf\u0131ndan sahip olunan ve s\u00fcrd\u00fcr\u00fclen <strong>www.xalamtours.com \/ www.xalam.nl<\/strong> alan ad\u0131 ile tan\u0131mlanan sayfalar bir web sitesi olarak an\u0131l\u0131r.<\/li>\n<li>Bu web sitesini ziyaret eden ve\/veya kullanan her birey kullan\u0131c\u0131 olarak adland\u0131r\u0131l\u0131r.<\/li>\n<li>Mesajlar, veriler, bilgiler, metinler ve reklamlar da dahil olmak \u00fczere di\u011fer materyaller i\u00e7erik\/ler olarak adland\u0131r\u0131l\u0131r.<\/li>\n<\/ul>\n<p><strong>MADDE 02 &#8211; KULLANICININ XALAM TOURS I\u0307LE I\u0307LI\u0307\u015eKI\u0307SI\u0307 &#8211; XAVARIA DENEYI\u0307MI\u0307<\/strong><\/p>\n<p>Kullan\u0131c\u0131, web sitesine eri\u015ferek, g\u00f6z atarak veya ba\u015fka bir \u015fekilde kullanarak, kullan\u0131m h\u00fck\u00fcm ve ko\u015fullar\u0131n\u0131n yan\u0131 s\u0131ra kullan\u0131m h\u00fck\u00fcm ve ko\u015fullar\u0131n\u0131n ilgili oldu\u011fu di\u011fer h\u00fck\u00fcmler veya y\u00f6nergeler ile gelecekteki de\u011fi\u015fikliklere ba\u011fl\u0131 kalmay\u0131 kabul eder. Kullan\u0131c\u0131, daha sonraki de\u011fi\u015fiklikler de dahil olmak \u00fczere yukar\u0131da belirtilenlerle ba\u011fl\u0131 olmay\u0131 kabul etmiyorsa, web sitesine herhangi bir \u015fekilde eri\u015fmemeli, gezinmemeli veya kullanmamal\u0131d\u0131r.<\/p>\n<p>Xalam Tours &#8211; Xavaria Experience, web sitesinde at\u0131fta bulunulan herhangi bir h\u00fck\u00fcm ve\/veya y\u00f6nerge de dahil olmak \u00fczere, kullan\u0131m h\u00fck\u00fcm ve ko\u015fullar\u0131nda yer alan h\u00fck\u00fcmlerden herhangi birini kendi takdirine ba\u011fl\u0131 olarak entegre etme veya de\u011fi\u015ftirme hakk\u0131n\u0131 sakl\u0131 tutar.<\/p>\n<p>D\u00fczenlemeler ve entegrasyonlar, de\u011fi\u015fiklik ve\/veya entegrasyon bildirimi ile birlikte web sitesinde yay\u0131nland\u0131ktan sonra y\u00fcr\u00fcrl\u00fc\u011fe girecektir. Kullan\u0131c\u0131lar\u0131n d\u00fczenlemelere uymay\u0131 onaylad\u0131klar\u0131, bunlar\u0131 g\u00f6rmemi\u015f olsalar bile, yukar\u0131da belirtilen bildirimin yay\u0131nlanmas\u0131n\u0131 takiben web sitesini kullanmalar\u0131 ile ima edilecektir. Sonu\u00e7 olarak, kullan\u0131c\u0131, web sitesinin kullan\u0131m\u0131n\u0131 y\u00f6neten h\u00fck\u00fcm ve ko\u015fullar\u0131n fark\u0131nda oldu\u011fundan emin olmak i\u00e7in kullan\u0131m h\u00fck\u00fcm ve ko\u015fullar\u0131n\u0131 d\u00fczenli olarak okumal\u0131d\u0131r.<\/p>\n<p><strong>MADDE 03 &#8211; KULLANICININ EYLEMLERI\u0307NE I\u0307LI\u0307\u015eKI\u0307N SORUMLULU\u011eU<\/strong><\/p>\n<p>Kullan\u0131c\u0131, Xalam Tours &#8211; Xavaria Experience&#8217;\u0131, kullan\u0131c\u0131n\u0131n davran\u0131\u015f\u0131ndan, hizmet \u015fartlar\u0131n\u0131 ihlal etmesinden veya \u00fc\u00e7\u00fcnc\u00fc bir taraf\u0131n haklar\u0131n\u0131 ihlal etmesinden kaynaklanan herhangi bir \u00fc\u00e7\u00fcnc\u00fc taraf iddias\u0131, eylemi, talep kayb\u0131 veya hasar\u0131ndan (yasal masraflar dahil) serbest b\u0131rakmay\u0131 ve tazmin etmeyi taahh\u00fct eder.<\/p>\n<p><strong>MADDE 04 &#8211; \u00dcR\u00dcNLERI\u0307N, MODI\u0307FI\u0307KASYONLARIN VE DE\u011eI\u0307\u015eI\u0307KLI\u0307KLERI\u0307N GE\u00c7ERLI\u0307LI\u0307\u011eI\u0307<\/strong><\/p>\n<p>Xalam Tours &#8211; Xavaria Experience&#8217; \u00fcr\u00fcnleri sadece <strong>www.xalamtours.com \/ www.xalam.nl<\/strong> adresinde g\u00f6sterilen tarih ve saatler i\u00e7in ge\u00e7erlidir. Xalam Tours &#8211; Xavaria Experience, do\u011frudan sunmad\u0131\u011f\u0131 hi\u00e7bir bilgiden sorumlu veya y\u00fck\u00fcml\u00fc de\u011fildir.<\/p>\n<p>Xalam Tours &#8211; Xavaria Experience M\u00fc\u015fteri Hizmetleri ile rezervasyon de\u011fi\u015fiklikleri veya d\u00fczeltmeleri i\u00e7in hello@ adresinden e-posta yoluyla ileti\u015fime ge\u00e7ilmelidir.<\/p>\n<p>Talebiniz M\u00fc\u015fteri Hizmetleri personelimiz taraf\u0131ndan planlanan tur tarihinizden k\u0131rk sekiz (72) saatten daha uzun bir s\u00fcre \u00f6nce iletilirse, Xalam Tours &#8211; Xavaria Experience mevcut bir rezervasyonun tarihlerini veya saatlerini ayarlamak veya de\u011fi\u015ftirmek i\u00e7in \u00fccret talep etmez. Bu k\u0131lavuz, baz\u0131 istisnalar olsa da gezilerimizin \u00e7o\u011fu i\u00e7in ge\u00e7erlidir.<\/p>\n<p>Tarih \/ saat de\u011fi\u015fikli\u011fi talep ederseniz, Xalam Tours &#8211; Xavaria Experience sizi kar\u015f\u0131lamak i\u00e7in her t\u00fcrl\u00fc \u00e7abay\u0131 g\u00f6sterecektir; ancak, t\u00fcm talepler ve revizyonlar m\u00fcsaitlik durumuna ba\u011fl\u0131 oldu\u011fundan tarih \/ saat de\u011fi\u015fikli\u011fi talepleri garanti edilemez.<\/p>\n<p>Xalam Tours &#8211; Xavaria Experience, <strong>www.xalamtours.com<\/strong> \/ <strong>www.xalam.nl<\/strong> \u00fczerinden rezervasyon yapt\u0131\u011f\u0131n\u0131z herhangi bir seyahati herhangi bir zamanda ve herhangi bir nedenle iptal etme, de\u011fi\u015ftirme veya ikame etme hakk\u0131n\u0131 sakl\u0131 tutar. Bu gibi durumlarda sa\u011flanan alternatiflerden memnun kalmazsan\u0131z, orijinal sat\u0131n alma fiyat\u0131n\u0131n tamam\u0131n\u0131 geri alma hakk\u0131na sahipsiniz.<\/p>\n<p><strong>MADDE 05 &#8211; FI\u0307YATLAR \/ TEKLI\u0307FLER<\/strong><\/p>\n<ul>\n<li>Xalam Tours &#8211; Xavaria Experience taraf\u0131ndan yap\u0131lan t\u00fcm teklifler zorunluluk ta\u015f\u0131maz ve Xalam Tours &#8211; Xavaria Experience, \u00f6zellikle yasalar veya di\u011fer d\u00fczenlemeler gerektirdi\u011fi takdirde fiyatlar\u0131 de\u011fi\u015ftirme hakk\u0131n\u0131 sakl\u0131 tutar.<\/li>\n<li>T\u00fcm fiyatlar KDV dahil Euro cinsinden belirtilmi\u015ftir.<\/li>\n<li>Baz\u0131 durumlarda promosyonel fiyatland\u0131rma uygulan\u0131r. Bu fiyatlar belirtilen zaman aral\u0131\u011f\u0131nda ve stoklar t\u00fckenene kadar ge\u00e7erlidir. Belirtilen s\u00fcreden \u00f6nce veya sonra bu fiyatlar \u00fczerinde herhangi bir hak bulunmamaktad\u0131r.<\/li>\n<li>Xalam Tours &#8211; Xavaria Experience, bariz tipografik veya yay\u0131n hatalar\u0131ndan kaynaklananlar gibi a\u00e7\u0131k\u00e7a yanl\u0131\u015f fiyat g\u00f6stergelerinden sorumlu tutulamaz. Yanl\u0131\u015f fiyat bilgisi herhangi bir yasal hak sa\u011flamaz.<\/li>\n<li>Her rezervasyon i\u00e7in, miktar etkinli\u011fe ba\u011fl\u0131 olmak \u00fczere, y\u00fczdeye dayal\u0131 bir rezervasyon \u00fccreti al\u0131nacakt\u0131r.<\/li>\n<\/ul>\n<p><strong>MADDE 06 &#8211; \u00d6DEMELER, I\u0307ADELER VE I\u0307PTALLER<\/strong><\/p>\n<ul>\n<li>T\u00fcm b\u00fcy\u00fck kredi kartlar\u0131, PayPal, iDEAL ve di\u011fer \u00f6deme y\u00f6ntemleri Xalam Tours &#8211; Xavaria Experience taraf\u0131ndan kabul edilmektedir.<\/li>\n<li>Rezervasyon yapmak i\u00e7in \u00f6deme sa\u011flay\u0131c\u0131m\u0131zdan \u00f6demenin tamam\u0131n\u0131 almam\u0131z gerekmektedir.<\/li>\n<li>Xalam Tours &#8211; Xavaria Experience ile yapt\u0131\u011f\u0131n\u0131z bir rezervasyonu iptal ederseniz, Xalam Tours &#8211; Xavaria Experience taraf\u0131ndan sizden bir iptal \u00fccreti talep edilebilir. Bir rezervasyonu iptal etti\u011finizde, iptal i\u015flemini ve iptal \u00fccretlerini onaylayan bir e-posta alacaks\u0131n\u0131z.<\/li>\n<li>Seyahat tutar\u0131n\u0131n tamam\u0131 i\u00e7in (rezervasyon \u00fccreti hari\u00e7) bir kredi \u00e7eki\/iade almak i\u00e7in, iptallerin turdan en az 48 saat \u00f6nce hello@ adresine e-posta yoluyla g\u00f6nderilmesi gerekmektedir. Bu kupon, kuponun d\u00fczenlenmesinden sonraki 12 ay boyunca herhangi bir Xalam Tours &#8211; Xavaria Experience turu \/ turlar\u0131 i\u00e7in \u00f6deme veya k\u0131smi \u00f6deme olarak ge\u00e7erli olacakt\u0131r. \u0130adesiz turlar ve ayr\u0131 bir iptal politikas\u0131 olan turlar bu kuraldan muaft\u0131r.<\/li>\n<li>Kalk\u0131\u015f tarihinden bir hafta ile 48 saat \u00f6ncesi aras\u0131nda iptal: Toplam tutar\u0131n %50&#8217;si art\u0131 uygulanabilecek idari \u00fccretler.<\/li>\n<li>Tura 48 saat kala yap\u0131lan iptallerde kredi kullan\u0131lmayacakt\u0131r.<\/li>\n<li>Bir tur ba\u015flad\u0131ktan sonra \/ No-show, bunun i\u00e7in kredi alma imkan\u0131 yoktur<\/li>\n<\/ul>\n<p><strong>MADDE 07 &#8211; SORUMLULUK SINIRLAMALARI VE FERAGATNAMELER<\/strong><\/p>\n<p>Xalam Tours &#8211; Xavaria Experience, a\u015fa\u011f\u0131daki kay\u0131p veya zararlardan (bu kay\u0131plar\u0131n \u00f6ng\u00f6r\u00fclm\u00fc\u015f, \u00f6ng\u00f6r\u00fclebilir, bilinir veya ba\u015fka bir \u015fekilde olup olmad\u0131\u011f\u0131na bak\u0131lmaks\u0131z\u0131n) hi\u00e7birinden sorumlu olmayacakt\u0131r:<\/p>\n<ul>\n<li>Bir veri kayb\u0131 var.<\/li>\n<li>Gelir veya k\u00e2rda bir azalma beklenmektedir.<\/li>\n<li>Gelirde bir d\u00fc\u015f\u00fc\u015f.<\/li>\n<li>Bo\u015fa harcanan bir \u015fans<\/li>\n<li>Ki\u015finin itibar\u0131n\u0131n zedelenmesi veya iyi niyet kayb\u0131.<\/li>\n<li>\u00dc\u00e7\u00fcnc\u00fc taraf kay\u0131plar\u0131n\u0131n yan\u0131 s\u0131ra, eylem \u015fekli ne olursa olsun, web sitesinin kullan\u0131m\u0131ndan kaynaklanan her t\u00fcrl\u00fc dolayl\u0131, dolayl\u0131, \u00f6zel veya \u00f6rnek te\u015fkil eden zararlar.<\/li>\n<\/ul>\n<p>Xalam Tours &#8211; Xavaria Experience, hastal\u0131k, su\u00e7, i\u015f \u00e7at\u0131\u015fmalar\u0131, mekanik ar\u0131za, h\u00fck\u00fcmet k\u0131s\u0131tlamalar\u0131, sava\u015f ve \/ veya ter\u00f6r eylemleri, hava ko\u015fullar\u0131, herhangi bir ula\u015f\u0131m modundaki kusurlar veya kendi kontrolleri d\u0131\u015f\u0131ndaki herhangi bir nedenden kaynaklanan herhangi bir talihsizlik veya kaza i\u00e7in sorumluluk kabul etmez. Bu, a\u015fa\u011f\u0131dakileri i\u00e7erir, ancak bunlarla s\u0131n\u0131rl\u0131 de\u011fildir:<\/p>\n<ul>\n<li>Xalam Tours &#8211; Xavaria Experience turlar\u0131n\u0131n ziyaret etti\u011fi mekanlar\u0131n kapanmas\u0131, kapanman\u0131n Xalam Tours &#8211; Xavaria Experience&#8217;\u0131n kontrol\u00fc d\u0131\u015f\u0131nda oldu\u011fu veya Xalam Tours &#8211; Xavaria Experience&#8217;\u0131n m\u00fc\u015fterileri bilgilendirmek i\u00e7in yeterli s\u00fcreyle Mekan taraf\u0131ndan bilgilendirilmedi\u011fi durumlarda, bu durum sert hava ko\u015fullar\u0131, g\u00f6steriler ve protestolar veya sadece mekan\u0131n son dakika karar\u0131 nedeniyle olabilir.<\/li>\n<li>Turumuzun trafik s\u0131k\u0131\u015f\u0131kl\u0131\u011f\u0131, \u015fiddetli hava ko\u015fullar\u0131, g\u00f6steriler ve protestolar nedeniyle belirli an\u0131tlar\u0131\/alanlar\u0131 ve\/veya mekanlar\u0131 ziyaret edememesi veya alan\u0131n restore edilmesi\/in\u015faat halinde olmas\u0131 veya kamuya kapal\u0131\/engelli olmas\u0131.<\/li>\n<\/ul>\n<p>M\u00fccbir sebep durumunda, Xalam Tours &#8211; Xavaria Experience, sahip olabilece\u011fi di\u011fer haklara halel getirmeksizin, sipari\u015finizin uygulanmas\u0131n\u0131 ask\u0131ya alma veya yasal m\u00fcdahale olmaks\u0131z\u0131n s\u00f6zle\u015fmeyi feshetme hakk\u0131na sahiptir, bunu size yaz\u0131l\u0131 olarak bildirerek ve Xalam Tours &#8211; Xavaria Experience herhangi bir zarar tazminat\u0131 \u00f6demekle y\u00fck\u00fcml\u00fc olmaks\u0131z\u0131n, mevcut ko\u015fullarda bu, ge\u00e7erli t\u00fcm yasalara uygun olarak kabul edilemez olmad\u0131k\u00e7a.<\/p>\n<p>M\u00fccbir sebep, Xalam Tours &#8211; Xavaria Experience&#8217;a atfedilemeyecek herhangi bir ar\u0131za olarak tan\u0131mlan\u0131r \u00e7\u00fcnk\u00fc Xalam Tours &#8211; Xavaria Experience&#8217;a y\u00fcklenemez veya yasa, yasal i\u015flem veya genel olarak kabul edilen g\u00f6r\u00fc\u015fler taraf\u0131ndan onun sorumlulu\u011fu olarak kabul edilemez.<\/p>\n<p><strong>  MADDE 08 &#8211; \u015eI\u0307KAYETLER<\/strong><\/p>\n<p>Bir \u015fikayet m\u00fc\u015fterinin g\u00f6r\u00fc\u015f\u00fcne g\u00f6re tatmin edici bir \u015fekilde \u00e7\u00f6z\u00fclmezse, Xalam Tours &#8211; Xavaria Experience 72 saat i\u00e7inde ge\u00e7erli gerek\u00e7elerle hello@ adresine e-posta yoluyla bildirilmelidir.<\/p>\n<p>Xalam Tours &#8211; Xavaria Experience ve m\u00fc\u015fteri aras\u0131ndaki t\u00fcm tart\u0131\u015fmalar i\u00e7in Hollanda haklar\u0131 ge\u00e7erlidir.<\/p>\n<p><strong>MADDE 09 &#8211; GERI\u0307 \u00c7EKI\u0307LME<\/strong><\/p>\n<p>Xalam Tours &#8211; Xavaria Experience, herhangi bir zamanda ve bildirimde bulunmaks\u0131z\u0131n kullan\u0131m \u015fart ve ko\u015fullar\u0131ndan \u00e7ekilme ve kullan\u0131c\u0131lar\u0131n web sitesine eri\u015fimini reddetme hakk\u0131na sahiptir.<\/p>\n<p><strong>MADDE 10 &#8211; Y\u00dcR\u00dcRL\u00dcKTEKI\u0307 KANUNLAR VE HUKUK MAHKEMESI\u0307<\/strong><\/p>\n<p>\u0130\u015fbu H\u00fck\u00fcm ve Ko\u015fullarda veya Xalam Tours &#8211; Xavaria Experience ile yap\u0131lan di\u011fer herhangi bir s\u00f6zle\u015fmede yer alan h\u00fck\u00fcmlerden herhangi birinin y\u00fcr\u00fcrl\u00fckteki herhangi bir yasal d\u00fczenleme ile \u00e7eli\u015fmesi halinde, s\u00f6z konusu h\u00fck\u00fcm y\u00fcr\u00fcrl\u00fckten kald\u0131r\u0131lacak ve yerine Xalam Tours &#8211; Xavaria Experience taraf\u0131ndan belirlenen ve kanunen kabul edilebilir yeni bir kar\u015f\u0131la\u015ft\u0131r\u0131labilir h\u00fck\u00fcm getirilecektir.<\/p>\n<p>Xalam Tours &#8211; Xavaria Experience taraf\u0131ndan yap\u0131lan veya akdedilen t\u00fcm anla\u015fmalar Hollanda yasalar\u0131na tabidir. Bu anla\u015fmalar\u0131n bir sonucu olarak do\u011frudan veya dolayl\u0131 olarak ortaya \u00e7\u0131kan t\u00fcm anla\u015fmazl\u0131klar yaln\u0131zca Amsterdam Mahkemesi taraf\u0131ndan \u00e7\u00f6z\u00fclecektir.<\/p>\n\t\t\t\t\t\t\t\t<\/div>\n\t\t\t\t<\/div>\n\t\t\t\t<\/div>\n\t\t\t\t<\/div>\n\t\t","protected":false},"excerpt":{"rendered":"<p>WWW.XALAMTOURS.COM \/ WWW.XALAM.NL WEB SITESI I\u00c7IN KULLANIM \u015eARTLARI VE KO\u015eULLARI \u015eUNLARDIR \u015eirket Detaylar\u0131:\u015eirket ad\u0131: XALAM B.V.Ticari isim(ler): Xalam Turlar\u0131 &#8211; Xavaria Deneyimi &#8211; Hollanda Deneyimi &#8211; Xalam \u00d6zel Turlar\u0131Adres Slotermeerlaan 58 &#8211; 1064 HC Amsterdam &#8211; HollandaTelefon numaras\u0131: +31 645 42 61 61E-posta adresi: hello@KDV kimlik numaras\u0131: NL866359825B01Ticaret Odas\u0131 numaras\u0131: 93333986 Web sitesine eri\u015fim ve [&hellip;]<\/p>\n","protected":false},"author":1,"featured_media":14650,"parent":0,"menu_order":0,"comment_status":"closed","ping_status":"closed","template":"elementor_theme","meta":{"footnotes":""},"class_list":["post-14682","page","type-page","status-publish","has-post-thumbnail","hentry"],"_links":{"self":[{"href":"https:\/\/www.xalam.nl\/tr\/wp-json\/wp\/v2\/pages\/14682","targetHints":{"allow":["GET"]}}],"collection":[{"href":"https:\/\/www.xalam.nl\/tr\/wp-json\/wp\/v2\/pages"}],"about":[{"href":"https:\/\/www.xalam.nl\/tr\/wp-json\/wp\/v2\/types\/page"}],"author":[{"embeddable":true,"href":"https:\/\/www.xalam.nl\/tr\/wp-json\/wp\/v2\/users\/1"}],"replies":[{"embeddable":true,"href":"https:\/\/www.xalam.nl\/tr\/wp-json\/wp\/v2\/comments?post=14682"}],"version-history":[{"count":2,"href":"https:\/\/www.xalam.nl\/tr\/wp-json\/wp\/v2\/pages\/14682\/revisions"}],"predecessor-version":[{"id":17696,"href":"https:\/\/www.xalam.nl\/tr\/wp-json\/wp\/v2\/pages\/14682\/revisions\/17696"}],"wp:featuredmedia":[{"embeddable":true,"href":"https:\/\/www.xalam.nl\/tr\/wp-json\/wp\/v2\/media\/14650"}],"wp:attachment":[{"href":"https:\/\/www.xalam.nl\/tr\/wp-json\/wp\/v2\/media?parent=14682"}],"curies":[{"name":"wp","href":"https:\/\/api.w.org\/{rel}","templated":true}]}}