{"id":14676,"date":"2023-05-04T20:05:52","date_gmt":"2023-05-04T20:05:52","guid":{"rendered":"https:\/sorumluluk-reddi\/"},"modified":"2023-06-18T12:30:53","modified_gmt":"2023-06-18T12:30:53","slug":"sorumluluk-reddi","status":"publish","type":"page","link":"https:\/\/www.xalam.nl\/tr\/sorumluluk-reddi\/","title":{"rendered":"Sorumluluk Reddi"},"content":{"rendered":"\t\t<div data-elementor-type=\"wp-page\" data-elementor-id=\"14676\" class=\"elementor elementor-14676 elementor-10200\" data-elementor-post-type=\"page\">\n\t\t\t\t<div class=\"elementor-element elementor-element-a9ca056 e-flex e-con-boxed e-con e-parent\" data-id=\"a9ca056\" data-element_type=\"container\" data-e-type=\"container\">\n\t\t\t\t\t<div class=\"e-con-inner\">\n\t\t\t\t<div class=\"elementor-element elementor-element-8a53141 elementor-widget elementor-widget-text-editor\" data-id=\"8a53141\" data-element_type=\"widget\" data-e-type=\"widget\" data-widget_type=\"text-editor.default\">\n\t\t\t\t<div class=\"elementor-widget-container\">\n\t\t\t\t\t\t\t\t\t<h3>Sorumluluk reddi:<\/h3>\n<p>A\u015fa\u011f\u0131daki h\u00fck\u00fcm ve ko\u015fullar, bu web sitesini<strong>(www.xalamtours.com \/ www.xalam.nl)<\/strong> kullan\u0131m\u0131n\u0131z\u0131 y\u00f6netir. Bu web sitesini kullanarak kullan\u0131m ko\u015fullar\u0131n\u0131 okudu\u011funuz ve kabul etti\u011finiz varsay\u0131l\u0131r.<\/p>\n<p><strong>Bilgi Kullan\u0131m\u0131.<\/strong><br \/>Bu web sitesinde, Xalam Tours &#8211; Xavaria Experience do\u011fru ve g\u00fcncel bilgiler sa\u011flamaya \u00e7al\u0131\u015f\u0131r. Xalam Tours &#8211; Xavaria Experience, azami \u00f6zenle toplanm\u0131\u015f olsa bile, materyalin eksiksizli\u011fini, do\u011frulu\u011funu veya g\u00fcncelli\u011fini garanti etmez. Bu web sitesinde yer alan hukuki materyaller genel niteliktedir ve hukuki tavsiye olarak yorumlanmamal\u0131d\u0131r.<\/p>\n<p>Bu bilgiler herhangi bir hak elde etmek i\u00e7in kullan\u0131lamaz. Xalam Tours &#8211; Xavaria Experience, bilgilerin veya web sitesinin kullan\u0131m\u0131ndan kaynaklanan zararlar\u0131n yan\u0131 s\u0131ra web sitesinin etkin bir \u015fekilde \u00e7al\u0131\u015fmamas\u0131 nedeniyle t\u00fcm sorumlulu\u011fu reddeder.<br \/>Web sitesi \u00fczerinden veya e-posta yoluyla bilgi g\u00f6ndermek ve almak, Xalam Tours &#8211; Xavaria Experience ile web sitesi kullan\u0131c\u0131s\u0131 aras\u0131nda hemen bir ba\u011flant\u0131 kurmaz.<\/p>\n<p><strong>E-posta.<\/strong><br \/>E-postalar\u0131n zaman\u0131nda al\u0131nmas\u0131 garanti edilemeyece\u011finden, Xalam Tours &#8211; Xavaria Experience kendisine g\u00f6nderilen e-postalar\u0131n al\u0131naca\u011f\u0131 veya i\u015fleme konulaca\u011f\u0131 (zaman\u0131nda) konusunda s\u00f6z vermez. Beraberinde gelen g\u00fcvenlik endi\u015feleri nedeniyle, e-posta trafi\u011finin g\u00fcvenli\u011fi tam olarak garanti edilemez. Xalam Tours &#8211; Xavaria Experience ile \u015fifreleme veya parola korumas\u0131 olmayan e-posta \u00fczerinden ileti\u015fim kurarak bu riski kabul etmi\u015f olursunuz.<\/p>\n<p><strong>K\u00f6pr\u00fcler.<\/strong><br \/>Bu web sitesi \u00fc\u00e7\u00fcnc\u00fc taraf web sitelerine ba\u011flant\u0131lar i\u00e7erebilir. Xalam Tours &#8211; Xavaria Experience, \u00fc\u00e7\u00fcnc\u00fc taraf web sitelerinin kullan\u0131labilirli\u011fi veya i\u00e7eri\u011fi \u00fczerinde hi\u00e7bir kontrole sahip de\u011fildir ve bunlardan sorumlu de\u011fildir. Sonu\u00e7 olarak, Xalam Tours &#8211; Xavaria Experience \u00fc\u00e7\u00fcnc\u00fc taraf web sitelerinin kullan\u0131m\u0131ndan kaynaklanan herhangi bir zarar i\u00e7in sorumluluk kabul etmez.<\/p>\n<p><strong>Fikri M\u00fclkiyet Haklar\u0131.<\/strong><br \/>Bu web sitesinin amac\u0131, insanlara yararl\u0131 bulabilecekleri bilgiler sunmakt\u0131r. Aksi belirtilmedik\u00e7e, metin ve resimler dahil olmak \u00fczere bu web sitesinin i\u00e7eri\u011fi ve bunlar\u0131n d\u00fczenlemeleri ilgili sahiplerinin m\u00fclkiyetindedir. Yazar ya da sahipleri istese de, metni ya da foto\u011fraflar\u0131 silmekte sorun ya\u015fam\u0131yoruz. Bize bir e-posta g\u00f6nderirseniz ilgileniriz.<br \/>Dahil edilen t\u00fcm \u00fc\u00e7\u00fcnc\u00fc taraf i\u00e7erikleri adil kullan\u0131ma uygundur ve motive edici ve ilham verici nedenlerle ek ba\u011flam ve yorumlarla do\u011fas\u0131 gere\u011fi d\u00f6n\u00fc\u015ft\u00fcr\u00fcc\u00fcd\u00fcr. L\u00fctfen bizimle ileti\u015fime ge\u00e7in <u><br \/>\n  <a href=\"mailto:hello@,\">hello@,<\/a><br \/>\n<\/u> telif hakk\u0131yla korunan \u00e7al\u0131\u015fman\u0131z\u0131n ihlal edildi\u011fini d\u00fc\u015f\u00fcn\u00fcyorsan\u0131z.<\/p>\n\t\t\t\t\t\t\t\t<\/div>\n\t\t\t\t<\/div>\n\t\t\t\t\t<\/div>\n\t\t\t\t<\/div>\n\t\t\t\t<\/div>\n\t\t","protected":false},"excerpt":{"rendered":"<p>Sorumluluk reddi: A\u015fa\u011f\u0131daki h\u00fck\u00fcm ve ko\u015fullar, bu web sitesini(www.xalamtours.com \/ www.xalam.nl) kullan\u0131m\u0131n\u0131z\u0131 y\u00f6netir. Bu web sitesini kullanarak kullan\u0131m ko\u015fullar\u0131n\u0131 okudu\u011funuz ve kabul etti\u011finiz varsay\u0131l\u0131r. Bilgi Kullan\u0131m\u0131.Bu web sitesinde, Xalam Tours &#8211; Xavaria Experience do\u011fru ve g\u00fcncel bilgiler sa\u011flamaya \u00e7al\u0131\u015f\u0131r. Xalam Tours &#8211; Xavaria Experience, azami \u00f6zenle toplanm\u0131\u015f olsa bile, materyalin eksiksizli\u011fini, do\u011frulu\u011funu veya g\u00fcncelli\u011fini garanti [&hellip;]<\/p>\n","protected":false},"author":1,"featured_media":14650,"parent":0,"menu_order":0,"comment_status":"closed","ping_status":"closed","template":"elementor_theme","meta":{"footnotes":""},"class_list":["post-14676","page","type-page","status-publish","has-post-thumbnail","hentry"],"_links":{"self":[{"href":"https:\/\/www.xalam.nl\/tr\/wp-json\/wp\/v2\/pages\/14676","targetHints":{"allow":["GET"]}}],"collection":[{"href":"https:\/\/www.xalam.nl\/tr\/wp-json\/wp\/v2\/pages"}],"about":[{"href":"https:\/\/www.xalam.nl\/tr\/wp-json\/wp\/v2\/types\/page"}],"author":[{"embeddable":true,"href":"https:\/\/www.xalam.nl\/tr\/wp-json\/wp\/v2\/users\/1"}],"replies":[{"embeddable":true,"href":"https:\/\/www.xalam.nl\/tr\/wp-json\/wp\/v2\/comments?post=14676"}],"version-history":[{"count":1,"href":"https:\/\/www.xalam.nl\/tr\/wp-json\/wp\/v2\/pages\/14676\/revisions"}],"predecessor-version":[{"id":14677,"href":"https:\/\/www.xalam.nl\/tr\/wp-json\/wp\/v2\/pages\/14676\/revisions\/14677"}],"wp:featuredmedia":[{"embeddable":true,"href":"https:\/\/www.xalam.nl\/tr\/wp-json\/wp\/v2\/media\/14650"}],"wp:attachment":[{"href":"https:\/\/www.xalam.nl\/tr\/wp-json\/wp\/v2\/media?parent=14676"}],"curies":[{"name":"wp","href":"https:\/\/api.w.org\/{rel}","templated":true}]}}