{"id":14649,"date":"2023-05-04T20:03:57","date_gmt":"2023-05-04T20:03:57","guid":{"rendered":"https:\/cerezler\/"},"modified":"2023-06-18T12:29:55","modified_gmt":"2023-06-18T12:29:55","slug":"cerezler","status":"publish","type":"page","link":"https:\/\/www.xalam.nl\/tr\/cerezler\/","title":{"rendered":"\u00c7erezler"},"content":{"rendered":"\t\t<div data-elementor-type=\"wp-page\" data-elementor-id=\"14649\" class=\"elementor elementor-14649 elementor-10195\" data-elementor-post-type=\"page\">\n\t\t\t\t<div class=\"elementor-element elementor-element-c5cc1c9 e-flex e-con-boxed e-con e-parent\" data-id=\"c5cc1c9\" data-element_type=\"container\" data-e-type=\"container\">\n\t\t\t\t\t<div class=\"e-con-inner\">\n\t\t\t\t<div class=\"elementor-element elementor-element-4c8dcfc elementor-widget elementor-widget-text-editor\" data-id=\"4c8dcfc\" data-element_type=\"widget\" data-e-type=\"widget\" data-widget_type=\"text-editor.default\">\n\t\t\t\t<div class=\"elementor-widget-container\">\n\t\t\t\t\t\t\t\t\t<p><strong>Bu \u00e7erez politikas\u0131 hakk\u0131nda<\/strong><\/p>\n<p>Bu \u00c7erez Politikas\u0131 \u00e7erezleri tan\u0131mlar ve bunlar\u0131 nas\u0131l kulland\u0131\u011f\u0131m\u0131z\u0131 a\u00e7\u0131klar. \u00c7erezler, bunlar\u0131 nas\u0131l kulland\u0131\u011f\u0131m\u0131z, kulland\u0131\u011f\u0131m\u0131z bir\u00e7ok \u00e7erez t\u00fcr\u00fc, \u00e7erezleri kullanarak toplad\u0131\u011f\u0131m\u0131z bilgiler ve bunlar\u0131 nas\u0131l kulland\u0131\u011f\u0131m\u0131z ve \u00e7erez se\u00e7imlerinizi nas\u0131l y\u00f6netece\u011finiz hakk\u0131nda bilgi edinmek i\u00e7in bu politikay\u0131 okumal\u0131s\u0131n\u0131z. Ki\u015fisel verilerinizi nas\u0131l kulland\u0131\u011f\u0131m\u0131z, saklad\u0131\u011f\u0131m\u0131z ve korudu\u011fumuz hakk\u0131nda daha fazla bilgi i\u00e7in <a href=\"https:\/privacy-policy\/\">Gizlilik Politikam\u0131za<\/a> bak\u0131n.<\/p>\n<p>Web sitemizde, \u00c7erez Bildirimi&#8217;ne verdi\u011finiz onay\u0131 istedi\u011finiz zaman de\u011fi\u015ftirebilir veya geri \u00e7ekebilirsiniz.<\/p>\n<p>Gizlilik Politikam\u0131zda kim oldu\u011fumuz, bizimle nas\u0131l ileti\u015fime ge\u00e7ece\u011finiz ve ki\u015fisel verileri nas\u0131l ele ald\u0131\u011f\u0131m\u0131z hakk\u0131nda daha fazla bilgi edinebilirsiniz.<\/p>\n<p>Onay\u0131n\u0131z a\u015fa\u011f\u0131daki alan adlar\u0131 i\u00e7in ge\u00e7erlidir: <u><br \/>\n  <a href=\"https:\/tr\/\">www.xalamtours.com \/ www.xalam.nl<\/a><br \/>\n<\/u><\/p>\n<p><strong>Kurabiye nedir?<\/strong><\/p>\n<p>\u00c7erezler, k\u00fc\u00e7\u00fck miktarlarda veri kaydetmek i\u00e7in kullan\u0131lan k\u00fc\u00e7\u00fck metin dosyalar\u0131d\u0131r. Web sitesi taray\u0131c\u0131n\u0131za y\u00fcklendi\u011finde, \u00e7erezler cihaz\u0131n\u0131za kaydedilir. Bu \u00e7erezler, web sitesinin etkili bir \u015fekilde \u00e7al\u0131\u015fmas\u0131n\u0131 sa\u011flamam\u0131za, daha g\u00fcvenli hale getirmemize, daha iyi bir kullan\u0131c\u0131 deneyimi sunmam\u0131za ve web sitesinin nas\u0131l performans g\u00f6sterdi\u011fini, neyin i\u015fe yarad\u0131\u011f\u0131n\u0131 ve neyin iyile\u015ftirilmesi gerekti\u011fini analiz etmemize yard\u0131mc\u0131 olur.<\/p>\n<p><strong>\u00c7erezleri nas\u0131l kullan\u0131yoruz?<\/strong><\/p>\n<p>Web sitemiz, \u00e7o\u011fu \u00e7evrimi\u00e7i hizmet gibi, \u00e7e\u015fitli ama\u00e7lar i\u00e7in birinci taraf ve \u00fc\u00e7\u00fcnc\u00fc taraf \u00e7erezleri kullan\u0131r. Birinci taraf \u00e7erezlerin \u00e7o\u011fu web sitesinin d\u00fczg\u00fcn \u00e7al\u0131\u015fmas\u0131 i\u00e7in gereklidir ve ki\u015fisel olarak tan\u0131mlay\u0131c\u0131 herhangi bir bilgi toplamazlar.<\/p>\n<p>Web sitelerimizde kulland\u0131\u011f\u0131m\u0131z \u00fc\u00e7\u00fcnc\u00fc taraf \u00e7erezleri, \u00f6ncelikle web sitesinin nas\u0131l performans g\u00f6sterdi\u011fini, onunla nas\u0131l etkile\u015fimde bulundu\u011funuzu daha iyi anlamak, hizmetlerimizi g\u00fcvende tutmak, size alakal\u0131 reklamlar sunmak ve size daha iyi ve geli\u015fmi\u015f bir kullan\u0131c\u0131 deneyimi sa\u011flamak ve web sitemizle gelecekteki etkile\u015fimleri h\u0131zland\u0131rmaya yard\u0131mc\u0131 olmak i\u00e7in kullan\u0131l\u0131r.<\/p>\n<p><strong>Ne t\u00fcr \u00e7erezler kullan\u0131yoruz?<\/strong><\/p>\n<p><strong>\u00d6nemli<\/strong>: Sitemizi maksimum potansiyelde kullanabilmeniz i\u00e7in baz\u0131 \u00e7erezler gereklidir. Kullan\u0131c\u0131 oturumlar\u0131n\u0131 takip etmemizi ve g\u00fcvenlik risklerine kar\u015f\u0131 korunmam\u0131z\u0131 sa\u011flarlar. Ki\u015fisel bilgiler onlar taraf\u0131ndan toplanmaz veya saklanmaz. Bu \u00e7erezler, \u00f6rne\u011fin, hesab\u0131n\u0131za girmenizi, sepetinize bir \u015feyler eklemenizi ve g\u00fcvenli bir \u00f6deme i\u015flemini tamamlaman\u0131z\u0131 sa\u011flar.<\/p>\n<p><strong>\u0130statistikler:<\/strong> Bu \u00e7erezler, web sitesini ziyaret edenlerin say\u0131s\u0131, tekil ziyaret\u00e7ilerin say\u0131s\u0131, web sitesinin ziyaret edilen sayfalar\u0131, ziyaretin kayna\u011f\u0131 gibi verileri kaydeder. Bu istatistikler, web sitesinin ne kadar etkili \u00e7al\u0131\u015ft\u0131\u011f\u0131n\u0131 ve nerelerde iyile\u015ftirilebilece\u011fini belirlememize yard\u0131mc\u0131 olur.<\/p>\n<p><strong>Pazarlama: <\/strong>Reklamlar web sitemizde g\u00f6sterilmektedir. Bu \u00e7erezler, g\u00f6sterdi\u011fimiz reklamlar\u0131 ki\u015fiselle\u015ftirerek sizinle daha alakal\u0131 hale getirmek i\u00e7in kullan\u0131l\u0131r. Bu \u00e7erezler ayr\u0131ca reklam giri\u015fimlerimizin etkinli\u011fini izlememize de olanak tan\u0131r.<\/p>\n<p>\u00dc\u00e7\u00fcnc\u00fc taraf reklam sa\u011flay\u0131c\u0131lar\u0131, reklamlar\u0131n\u0131z\u0131 taray\u0131c\u0131 i\u00e7indeki di\u011fer web sitelerinde g\u00f6r\u00fcnt\u00fclemek i\u00e7in bu \u00e7erezlerde yer alan bilgileri kullanabilir.<\/p>\n<p><strong>\u0130\u015flevsel:<\/strong> Bunlar, web sitemizin baz\u0131 temel olmayan i\u015flevlerine yard\u0131mc\u0131 olan \u00e7erezlerdir. Bu \u00f6zellikler aras\u0131nda videolar gibi materyallerin yerle\u015ftirilmesi ve web sitesi i\u00e7eri\u011finin sosyal a\u011flarda payla\u015f\u0131lmas\u0131 yer almaktad\u0131r.<\/p>\n<p><strong>Tercihler:<\/strong> Bu \u00e7erezler, dil tercihleri gibi ayarlar\u0131n\u0131z\u0131 ve gezinme se\u00e7imlerinizi hat\u0131rlamam\u0131za yard\u0131mc\u0131 olur, b\u00f6ylece web sitesine sonraki ziyaretlerinizde daha ki\u015fiselle\u015ftirilmi\u015f ve verimli bir deneyim ya\u015fayabilirsiniz.<\/p>\n<p><strong>\u00c7erez tercihlerini nas\u0131l kontrol edebilirim?<\/strong><\/p>\n<p>Tarama oturumunuz s\u0131ras\u0131nda istedi\u011finiz zaman taray\u0131c\u0131n\u0131z\u0131n ara\u00e7 \u00e7ubu\u011fundaki &#8220;\u00c7erezler&#8221; ba\u011flant\u0131s\u0131na t\u0131klayarak se\u00e7eneklerinizi de\u011fi\u015ftirebilirsiniz. Bu, onay bildirimini bir kez daha ekrana getirerek de\u011fi\u015fiklik yapman\u0131za veya onay\u0131n\u0131z\u0131 tamamen geri \u00e7ekmenize olanak tan\u0131yacakt\u0131r.<\/p>\n<p>Ayr\u0131ca, \u00e7e\u015fitli taray\u0131c\u0131lar web sitesi \u00e7erezlerini engellemek ve silmek i\u00e7in farkl\u0131 teknikler sunar. \u00c7erezleri engellemek veya kald\u0131rmak i\u00e7in taray\u0131c\u0131n\u0131z\u0131n se\u00e7eneklerini kullanabilirsiniz. \u00c7erezlerin nas\u0131l y\u00f6netilece\u011fi ve silinece\u011fi hakk\u0131nda daha fazla bilgi edinmek i\u00e7in <a href=\"https:\/\/en.wikipedia.org\/wiki\/HTTP_cookie\" target=\"_blank\" rel=\"noopener\">wikipedia.org<\/a> adresini ziyaret edin.<\/p>\n\t\t\t\t\t\t\t\t<\/div>\n\t\t\t\t<\/div>\n\t\t\t\t\t<\/div>\n\t\t\t\t<\/div>\n\t\t\t\t<\/div>\n\t\t","protected":false},"excerpt":{"rendered":"<p>Bu \u00e7erez politikas\u0131 hakk\u0131nda Bu \u00c7erez Politikas\u0131 \u00e7erezleri tan\u0131mlar ve bunlar\u0131 nas\u0131l kulland\u0131\u011f\u0131m\u0131z\u0131 a\u00e7\u0131klar. \u00c7erezler, bunlar\u0131 nas\u0131l kulland\u0131\u011f\u0131m\u0131z, kulland\u0131\u011f\u0131m\u0131z bir\u00e7ok \u00e7erez t\u00fcr\u00fc, \u00e7erezleri kullanarak toplad\u0131\u011f\u0131m\u0131z bilgiler ve bunlar\u0131 nas\u0131l kulland\u0131\u011f\u0131m\u0131z ve \u00e7erez se\u00e7imlerinizi nas\u0131l y\u00f6netece\u011finiz hakk\u0131nda bilgi edinmek i\u00e7in bu politikay\u0131 okumal\u0131s\u0131n\u0131z. Ki\u015fisel verilerinizi nas\u0131l kulland\u0131\u011f\u0131m\u0131z, saklad\u0131\u011f\u0131m\u0131z ve korudu\u011fumuz hakk\u0131nda daha fazla bilgi i\u00e7in Gizlilik [&hellip;]<\/p>\n","protected":false},"author":1,"featured_media":14650,"parent":0,"menu_order":0,"comment_status":"closed","ping_status":"closed","template":"elementor_theme","meta":{"footnotes":""},"class_list":["post-14649","page","type-page","status-publish","has-post-thumbnail","hentry"],"_links":{"self":[{"href":"https:\/\/www.xalam.nl\/tr\/wp-json\/wp\/v2\/pages\/14649","targetHints":{"allow":["GET"]}}],"collection":[{"href":"https:\/\/www.xalam.nl\/tr\/wp-json\/wp\/v2\/pages"}],"about":[{"href":"https:\/\/www.xalam.nl\/tr\/wp-json\/wp\/v2\/types\/page"}],"author":[{"embeddable":true,"href":"https:\/\/www.xalam.nl\/tr\/wp-json\/wp\/v2\/users\/1"}],"replies":[{"embeddable":true,"href":"https:\/\/www.xalam.nl\/tr\/wp-json\/wp\/v2\/comments?post=14649"}],"version-history":[{"count":1,"href":"https:\/\/www.xalam.nl\/tr\/wp-json\/wp\/v2\/pages\/14649\/revisions"}],"predecessor-version":[{"id":14651,"href":"https:\/\/www.xalam.nl\/tr\/wp-json\/wp\/v2\/pages\/14649\/revisions\/14651"}],"wp:featuredmedia":[{"embeddable":true,"href":"https:\/\/www.xalam.nl\/tr\/wp-json\/wp\/v2\/media\/14650"}],"wp:attachment":[{"href":"https:\/\/www.xalam.nl\/tr\/wp-json\/wp\/v2\/media?parent=14649"}],"curies":[{"name":"wp","href":"https:\/\/api.w.org\/{rel}","templated":true}]}}