{"id":14523,"date":"2023-06-01T23:57:26","date_gmt":"2023-06-01T23:57:26","guid":{"rendered":"https:\/xalam-tours-hakkinda-xavaria-deneyimi\/"},"modified":"2023-08-21T12:31:17","modified_gmt":"2023-08-21T12:31:17","slug":"xalam-tours-hakkinda-xavaria-deneyimi","status":"publish","type":"page","link":"https:\/\/www.xalam.nl\/tr\/xalam-tours-hakkinda-xavaria-deneyimi\/","title":{"rendered":"Xalam Tours Hakk\u0131nda &#8211; Xavaria Deneyimi"},"content":{"rendered":"\t\t<div data-elementor-type=\"wp-page\" data-elementor-id=\"14523\" class=\"elementor elementor-14523 elementor-11182\" data-elementor-post-type=\"page\">\n\t\t\t\t<div class=\"elementor-element elementor-element-f326a63 e-flex e-con-boxed e-con e-parent\" data-id=\"f326a63\" data-element_type=\"container\" data-e-type=\"container\">\n\t\t\t\t\t<div class=\"e-con-inner\">\n\t\t\t\t\t<\/div>\n\t\t\t\t<\/div>\n\t\t<div class=\"elementor-element elementor-element-efd2bf5 e-flex e-con-boxed e-con e-parent\" data-id=\"efd2bf5\" data-element_type=\"container\" data-e-type=\"container\">\n\t\t\t\t\t<div class=\"e-con-inner\">\n\t\t\t\t<div class=\"elementor-element elementor-element-6727757 elementor-widget elementor-widget-heading\" data-id=\"6727757\" data-element_type=\"widget\" data-e-type=\"widget\" data-widget_type=\"heading.default\">\n\t\t\t\t<div class=\"elementor-widget-container\">\n\t\t\t\t\t<h1 class=\"elementor-heading-title elementor-size-default\">Xalam Turlar\u0131n\u0131n \u00d6z\u00fcn\u00fc Ke\u015ffedin - Xavaria Deneyimi<\/h1>\t\t\t\t<\/div>\n\t\t\t\t<\/div>\n\t\t\t\t<div class=\"elementor-element elementor-element-dec1c2d elementor-widget elementor-widget-text-editor\" data-id=\"dec1c2d\" data-element_type=\"widget\" data-e-type=\"widget\" data-widget_type=\"text-editor.default\">\n\t\t\t\t<div class=\"elementor-widget-container\">\n\t\t\t\t\t\t\t\t\t<p><span style=\"font-size: 14pt;\">Hollanda&#8217;da unutulmaz turlar i\u00e7in \u00f6nde gelen yer olan Xalam Tours &#8211; Xavaria Experience&#8217;a ho\u015f geldiniz. Uzman rehberlerimiz ve se\u00e7ilmi\u015f g\u00fczergahlar\u0131m\u0131zla, Hollanda&#8217;n\u0131n gizli m\u00fccevherlerinin g\u00fczelli\u011fini ve cazibesini sergileyen ola\u011fan\u00fcst\u00fc deneyimler yaratmaya \u00e7al\u0131\u015f\u0131yoruz. \u0130ster Keukenhof&#8217;un lale bah\u00e7eleri, ister pitoresk Giethoorn k\u00f6y\u00fc veya Zaanse Schans&#8217;\u0131n tarihi harikalar\u0131 sizi b\u00fcy\u00fclesin, Xalam Tours &#8211; Xavaria Experience yolculu\u011funuzu b\u00fcy\u00fcleyici k\u0131lmak i\u00e7in burada.<\/span><\/p>\n\t\t\t\t\t\t\t\t<\/div>\n\t\t\t\t<\/div>\n\t\t\t\t\t<\/div>\n\t\t\t\t<\/div>\n\t\t<div class=\"elementor-element elementor-element-56722fe e-flex e-con-boxed e-con e-parent\" data-id=\"56722fe\" data-element_type=\"container\" data-e-type=\"container\">\n\t\t\t\t\t<div class=\"e-con-inner\">\n\t\t<div class=\"elementor-element elementor-element-ef9d36d e-con-full e-flex e-con e-parent\" data-id=\"ef9d36d\" data-element_type=\"container\" data-e-type=\"container\">\n\t\t\t\t<div class=\"elementor-element elementor-element-03ad7ca elementor-widget elementor-widget-text-editor\" data-id=\"03ad7ca\" data-element_type=\"widget\" data-e-type=\"widget\" data-widget_type=\"text-editor.default\">\n\t\t\t\t<div class=\"elementor-widget-container\">\n\t\t\t\t\t\t\t\t\t<h5><span style=\"text-decoration: underline;\">Benzersiz Uzmanl\u0131k:<\/span><\/h5>\n<p><span style=\"font-size: 12pt;\">Hollanda&#8217;da uzmanla\u015fm\u0131\u015f lider bir tur operat\u00f6r\u00fc olarak, bu b\u00fcy\u00fcleyici \u00fclkenin gizli m\u00fccevherlerini sergileme konusunda kapsaml\u0131 bilgi ve uzmanl\u0131\u011fa sahibiz. Deneyimli rehberlerden ve seyahat merakl\u0131lar\u0131ndan olu\u015fan ekibimiz, Hollanda k\u00fclt\u00fcr\u00fcn\u00fcn, tarihinin ve do\u011fal g\u00fczelliklerinin \u00f6z\u00fcn\u00fc yakalayan ola\u011fan\u00fcst\u00fc turlar d\u00fczenlemeye kendini adam\u0131\u015ft\u0131r.<\/span><\/p>\n<h5><span style=\"text-decoration: underline;\">Ki\u015fiye \u00d6zel Deneyimler:<\/span><\/h5>\n<p><span style=\"font-size: 12pt;\">Her gezginin benzersiz oldu\u011funu biliyoruz ve bu nedenle bir dizi \u00f6zelle\u015ftirilebilir \u00f6zel tur sunuyoruz. \u0130ster tarih merakl\u0131s\u0131, ister do\u011fa a\u015f\u0131\u011f\u0131 veya sanat merakl\u0131s\u0131 olun, ekibimiz ilgi alanlar\u0131n\u0131za ve tercihlerinize hitap eden ki\u015fiselle\u015ftirilmi\u015f bir g\u00fczergah tasarlamak i\u00e7in sizinle yak\u0131n bir \u015fekilde \u00e7al\u0131\u015facakt\u0131r. Hollanda Alt\u0131n \u00c7a\u011f\u0131&#8217;n\u0131n \u00f6zel turlar\u0131ndan \u00f6zelle\u015ftirilmi\u015f Avrupa maceralar\u0131na kadar, sadece sizin i\u00e7in \u00f6zel olarak tasarlanm\u0131\u015f unutulmaz deneyimler yaratmaya kararl\u0131y\u0131z.<\/span><\/p>\n<h5><span style=\"text-decoration: underline;\">Uzman Rehberler:<\/span><\/h5>\n<p><span style=\"font-size: 12pt;\">Bilgili rehberlerimiz Xalam Tours &#8211; Xavaria Experience&#8217;\u0131n kalbi ve ruhudur. Uzmanl\u0131klar\u0131 ve hikaye anlatma tutkular\u0131yla, Hollanda&#8217;n\u0131n tarihini ve k\u00fclt\u00fcr\u00fcn\u00fc hayata ge\u00e7irerek her f\u0131rsatta b\u00fcy\u00fcleyici bilgiler sunuyorlar. \u0130ster Amsterdam&#8217;\u0131n Arnavut kald\u0131r\u0131ml\u0131 sokaklar\u0131nda geziniyor, ister Zaanse Schans&#8217;\u0131n yel de\u011firmenlerini ke\u015ffediyor ya da Giethoorn&#8217;un kanallar\u0131nda dola\u015f\u0131yor olun, rehberlerimiz bilgilendirici ve ilgi \u00e7ekici bir deneyim ya\u015faman\u0131z\u0131 sa\u011flar.<\/span><\/p>\n<h5><span style=\"text-decoration: underline;\">M\u00fc\u015fteri Memnuniyeti:<\/span><\/h5>\n<p><span style=\"font-size: 12pt;\">Xalam Tours &#8211; Xavaria Experience&#8217;da memnuniyetiniz bizim \u00f6nceli\u011fimizdir. Bizimle ileti\u015fime ge\u00e7ti\u011finiz andan turunuzun sonu\u00e7lanmas\u0131na kadar ola\u011fan\u00fcst\u00fc m\u00fc\u015fteri hizmeti sunmaya inan\u0131yoruz. Ula\u015f\u0131m, rezervasyon ve lojistik dahil olmak \u00fczere t\u00fcm ayr\u0131nt\u0131larla ilgileniyoruz, b\u00f6ylece rahatlayabilir ve kendinizi Hollanda&#8217;n\u0131n harikalar\u0131na tamamen kapt\u0131rabilirsiniz. M\u00fckemmelli\u011fe olan ba\u011fl\u0131l\u0131\u011f\u0131m\u0131z, memnun m\u00fc\u015fterilerimizden \u00f6vg\u00fc dolu yorumlar almam\u0131z\u0131 sa\u011flayarak bizi se\u00e7ici gezginler i\u00e7in g\u00fcvenilir bir se\u00e7im haline getirdi.<\/span><\/p>\n\t\t\t\t\t\t\t\t<\/div>\n\t\t\t\t<\/div>\n\t\t\t\t<\/div>\n\t\t<div class=\"elementor-element elementor-element-3e13dd0 e-con-full e-flex e-con e-parent\" data-id=\"3e13dd0\" data-element_type=\"container\" data-e-type=\"container\">\n\t\t\t\t<div class=\"elementor-element elementor-element-f181968 elementor-widget elementor-widget-text-editor\" data-id=\"f181968\" data-element_type=\"widget\" data-e-type=\"widget\" data-widget_type=\"text-editor.default\">\n\t\t\t\t<div class=\"elementor-widget-container\">\n\t\t\t\t\t\t\t\t\t<h5><span style=\"text-decoration: underline;\">Hollanda Tutkumuz:<\/span><\/h5>\n<p><span style=\"font-size: 12pt;\">Xalam Tours &#8211; Xavaria Experience olarak, Hollanda&#8217;n\u0131n zengin tarihi, canl\u0131 k\u00fclt\u00fcr\u00fc ve nefes kesici manzaralar\u0131 konusunda tutkuluyuz. Kendini i\u015fine adam\u0131\u015f profesyonellerden olu\u015fan ekibimiz, bu \u00fclkeye kar\u015f\u0131 derin bir sevgi beslemekte ve ziyaret\u00e7ileri \u00fclkenin az bilinen hazineleriyle tan\u0131\u015ft\u0131rmaktan b\u00fcy\u00fck gurur duymaktad\u0131r. Y\u0131llar\u0131n deneyimi ve kapsaml\u0131 yerel bilgimizle, kendinizi Hollanda&#8217;n\u0131n \u00f6z\u00fcne kapt\u0131rman\u0131za olanak tan\u0131yan ola\u011fan\u00fcst\u00fc turlar d\u00fczenliyoruz.<\/span><\/p>\n<h5><span style=\"text-decoration: underline;\">Xalam Tours Yerel Ba\u011flant\u0131lar:<\/span><\/h5>\n<p><span style=\"font-size: 12pt;\">Kendimiz de hevesli gezginler olarak otantik, s\u00fcr\u00fckleyici deneyimlerin d\u00f6n\u00fc\u015ft\u00fcr\u00fcc\u00fc g\u00fcc\u00fcne inan\u0131yoruz. Bu nedenle, size Hollanda hakk\u0131nda i\u00e7eriden bir bak\u0131\u015f a\u00e7\u0131s\u0131 sunmak i\u00e7in yerel ortaklar ve topluluklarla i\u015fbirli\u011fi yap\u0131yoruz. Ortakl\u0131klar\u0131m\u0131z, k\u00fclt\u00fcrel etkinliklere, yerel geleneklere ve al\u0131\u015f\u0131lm\u0131\u015f\u0131n d\u0131\u015f\u0131ndaki yerlere benzersiz eri\u015fim sa\u011flamam\u0131za olanak tan\u0131yarak, tipik turistik deneyimlerin \u00f6tesine ge\u00e7en de\u011ferli an\u0131lar yaratman\u0131za olanak tan\u0131r.<\/span><\/p>\n<h5><span style=\"text-decoration: underline;\">Bize Kat\u0131l\u0131n (Xalam Tours &#8211; Xavaria Deneyimi:<\/span><\/h5>\n<p><span style=\"font-size: 12pt;\">Hollanda&#8217;n\u0131n gizli m\u00fccevherleri aras\u0131nda ola\u011fan\u00fcst\u00fc bir yolculu\u011fa \u00e7\u0131kmaya haz\u0131r m\u0131s\u0131n\u0131z? \u00d6zenle haz\u0131rlanm\u0131\u015f tur se\u00e7eneklerimize g\u00f6z at\u0131n ve maceran\u0131z\u0131 bug\u00fcnden planlamaya ba\u015flay\u0131n. Sorular\u0131n\u0131z i\u00e7in veya ki\u015fiselle\u015ftirilmi\u015f tur se\u00e7eneklerini g\u00f6r\u00fc\u015fmek i\u00e7in g\u00fcler y\u00fczl\u00fc ekibimizle ileti\u015fime ge\u00e7in. Xalam Tours &#8211; Xavaria Experience unutulmaz bir Hollanda deneyimine a\u00e7\u0131lan kap\u0131n\u0131z olsun.<\/span><\/p>\n<p><span style=\"font-size: 12pt;\">Xalam Tours &#8211; Xavaria Experience olarak, Hollanda&#8217;n\u0131n gizli hazinelerini d\u00fcnyan\u0131n d\u00f6rt bir yan\u0131ndan gelen gezginlerle payla\u015fma konusunda tutkuluyuz. Uzman rehberlerimiz, ki\u015fiselle\u015ftirilmi\u015f g\u00fczergahlar\u0131m\u0131z ve m\u00fc\u015fteri memnuniyetine olan sars\u0131lmaz ba\u011fl\u0131l\u0131\u011f\u0131m\u0131zla, sizi Hollanda&#8217;n\u0131n g\u00fczelli\u011fi ve cazibesi i\u00e7in derin bir takdirle b\u0131rakacak unutulmaz deneyimler yaratmaya adad\u0131k. B\u00fcy\u00fcleyici \u00fclkemizden ayr\u0131ld\u0131ktan sonra uzun s\u00fcre sizinle kalacak bir macerada bize kat\u0131l\u0131n.<\/span><\/p>\n<p><span style=\"font-size: 12pt;\">Hollanda&#8217;da hayalinizdeki maceray\u0131 planlamaya ba\u015flamak i\u00e7in bug\u00fcn bize ula\u015f\u0131n. Xalam Tours &#8211; Xavaria Experience ile sizi &#8220;Hollanda Deneyimi &#8220;nde a\u011f\u0131rlamak i\u00e7in sab\u0131rs\u0131zlan\u0131yoruz.<\/span><\/p>\n\t\t\t\t\t\t\t\t<\/div>\n\t\t\t\t<\/div>\n\t\t\t\t<\/div>\n\t\t\t\t\t<\/div>\n\t\t\t\t<\/div>\n\t\t\t\t<section class=\"elementor-section elementor-top-section elementor-element elementor-element-5c0e1e4f elementor-section-boxed elementor-section-height-default elementor-section-height-default\" data-id=\"5c0e1e4f\" data-element_type=\"section\" data-e-type=\"section\" data-settings=\"{&quot;background_background&quot;:&quot;classic&quot;}\">\n\t\t\t\t\t\t<div class=\"elementor-container elementor-column-gap-default\">\n\t\t\t\t\t<div class=\"elementor-column elementor-col-100 elementor-top-column elementor-element elementor-element-35e3ae46\" data-id=\"35e3ae46\" data-element_type=\"column\" data-e-type=\"column\">\n\t\t\t<div class=\"elementor-widget-wrap elementor-element-populated\">\n\t\t\t\t\t\t<div class=\"elementor-element elementor-element-2a79e870 elementor-widget elementor-widget-heading\" data-id=\"2a79e870\" data-element_type=\"widget\" data-e-type=\"widget\" data-widget_type=\"heading.default\">\n\t\t\t\t<div class=\"elementor-widget-container\">\n\t\t\t\t\t<h2 class=\"elementor-heading-title elementor-size-default\">M\u00fc\u015fterilerimiz ne diyor<\/h2>\t\t\t\t<\/div>\n\t\t\t\t<\/div>\n\t\t\t\t<div class=\"elementor-element elementor-element-111e48ec elementor-widget elementor-widget-st_testimonial\" data-id=\"111e48ec\" data-element_type=\"widget\" data-e-type=\"widget\" data-settings=\"{&quot;slides_per_view&quot;:&quot;3&quot;}\" data-widget_type=\"st_testimonial.default\">\n\t\t\t\t<div class=\"elementor-widget-container\">\n\t\t\t\t\t<div class=\"st-testimonial-modern-slider\">\r\n    <div class=\"st-testimonial\" data-effect=\"creative\" data-slides-per-view=\"3\" data-pagination=\"on\" data-navigation=\"on\" data-auto-play=\"off\" data-loop=\"true\" data-delay=\"\">\r\n        <div class=\"service-testimonial-wrapper swiper-container\">\r\n\t\t\t<div class=\"swiper-wrapper\">\r\n                            <div class=\"swiper-slide\">\r\n                    <div class=\"item\">\r\n\r\n                        \r\n                        <p class=\"st-content st-content-lib\">\r\n                            Naufal was a wonderful guide. He had an excellent command of English. Communicated promptly. Was flexible and knowledgeable. Would definitely recommend THANKS                        <\/p>\r\n                        <div class=\"author-meta author-meta-lib\">\r\n                                                                    <i class=\"review-testimonial stt-icon-star1\"><\/i>\r\n                                                                            <i class=\"review-testimonial stt-icon-star1\"><\/i>\r\n                                                                            <i class=\"review-testimonial stt-icon-star1\"><\/i>\r\n                                                                            <i class=\"review-testimonial stt-icon-star1\"><\/i>\r\n                                                                            <i class=\"review-testimonial stt-icon-star1\"><\/i>\r\n                                                                                                    <h4 class=\"name\">Cynthia M.<\/h4>\r\n                                \r\n                                                                <p class=\"office-testimonial office-testimonial-lib\">Customers from U.S.A<\/p>\r\n                                \r\n                        <\/div>\r\n                    <\/div>\r\n                <\/div>\r\n                            <div class=\"swiper-slide\">\r\n                    <div class=\"item\">\r\n\r\n                        \r\n                        <p class=\"st-content st-content-lib\">\r\n                            Save me a lot of hassle. Naufal is a great guide,\u00a0knowledgeable and a very patient person. Always tag along wherever we were, recommend restaurant and spend a couple of hours more than the agreed tour time at no extra cost!                        <\/p>\r\n                        <div class=\"author-meta author-meta-lib\">\r\n                                                                    <i class=\"review-testimonial stt-icon-star1\"><\/i>\r\n                                                                            <i class=\"review-testimonial stt-icon-star1\"><\/i>\r\n                                                                            <i class=\"review-testimonial stt-icon-star1\"><\/i>\r\n                                                                            <i class=\"review-testimonial stt-icon-star1\"><\/i>\r\n                                                                            <i class=\"review-testimonial stt-icon-star1\"><\/i>\r\n                                                                                                    <h4 class=\"name\">Nor Azman Baharum<\/h4>\r\n                                \r\n                                                                <p class=\"office-testimonial office-testimonial-lib\">Customers from Malaysia<\/p>\r\n                                \r\n                        <\/div>\r\n                    <\/div>\r\n                <\/div>\r\n                            <div class=\"swiper-slide\">\r\n                    <div class=\"item\">\r\n\r\n                        \r\n                        <p class=\"st-content st-content-lib\">\r\n                            He is a good guide for my clients. I recommend him if you want to travel in Amsterdam and surrounding city in Benelux.                        <\/p>\r\n                        <div class=\"author-meta author-meta-lib\">\r\n                                                                    <i class=\"review-testimonial stt-icon-star1\"><\/i>\r\n                                                                            <i class=\"review-testimonial stt-icon-star1\"><\/i>\r\n                                                                            <i class=\"review-testimonial stt-icon-star1\"><\/i>\r\n                                                                            <i class=\"review-testimonial stt-icon-star1\"><\/i>\r\n                                                                            <i class=\"review-testimonial stt-icon-star1\"><\/i>\r\n                                                                                                    <h4 class=\"name\">Tinni Maskoen<\/h4>\r\n                                \r\n                                                                <p class=\"office-testimonial office-testimonial-lib\">Customers from Indonesia<\/p>\r\n                                \r\n                        <\/div>\r\n                    <\/div>\r\n                <\/div>\r\n                            <div class=\"swiper-slide\">\r\n                    <div class=\"item\">\r\n\r\n                        \r\n                        <p class=\"st-content st-content-lib\">\r\n                            Nafaul drove us on an excursion all over the Netherlands. What a delightful, upbeat man ~ so enjoyed being with him and having him as a personal tour guide. He never made us feel hurried on the tour Not like a bus Never had such an enjoyable tour day. HIGHLY recommend!                        <\/p>\r\n                        <div class=\"author-meta author-meta-lib\">\r\n                                                                    <i class=\"review-testimonial stt-icon-star1\"><\/i>\r\n                                                                            <i class=\"review-testimonial stt-icon-star1\"><\/i>\r\n                                                                            <i class=\"review-testimonial stt-icon-star1\"><\/i>\r\n                                                                            <i class=\"review-testimonial stt-icon-star1\"><\/i>\r\n                                                                            <i class=\"review-testimonial stt-icon-star1\"><\/i>\r\n                                                                                                    <h4 class=\"name\">Kay Spearman Pierson<\/h4>\r\n                                \r\n                                                                <p class=\"office-testimonial office-testimonial-lib\">Customers from U.S.A<\/p>\r\n                                \r\n                        <\/div>\r\n                    <\/div>\r\n                <\/div>\r\n                            <div class=\"swiper-slide\">\r\n                    <div class=\"item\">\r\n\r\n                        \r\n                        <p class=\"st-content st-content-lib\">\r\n                            Perjalanan keliling Eropa ini sesuai dengan yang saya harapkan. Pelayanan yang profesional, respon yang aktif, serta pengenalan lokasi yang baik. Layak untuk di ulang lagi dengan rute lain.                         <\/p>\r\n                        <div class=\"author-meta author-meta-lib\">\r\n                                                                    <i class=\"review-testimonial stt-icon-star1\"><\/i>\r\n                                                                            <i class=\"review-testimonial stt-icon-star1\"><\/i>\r\n                                                                            <i class=\"review-testimonial stt-icon-star1\"><\/i>\r\n                                                                            <i class=\"review-testimonial stt-icon-star1\"><\/i>\r\n                                                                            <i class=\"review-testimonial stt-icon-star1\"><\/i>\r\n                                                                                                    <h4 class=\"name\">Susantio<\/h4>\r\n                                \r\n                                                                <p class=\"office-testimonial office-testimonial-lib\">Customers from Indonesia<\/p>\r\n                                \r\n                        <\/div>\r\n                    <\/div>\r\n                <\/div>\r\n            \t\t\t<\/div>\r\n        <\/div>\r\n\t\t\t\t<div class=\"swiper-pagination\"><\/div>\r\n\t\t\t\t\t<div class=\"st-button-prev\"><span class=\"stt-icon stt-icon-arrow-left\"><\/span><\/div><div class=\"st-button-next\"><span class=\"stt-icon stt-icon-arrow-right\"><\/span><\/div>\r\n\t\t    <\/div>\r\n<\/div>\r\n\r\n\r\n\t\t\t\t<\/div>\n\t\t\t\t<\/div>\n\t\t\t\t\t<\/div>\n\t\t<\/div>\n\t\t\t\t\t<\/div>\n\t\t<\/section>\n\t\t\t\t<\/div>\n\t\t","protected":false},"excerpt":{"rendered":"<p>Xalam Turlar\u0131n\u0131n \u00d6z\u00fcn\u00fc Ke\u015ffedin &#8211; Xavaria Deneyimi Hollanda&#8217;da unutulmaz turlar i\u00e7in \u00f6nde gelen yer olan Xalam Tours &#8211; Xavaria Experience&#8217;a ho\u015f geldiniz. Uzman rehberlerimiz ve se\u00e7ilmi\u015f g\u00fczergahlar\u0131m\u0131zla, Hollanda&#8217;n\u0131n gizli m\u00fccevherlerinin g\u00fczelli\u011fini ve cazibesini sergileyen ola\u011fan\u00fcst\u00fc deneyimler yaratmaya \u00e7al\u0131\u015f\u0131yoruz. \u0130ster Keukenhof&#8217;un lale bah\u00e7eleri, ister pitoresk Giethoorn k\u00f6y\u00fc veya Zaanse Schans&#8217;\u0131n tarihi harikalar\u0131 sizi b\u00fcy\u00fclesin, Xalam Tours [&hellip;]<\/p>\n","protected":false},"author":1,"featured_media":14524,"parent":0,"menu_order":0,"comment_status":"closed","ping_status":"closed","template":"template-blank.php","meta":{"footnotes":""},"class_list":["post-14523","page","type-page","status-publish","has-post-thumbnail","hentry"],"_links":{"self":[{"href":"https:\/\/www.xalam.nl\/tr\/wp-json\/wp\/v2\/pages\/14523","targetHints":{"allow":["GET"]}}],"collection":[{"href":"https:\/\/www.xalam.nl\/tr\/wp-json\/wp\/v2\/pages"}],"about":[{"href":"https:\/\/www.xalam.nl\/tr\/wp-json\/wp\/v2\/types\/page"}],"author":[{"embeddable":true,"href":"https:\/\/www.xalam.nl\/tr\/wp-json\/wp\/v2\/users\/1"}],"replies":[{"embeddable":true,"href":"https:\/\/www.xalam.nl\/tr\/wp-json\/wp\/v2\/comments?post=14523"}],"version-history":[{"count":1,"href":"https:\/\/www.xalam.nl\/tr\/wp-json\/wp\/v2\/pages\/14523\/revisions"}],"predecessor-version":[{"id":14525,"href":"https:\/\/www.xalam.nl\/tr\/wp-json\/wp\/v2\/pages\/14523\/revisions\/14525"}],"wp:featuredmedia":[{"embeddable":true,"href":"https:\/\/www.xalam.nl\/tr\/wp-json\/wp\/v2\/media\/14524"}],"wp:attachment":[{"href":"https:\/\/www.xalam.nl\/tr\/wp-json\/wp\/v2\/media?parent=14523"}],"curies":[{"name":"wp","href":"https:\/\/api.w.org\/{rel}","templated":true}]}}