{"id":14688,"date":"2023-05-04T20:00:07","date_gmt":"2023-05-04T20:00:07","guid":{"rendered":"https:\/politica-de-privacidade\/"},"modified":"2024-05-01T12:01:59","modified_gmt":"2024-05-01T12:01:59","slug":"politica-de-privacidade","status":"publish","type":"page","link":"https:\/\/www.xalam.nl\/pt-pt\/politica-de-privacidade\/","title":{"rendered":"Pol\u00edtica de privacidade"},"content":{"rendered":"\t\t<div data-elementor-type=\"wp-page\" data-elementor-id=\"14688\" class=\"elementor elementor-14688 elementor-10190\" data-elementor-post-type=\"page\">\n\t\t\t\t<div class=\"elementor-element elementor-element-33ef8e0 e-flex e-con-boxed e-con e-parent\" data-id=\"33ef8e0\" data-element_type=\"container\" data-e-type=\"container\">\n\t\t\t\t\t<div class=\"e-con-inner\">\n\t\t\t\t<div class=\"elementor-element elementor-element-eff9cd4 elementor-widget elementor-widget-text-editor\" data-id=\"eff9cd4\" data-element_type=\"widget\" data-e-type=\"widget\" data-widget_type=\"text-editor.default\">\n\t\t\t\t<div class=\"elementor-widget-container\">\n\t\t\t\t\t\t\t\t\t<p>A Xalam Tours &#8211; Xavaria Experience est\u00e1 localizada em:<br \/>Slotermeerlaan 58<br \/>1064 HC Amesterd\u00e3o<br \/>Pa\u00edses Baixos<\/p>\n<p>A Xalam Tours &#8211; Xavaria Experience est\u00e1 empenhada em proteger a tua privacidade enquanto utilizas o nosso website. Esta Declara\u00e7\u00e3o de Privacidade \u00e9 aplic\u00e1vel a www.xalamtours.com (doravante, &#8220;n\u00f3s&#8221;, &#8220;nos&#8221; ou &#8220;www.xalam.nl&#8221;). Valorizamos a tua privacidade e estamos empenhados em salvaguardar qualquer informa\u00e7\u00e3o pessoal identific\u00e1vel que divulgues no Website. Esta pol\u00edtica de privacidade (&#8220;Pol\u00edtica de Privacidade&#8221;) explica quais as informa\u00e7\u00f5es que podem ser recolhidas no nosso Website, como as utilizamos e quando as podemos partilhar com outras partes. Esta Pol\u00edtica de Privacidade aplica-se apenas aos dados que recolhemos atrav\u00e9s do Website; n\u00e3o se aplica aos dados que recolhemos de outras fontes. As regras e pr\u00e1ticas gerais que regulam a tua utiliza\u00e7\u00e3o do nosso s\u00edtio Web est\u00e3o definidas na presente Pol\u00edtica de Privacidade, bem como nos Termos e Condi\u00e7\u00f5es apresentados no nosso s\u00edtio Web. Poder\u00e1 ser necess\u00e1rio concordar com termos e condi\u00e7\u00f5es adicionais com base no teu comportamento enquanto visitas o nosso Website.<\/p>\n<p><strong>Visitantes do site<\/strong><br \/>Xalam Tours &#8211; Xavaria Experience recolhe informa\u00e7\u00f5es de identifica\u00e7\u00e3o n\u00e3o pessoal do tipo que os navegadores e servidores normalmente disponibilizam, como o tipo de navegador, a escolha do idioma, o site de refer\u00eancia e a data e hora de cada solicita\u00e7\u00e3o de visitante, semelhante a outros operadores de sites. O objetivo da recolha de informa\u00e7\u00e3o n\u00e3o pessoalmente identific\u00e1vel \u00e9 o de permitir \u00e0 Xalam Tours &#8211; Xavaria Experience compreender melhor a forma como os visitantes utilizam o seu site. A Xalam Tours &#8211; Xavaria Experience pode divulgar informa\u00e7\u00f5es de identifica\u00e7\u00e3o n\u00e3o pessoal de forma agregada de tempos a tempos, por exemplo, ao publicar um relat\u00f3rio sobre os padr\u00f5es de utiliza\u00e7\u00e3o do site.<br \/>Para os utilizadores registados e para aqueles que publicam coment\u00e1rios nos artigos do blog https:, Xalam Tours &#8211; Xavaria Experience tamb\u00e9m recolhe informa\u00e7\u00e3o potencialmente pessoal, tal como endere\u00e7os IP (Internet Protocol). Xalam Tours &#8211; Xavaria Experience s\u00f3 usa e divulga endere\u00e7os de IP de utilizadores registados e comentadores nas mesmas circunst\u00e2ncias em que usa e divulga informa\u00e7\u00f5es de identifica\u00e7\u00e3o pessoal, tal como discutido abaixo.<\/p>\n<p><strong>Recolha de informa\u00e7\u00f5es de identifica\u00e7\u00e3o pessoal<\/strong><br \/>Certos visitantes do site escolhem interagir com o Xalam Tours &#8211; Xavaria Experience de formas que exigem que o Xalam Tours &#8211; Xavaria Experience recolha informa\u00e7\u00f5es de identifica\u00e7\u00e3o pessoal. A quantidade e o tipo de informa\u00e7\u00e3o recolhida pela Xalam Tours &#8211; Xavaria Experience \u00e9 determinada pela natureza da intera\u00e7\u00e3o. Os visitantes que se inscrevem num blogue em https:, por exemplo, t\u00eam de introduzir um nome de utilizador e um endere\u00e7o de e-mail.<\/p>\n<p><strong>Seguran\u00e7a<\/strong><br \/>Preocupamo-nos com a seguran\u00e7a das tuas Informa\u00e7\u00f5es Pessoais, mas tem em aten\u00e7\u00e3o que nenhum m\u00e9todo de transmiss\u00e3o pela Internet ou de armazenamento inform\u00e1tico \u00e9 totalmente seguro. Embora fa\u00e7amos todos os esfor\u00e7os para proteger as tuas informa\u00e7\u00f5es pessoais utilizando t\u00e9cnicas comercialmente razo\u00e1veis, n\u00e3o podemos garantir a sua total seguran\u00e7a.<\/p>\n<p><strong>An\u00fancios<\/strong><br \/>Os an\u00fancios no nosso site podem ser enviados aos utilizadores por parceiros publicit\u00e1rios, que podem colocar cookies nos seus computadores. Estes cookies permitem que o servidor de an\u00fancios reconhe\u00e7a o teu computador sempre que v\u00eas publicidade online, permitindo-lhes acumular informa\u00e7\u00f5es sobre ti e outras pessoas que utilizam o teu computador. Estas informa\u00e7\u00f5es permitem que as redes de publicidade ofere\u00e7am an\u00fancios personalizados que consideram ser do teu maior interesse, entre outras coisas. Esta Pol\u00edtica de Privacidade aplica-se apenas \u00e0 utiliza\u00e7\u00e3o de cookies por parte da Xalam Tours &#8211; Xavaria Experience; n\u00e3o se aplica \u00e0 utiliza\u00e7\u00e3o de cookies por parte de anunciantes.<\/p>\n<p><strong>Links de sites externos<\/strong><br \/>O nosso Servi\u00e7o pode conter liga\u00e7\u00f5es a sites de terceiros que n\u00e3o est\u00e3o sob o nosso controlo. Ser\u00e1s encaminhado para o s\u00edtio Web de terceiros se clicares numa hiperliga\u00e7\u00e3o de terceiros. Todos os s\u00edtios que visitas devem ter uma Pol\u00edtica de Privacidade e Termos e Condi\u00e7\u00f5es que deves ler.<br \/>N\u00e3o temos qualquer controlo e n\u00e3o assumimos qualquer responsabilidade por quaisquer sites, bens ou servi\u00e7os de terceiros, incluindo o seu conte\u00fado, pol\u00edticas de privacidade ou pr\u00e1ticas.<\/p>\n<p><strong>Prote\u00e7\u00e3o de determinadas informa\u00e7\u00f5es de identifica\u00e7\u00e3o pessoal<\/strong><br \/>O Xalam Tours &#8211; Xavaria Experience s\u00f3 divulga informa\u00e7\u00f5es de identifica\u00e7\u00e3o pessoal aos funcion\u00e1rios, contratados e organiza\u00e7\u00f5es afiliadas que eu preciso de saber essas informa\u00e7\u00f5es para process\u00e1-las em nome do Xalam Tours &#8211; Xavaria Experience ou para fornecer servi\u00e7os dispon\u00edveis no site do Xalam Tours &#8211; Xavaria Experience, e (ii) concordaram em n\u00e3o divulg\u00e1-las a terceiros. Alguns desses trabalhadores, contratantes e organiza\u00e7\u00f5es relacionadas podem estar sediados fora do teu pa\u00eds de origem; ao usares o site da Xalam Tours &#8211; Xavaria Experience, concordas que esta informa\u00e7\u00e3o seja transferida para eles. O site Xalam Tours &#8211; Xavaria Experience n\u00e3o ir\u00e1 alugar ou vender informa\u00e7\u00f5es de identifica\u00e7\u00e3o pessoal a ningu\u00e9m. A Xalam Tours &#8211; Xavaria Experience s\u00f3 divulga informa\u00e7\u00f5es de identifica\u00e7\u00e3o pessoal em resposta a uma intima\u00e7\u00e3o, ordem judicial ou outras solicita\u00e7\u00f5es governamentais, ou quando a Xalam Tours &#8211; Xavaria Experience acredita de boa f\u00e9 que a divulga\u00e7\u00e3o \u00e9 razoavelmente necess\u00e1ria para proteger a propriedade ou os direitos da Xalam Tours &#8211; Xavaria Experience, de terceiros ou do p\u00fablico em geral. Se forneceste o teu endere\u00e7o de e-mail como utilizador registado de https:, a Xalam Tours &#8211; Xavaria Experience pode enviar-te um e-mail de vez em quando para te informar de novas funcionalidades, recolher o teu feedback, ou apenas para te manter informado sobre o que se passa com a Xalam Tours &#8211; Xavaria Experience e os nossos produtos. Geralmente, divulgamos este tipo de informa\u00e7\u00e3o atrav\u00e9s do nosso blogue, pelo que tencionamos enviar muito poucas mensagens de correio eletr\u00f3nico. Se nos enviares um pedido (por exemplo, atrav\u00e9s de um e-mail de apoio ou de um dos nossos sistemas de feedback), reservamo-nos o direito de o publicar para explicar ou responder ao teu pedido, bem como para prestar um melhor apoio a outros utilizadores. Xalam Tours &#8211; Xavaria Experience toma todas as precau\u00e7\u00f5es razo\u00e1veis para salvaguardar informa\u00e7\u00e3o potencialmente identificativa e de identifica\u00e7\u00e3o pessoal de acesso n\u00e3o autorizado, uso, modifica\u00e7\u00e3o ou destrui\u00e7\u00e3o.<\/p>\n<p><strong>Estat\u00edsticas agregadas<\/strong><br \/>A Xalam Tours &#8211; Xavaria Experience pode recolher informa\u00e7\u00f5es sobre como os utilizadores usam o seu site. A Xalam Tours &#8211; Xavaria Experience pode disponibilizar esta informa\u00e7\u00e3o ao p\u00fablico ou partilh\u00e1-la com terceiros. A Xalam Tours &#8211; Xavaria Experience, por outro lado, n\u00e3o revela nenhuma das tuas informa\u00e7\u00f5es pessoais identific\u00e1veis.<\/p>\n<p><strong>Cookies<\/strong><br \/>A Xalam Tours &#8211; Xavaria Experience utiliza &#8220;Cookies&#8221;, tecnologias compar\u00e1veis e servi\u00e7os oferecidos por terceiros para apresentar informa\u00e7\u00f5es personalizadas, publicidade adequada e registar as tuas prefer\u00eancias no teu computador, a fim de melhorar e aperfei\u00e7oar a tua experi\u00eancia online. Um cookie \u00e9 um peda\u00e7o de dados que um s\u00edtio Web guarda no computador de um visitante e que o browser do visitante envia de volta para o s\u00edtio Web sempre que este regressa. Xalam Tours &#8211; Xavaria Experience usa cookies para identificar e monitorizar os visitantes, bem como a sua utiliza\u00e7\u00e3o de https: e as prefer\u00eancias de acesso ao site. Os visitantes dos sites da Xalam Tours &#8211; Xavaria Experience que n\u00e3o queiram cookies instalados nos seus computadores podem configurar os seus browsers para recusar cookies antes de os utilizar, com a ressalva de que algumas partes dos sites da Xalam Tours &#8211; Xavaria Experience podem n\u00e3o funcionar corretamente sem cookies. Aceita e consente a utiliza\u00e7\u00e3o de cookies pela Xalam Tours &#8211; Xavaria Experience ao continuar a navegar no nosso site sem ajustar as suas defini\u00e7\u00f5es de cookies.<\/p>\n<p><strong>Com\u00e9rcio eletr\u00f3nico<\/strong><br \/>Aqueles que transaccionam com a Xalam Tours &#8211; Xavaria Experience &#8211; comprando servi\u00e7os ou bens da Xalam Tours &#8211; Xavaria Experience &#8211; s\u00e3o solicitados a fornecer informa\u00e7\u00f5es adicionais, incluindo, se apropriado, informa\u00e7\u00f5es pessoais e financeiras. Em cada caso, o Xalam Tours &#8211; Xavaria Experience recolhe essa informa\u00e7\u00e3o apenas na medida em que seja necess\u00e1rio ou adequado para que a rela\u00e7\u00e3o do visitante com o Xalam Tours &#8211; Xavaria Experience seja bem sucedida. Para al\u00e9m do mencionado no presente documento, a Xalam Tours &#8211; Xavaria Experience n\u00e3o partilha informa\u00e7\u00e3o de identifica\u00e7\u00e3o pessoal. Os visitantes tamb\u00e9m podem recusar-se a fornecer informa\u00e7\u00f5es de identifica\u00e7\u00e3o pessoal, mas isso pode impedi-los de participar em algumas actividades relacionadas com o s\u00edtio Web.<\/p>\n<p><strong>Altera\u00e7\u00f5es \u00e0s pol\u00edticas de privacidade<\/strong><br \/>Embora a maioria das altera\u00e7\u00f5es sejam provavelmente pequenas, a Xalam Tours &#8211; Xavaria Experience reserva-se o direito de alterar a sua Pol\u00edtica de Privacidade a qualquer momento e a seu exclusivo crit\u00e9rio. A Xalam Tours &#8211; Xavaria Experience convida os visitantes a reverem esta p\u00e1gina para actualizarem regularmente a sua Pol\u00edtica de Privacidade. Se continuares a utilizar este site ap\u00f3s quaisquer altera\u00e7\u00f5es a esta Pol\u00edtica de Privacidade, est\u00e1s a concordar com as altera\u00e7\u00f5es.<\/p>\n\t\t\t\t\t\t\t\t<\/div>\n\t\t\t\t<\/div>\n\t\t\t\t\t<\/div>\n\t\t\t\t<\/div>\n\t\t\t\t<\/div>\n\t\t","protected":false},"excerpt":{"rendered":"<p>A Xalam Tours &#8211; Xavaria Experience est\u00e1 localizada em:Slotermeerlaan 581064 HC Amesterd\u00e3oPa\u00edses Baixos A Xalam Tours &#8211; Xavaria Experience est\u00e1 empenhada em proteger a tua privacidade enquanto utilizas o nosso website. Esta Declara\u00e7\u00e3o de Privacidade \u00e9 aplic\u00e1vel a www.xalamtours.com (doravante, &#8220;n\u00f3s&#8221;, &#8220;nos&#8221; ou &#8220;www.xalam.nl&#8221;). Valorizamos a tua privacidade e estamos empenhados em salvaguardar qualquer informa\u00e7\u00e3o [&hellip;]<\/p>\n","protected":false},"author":1,"featured_media":12751,"parent":0,"menu_order":0,"comment_status":"closed","ping_status":"closed","template":"elementor_theme","meta":{"footnotes":""},"class_list":["post-14688","page","type-page","status-publish","has-post-thumbnail","hentry"],"_links":{"self":[{"href":"https:\/\/www.xalam.nl\/pt-pt\/wp-json\/wp\/v2\/pages\/14688","targetHints":{"allow":["GET"]}}],"collection":[{"href":"https:\/\/www.xalam.nl\/pt-pt\/wp-json\/wp\/v2\/pages"}],"about":[{"href":"https:\/\/www.xalam.nl\/pt-pt\/wp-json\/wp\/v2\/types\/page"}],"author":[{"embeddable":true,"href":"https:\/\/www.xalam.nl\/pt-pt\/wp-json\/wp\/v2\/users\/1"}],"replies":[{"embeddable":true,"href":"https:\/\/www.xalam.nl\/pt-pt\/wp-json\/wp\/v2\/comments?post=14688"}],"version-history":[{"count":2,"href":"https:\/\/www.xalam.nl\/pt-pt\/wp-json\/wp\/v2\/pages\/14688\/revisions"}],"predecessor-version":[{"id":17702,"href":"https:\/\/www.xalam.nl\/pt-pt\/wp-json\/wp\/v2\/pages\/14688\/revisions\/17702"}],"wp:featuredmedia":[{"embeddable":true,"href":"https:\/\/www.xalam.nl\/pt-pt\/wp-json\/wp\/v2\/media\/12751"}],"wp:attachment":[{"href":"https:\/\/www.xalam.nl\/pt-pt\/wp-json\/wp\/v2\/media?parent=14688"}],"curies":[{"name":"wp","href":"https:\/\/api.w.org\/{rel}","templated":true}]}}