{"id":14672,"date":"2023-05-04T20:05:52","date_gmt":"2023-05-04T20:05:52","guid":{"rendered":"https:\/declaracao-de-exoneracao-de-responsabilidade\/"},"modified":"2023-06-18T12:30:51","modified_gmt":"2023-06-18T12:30:51","slug":"declaracao-de-exoneracao-de-responsabilidade","status":"publish","type":"page","link":"https:\/\/www.xalam.nl\/pt-pt\/declaracao-de-exoneracao-de-responsabilidade\/","title":{"rendered":"Declara\u00e7\u00e3o de exonera\u00e7\u00e3o de responsabilidade"},"content":{"rendered":"\t\t<div data-elementor-type=\"wp-page\" data-elementor-id=\"14672\" class=\"elementor elementor-14672 elementor-10200\" data-elementor-post-type=\"page\">\n\t\t\t\t<div class=\"elementor-element elementor-element-a9ca056 e-flex e-con-boxed e-con e-parent\" data-id=\"a9ca056\" data-element_type=\"container\" data-e-type=\"container\">\n\t\t\t\t\t<div class=\"e-con-inner\">\n\t\t\t\t<div class=\"elementor-element elementor-element-8a53141 elementor-widget elementor-widget-text-editor\" data-id=\"8a53141\" data-element_type=\"widget\" data-e-type=\"widget\" data-widget_type=\"text-editor.default\">\n\t\t\t\t<div class=\"elementor-widget-container\">\n\t\t\t\t\t\t\t\t\t<h3>Exonera\u00e7\u00e3o de responsabilidade:<\/h3>\n<p>Os seguintes termos e condi\u00e7\u00f5es regem a utiliza\u00e7\u00e3o deste s\u00edtio Web<strong>(www.xalamtours.com \/ www.xalam.nl)<\/strong>. Presume-se que o utilizador leu e aceitou as condi\u00e7\u00f5es de utiliza\u00e7\u00e3o ao utilizar este s\u00edtio Web.<\/p>\n<p><strong>Utiliza\u00e7\u00e3o das informa\u00e7\u00f5es.<\/strong><br \/>Neste s\u00edtio Web, a Xalam Tours &#8211; Xavaria Experience procura fornecer informa\u00e7\u00f5es exactas e actualizadas. A Xalam Tours &#8211; Xavaria Experience n\u00e3o garante a integridade, exatid\u00e3o ou atualidade do material, mesmo que este tenha sido recolhido com o m\u00e1ximo cuidado. O material jur\u00eddico contido neste s\u00edtio Web \u00e9 de natureza geral e n\u00e3o deve ser interpretado como aconselhamento jur\u00eddico.<\/p>\n<p>As informa\u00e7\u00f5es n\u00e3o podem ser utilizadas para obter quaisquer direitos. A Xalam Tours &#8211; Xavaria Experience declina qualquer responsabilidade por danos resultantes da utiliza\u00e7\u00e3o da informa\u00e7\u00e3o ou do site, bem como pelo n\u00e3o funcionamento eficaz do site.<br \/>O envio e a rece\u00e7\u00e3o de informa\u00e7\u00f5es atrav\u00e9s do s\u00edtio Web ou por correio eletr\u00f3nico n\u00e3o estabelecem imediatamente uma liga\u00e7\u00e3o entre a Xalam Tours &#8211; Xavaria Experience e o utilizador do s\u00edtio Web.<\/p>\n<p><strong>Correio eletr\u00f3nico.<\/strong><br \/>Dado que a rece\u00e7\u00e3o atempada de mensagens de correio eletr\u00f3nico n\u00e3o pode ser garantida, a Xalam Tours &#8211; Xavaria Experience n\u00e3o promete que as mensagens de correio eletr\u00f3nico que lhe s\u00e3o dirigidas sejam recebidas ou processadas (atempadamente). Devido \u00e0s preocupa\u00e7\u00f5es de seguran\u00e7a que as acompanham, a seguran\u00e7a do tr\u00e1fego de correio eletr\u00f3nico n\u00e3o pode ser totalmente garantida. O utilizador aceita este risco ao comunicar com a Xalam Tours &#8211; Xavaria Experience por correio eletr\u00f3nico sem encripta\u00e7\u00e3o ou prote\u00e7\u00e3o por palavra-passe.<\/p>\n<p><strong>Hiperliga\u00e7\u00f5es.<\/strong><br \/>Este s\u00edtio Web pode incluir liga\u00e7\u00f5es a s\u00edtios Web de terceiros. A Xalam Tours &#8211; Xavaria Experience n\u00e3o tem controlo e n\u00e3o \u00e9 respons\u00e1vel pela disponibilidade ou conte\u00fado de sites de terceiros. Consequentemente, a Xalam Tours &#8211; Xavaria Experience n\u00e3o assume qualquer responsabilidade por quaisquer danos causados pela utiliza\u00e7\u00e3o de websites de terceiros.<\/p>\n<p><strong>Direitos de propriedade intelectual.<\/strong><br \/>O objetivo deste s\u00edtio Web \u00e9 oferecer \u00e0s pessoas informa\u00e7\u00f5es que lhes possam ser \u00fateis. Salvo indica\u00e7\u00e3o em contr\u00e1rio, o conte\u00fado deste s\u00edtio Web, incluindo o texto e as imagens, bem como a sua disposi\u00e7\u00e3o, s\u00e3o propriedade dos respectivos propriet\u00e1rios. Quer o autor ou os propriet\u00e1rios o desejem, n\u00e3o temos qualquer problema em apagar o texto ou as fotografias. N\u00f3s tratamos do assunto se nos enviar um e-mail.<br \/>Todos os conte\u00fados de terceiros inclu\u00eddos est\u00e3o em conformidade com a utiliza\u00e7\u00e3o justa e s\u00e3o de natureza transformadora, com contexto e coment\u00e1rios adicionais para motivar e inspirar. Por favor, contacte-nos em <u><br \/>\n  <a href=\"mailto:hello@,\">hello@,<\/a><br \/>\n<\/u> se acredita que o seu trabalho protegido por direitos de autor foi violado.<\/p>\n\t\t\t\t\t\t\t\t<\/div>\n\t\t\t\t<\/div>\n\t\t\t\t\t<\/div>\n\t\t\t\t<\/div>\n\t\t\t\t<\/div>\n\t\t","protected":false},"excerpt":{"rendered":"<p>Exonera\u00e7\u00e3o de responsabilidade: Os seguintes termos e condi\u00e7\u00f5es regem a utiliza\u00e7\u00e3o deste s\u00edtio Web(www.xalamtours.com \/ www.xalam.nl). Presume-se que o utilizador leu e aceitou as condi\u00e7\u00f5es de utiliza\u00e7\u00e3o ao utilizar este s\u00edtio Web. Utiliza\u00e7\u00e3o das informa\u00e7\u00f5es.Neste s\u00edtio Web, a Xalam Tours &#8211; Xavaria Experience procura fornecer informa\u00e7\u00f5es exactas e actualizadas. A Xalam Tours &#8211; Xavaria Experience [&hellip;]<\/p>\n","protected":false},"author":1,"featured_media":12751,"parent":0,"menu_order":0,"comment_status":"closed","ping_status":"closed","template":"elementor_theme","meta":{"footnotes":""},"class_list":["post-14672","page","type-page","status-publish","has-post-thumbnail","hentry"],"_links":{"self":[{"href":"https:\/\/www.xalam.nl\/pt-pt\/wp-json\/wp\/v2\/pages\/14672","targetHints":{"allow":["GET"]}}],"collection":[{"href":"https:\/\/www.xalam.nl\/pt-pt\/wp-json\/wp\/v2\/pages"}],"about":[{"href":"https:\/\/www.xalam.nl\/pt-pt\/wp-json\/wp\/v2\/types\/page"}],"author":[{"embeddable":true,"href":"https:\/\/www.xalam.nl\/pt-pt\/wp-json\/wp\/v2\/users\/1"}],"replies":[{"embeddable":true,"href":"https:\/\/www.xalam.nl\/pt-pt\/wp-json\/wp\/v2\/comments?post=14672"}],"version-history":[{"count":1,"href":"https:\/\/www.xalam.nl\/pt-pt\/wp-json\/wp\/v2\/pages\/14672\/revisions"}],"predecessor-version":[{"id":14673,"href":"https:\/\/www.xalam.nl\/pt-pt\/wp-json\/wp\/v2\/pages\/14672\/revisions\/14673"}],"wp:featuredmedia":[{"embeddable":true,"href":"https:\/\/www.xalam.nl\/pt-pt\/wp-json\/wp\/v2\/media\/12751"}],"wp:attachment":[{"href":"https:\/\/www.xalam.nl\/pt-pt\/wp-json\/wp\/v2\/media?parent=14672"}],"curies":[{"name":"wp","href":"https:\/\/api.w.org\/{rel}","templated":true}]}}