{"id":14664,"date":"2023-05-04T20:03:57","date_gmt":"2023-05-04T20:03:57","guid":{"rendered":"https:\/biscoitos\/"},"modified":"2023-06-18T12:30:25","modified_gmt":"2023-06-18T12:30:25","slug":"biscoitos","status":"publish","type":"page","link":"https:\/\/www.xalam.nl\/pt-pt\/biscoitos\/","title":{"rendered":"Biscoitos"},"content":{"rendered":"\t\t<div data-elementor-type=\"wp-page\" data-elementor-id=\"14664\" class=\"elementor elementor-14664 elementor-10195\" data-elementor-post-type=\"page\">\n\t\t\t\t<div class=\"elementor-element elementor-element-c5cc1c9 e-flex e-con-boxed e-con e-parent\" data-id=\"c5cc1c9\" data-element_type=\"container\" data-e-type=\"container\">\n\t\t\t\t\t<div class=\"e-con-inner\">\n\t\t\t\t<div class=\"elementor-element elementor-element-4c8dcfc elementor-widget elementor-widget-text-editor\" data-id=\"4c8dcfc\" data-element_type=\"widget\" data-e-type=\"widget\" data-widget_type=\"text-editor.default\">\n\t\t\t\t<div class=\"elementor-widget-container\">\n\t\t\t\t\t\t\t\t\t<p><strong>Sobre esta pol\u00edtica de cookies<\/strong><\/p>\n<p>Esta Pol\u00edtica de Cookies define cookies e descreve a forma como os utilizamos. Deve ler esta pol\u00edtica para saber mais sobre cookies, como os utilizamos, os v\u00e1rios tipos de cookies que utilizamos, as informa\u00e7\u00f5es que recolhemos utilizando cookies e como as utilizamos e como gerir as suas op\u00e7\u00f5es de cookies. Consulte a nossa <a href=\"https:\/privacy-policy\/\">Pol\u00edtica de Privacidade<\/a> para obter mais informa\u00e7\u00f5es sobre a forma como utilizamos, armazenamos e protegemos os seus dados pessoais.<\/p>\n<p>No nosso s\u00edtio Web, o utilizador pode alterar ou retirar o seu consentimento \u00e0 Declara\u00e7\u00e3o de Cookies em qualquer altura.<\/p>\n<p>Na nossa Pol\u00edtica de Privacidade, pode obter mais informa\u00e7\u00f5es sobre quem somos, como nos contactar e como tratamos os dados pessoais.<\/p>\n<p>O seu consentimento aplica-se aos seguintes dom\u00ednios: <u><br \/>\n  <a href=\"https:\/pt-pt\/\">www.xalamtours.com \/ www.xalam.nl<\/a><br \/>\n<\/u><\/p>\n<p><strong>O que s\u00e3o bolachas?<\/strong><\/p>\n<p>Os cookies s\u00e3o pequenos ficheiros de texto que s\u00e3o utilizados para guardar pequenas quantidades de dados. Quando o s\u00edtio Web \u00e9 carregado no seu navegador, os cookies s\u00e3o guardados no seu dispositivo. Estes cookies ajudam-nos a fazer com que o s\u00edtio Web funcione eficazmente, tornando-o mais seguro, proporcionando uma melhor experi\u00eancia ao utilizador e analisando o desempenho do s\u00edtio Web, o que funciona e o que precisa de ser melhorado.<\/p>\n<p><strong>Como \u00e9 que utilizamos os cookies?<\/strong><\/p>\n<p>O nosso s\u00edtio Web, tal como a maioria dos servi\u00e7os em linha, utiliza cookies pr\u00f3prios e de terceiros para uma s\u00e9rie de objectivos. A maioria dos cookies prim\u00e1rios \u00e9 necess\u00e1ria para que o s\u00edtio Web funcione corretamente e n\u00e3o recolhe quaisquer informa\u00e7\u00f5es de identifica\u00e7\u00e3o pessoal.<\/p>\n<p>Os cookies de terceiros que utilizamos nos nossos s\u00edtios Web destinam-se principalmente a compreender melhor o desempenho do s\u00edtio Web, a forma como interage com ele, a manter os nossos servi\u00e7os seguros, a fornecer-lhe an\u00fancios relevantes e a proporcionar-lhe uma experi\u00eancia de utilizador melhor e mais aperfei\u00e7oada, bem como a ajudar a acelerar futuras interac\u00e7\u00f5es com o nosso s\u00edtio Web.<\/p>\n<p><strong>Que tipos de cookies utilizamos?<\/strong><\/p>\n<p><strong>Essencial<\/strong>: Alguns cookies s\u00e3o necess\u00e1rios para que o utilizador possa utilizar o nosso s\u00edtio no seu potencial m\u00e1ximo. Permitem-nos acompanhar as sess\u00f5es dos utilizadores e proteger-nos contra riscos de seguran\u00e7a. As informa\u00e7\u00f5es pessoais n\u00e3o s\u00e3o recolhidas ou armazenadas por eles. Estes cookies, por exemplo, permitem-lhe entrar na sua conta, adicionar coisas ao seu carrinho de compras e concluir uma compra segura.<\/p>\n<p><strong>Estat\u00edsticas:<\/strong> Estes cookies guardam dados como o n\u00famero de visitantes do s\u00edtio Web, o n\u00famero de visitantes \u00fanicos, as p\u00e1ginas do s\u00edtio Web que foram visitadas, a origem da visita, etc. Estas estat\u00edsticas ajudam-nos a determinar a efic\u00e1cia do funcionamento do s\u00edtio Web e as \u00e1reas em que este pode ser melhorado.<\/p>\n<p><strong>Marketing: <\/strong>Os an\u00fancios s\u00e3o apresentados no nosso s\u00edtio Web. Estes cookies s\u00e3o utilizados para tornar os an\u00fancios que apresentamos mais relevantes para o utilizador, personalizando-os. Estes cookies tamb\u00e9m nos permitem controlar a efic\u00e1cia das nossas iniciativas publicit\u00e1rias.<\/p>\n<p>Os fornecedores de an\u00fancios de terceiros podem utilizar as informa\u00e7\u00f5es contidas nestes cookies para apresentar os seus an\u00fancios noutros s\u00edtios Web dentro do navegador.<\/p>\n<p><strong>Funcionais:<\/strong> Estes s\u00e3o os cookies que ajudam em algumas das fun\u00e7\u00f5es n\u00e3o essenciais do nosso s\u00edtio Web. Estas funcionalidades incluem a incorpora\u00e7\u00e3o de material como v\u00eddeos e a partilha de conte\u00fados de s\u00edtios Web em redes sociais.<\/p>\n<p><strong>Prefer\u00eancias:<\/strong> Estes cookies ajudam-nos a recordar as suas defini\u00e7\u00f5es e escolhas de navega\u00e7\u00e3o, tais como prefer\u00eancias de idioma, para que possa ter uma experi\u00eancia mais personalizada e eficiente em visitas subsequentes ao s\u00edtio Web.<\/p>\n<p><strong>Como posso controlar as prefer\u00eancias de cookies?<\/strong><\/p>\n<p>Pode modificar as suas op\u00e7\u00f5es em qualquer altura durante a sua sess\u00e3o de navega\u00e7\u00e3o, clicando na liga\u00e7\u00e3o &#8220;Cookies&#8221; na barra de ferramentas do seu browser. Isto far\u00e1 aparecer novamente o aviso de consentimento, permitindo-lhe fazer altera\u00e7\u00f5es ou retirar completamente o seu consentimento.<\/p>\n<p>Al\u00e9m disso, v\u00e1rios navegadores oferecem diferentes t\u00e9cnicas para bloquear e apagar os cookies dos s\u00edtios Web. O utilizador pode utilizar as op\u00e7\u00f5es do seu browser para bloquear ou remover cookies. Visite <a href=\"https:\/\/en.wikipedia.org\/wiki\/HTTP_cookie\" target=\"_blank\" rel=\"noopener\">wikipedia.org<\/a>, para saber mais sobre como gerir e eliminar cookies.<\/p>\n\t\t\t\t\t\t\t\t<\/div>\n\t\t\t\t<\/div>\n\t\t\t\t\t<\/div>\n\t\t\t\t<\/div>\n\t\t\t\t<\/div>\n\t\t","protected":false},"excerpt":{"rendered":"<p>Sobre esta pol\u00edtica de cookies Esta Pol\u00edtica de Cookies define cookies e descreve a forma como os utilizamos. Deve ler esta pol\u00edtica para saber mais sobre cookies, como os utilizamos, os v\u00e1rios tipos de cookies que utilizamos, as informa\u00e7\u00f5es que recolhemos utilizando cookies e como as utilizamos e como gerir as suas op\u00e7\u00f5es de cookies. [&hellip;]<\/p>\n","protected":false},"author":1,"featured_media":12751,"parent":0,"menu_order":0,"comment_status":"closed","ping_status":"closed","template":"elementor_theme","meta":{"footnotes":""},"class_list":["post-14664","page","type-page","status-publish","has-post-thumbnail","hentry"],"_links":{"self":[{"href":"https:\/\/www.xalam.nl\/pt-pt\/wp-json\/wp\/v2\/pages\/14664","targetHints":{"allow":["GET"]}}],"collection":[{"href":"https:\/\/www.xalam.nl\/pt-pt\/wp-json\/wp\/v2\/pages"}],"about":[{"href":"https:\/\/www.xalam.nl\/pt-pt\/wp-json\/wp\/v2\/types\/page"}],"author":[{"embeddable":true,"href":"https:\/\/www.xalam.nl\/pt-pt\/wp-json\/wp\/v2\/users\/1"}],"replies":[{"embeddable":true,"href":"https:\/\/www.xalam.nl\/pt-pt\/wp-json\/wp\/v2\/comments?post=14664"}],"version-history":[{"count":1,"href":"https:\/\/www.xalam.nl\/pt-pt\/wp-json\/wp\/v2\/pages\/14664\/revisions"}],"predecessor-version":[{"id":14665,"href":"https:\/\/www.xalam.nl\/pt-pt\/wp-json\/wp\/v2\/pages\/14664\/revisions\/14665"}],"wp:featuredmedia":[{"embeddable":true,"href":"https:\/\/www.xalam.nl\/pt-pt\/wp-json\/wp\/v2\/media\/12751"}],"wp:attachment":[{"href":"https:\/\/www.xalam.nl\/pt-pt\/wp-json\/wp\/v2\/media?parent=14664"}],"curies":[{"name":"wp","href":"https:\/\/api.w.org\/{rel}","templated":true}]}}