{"id":14518,"date":"2023-06-01T23:57:26","date_gmt":"2023-06-01T23:57:26","guid":{"rendered":"https:\/sobre-a-xalam-tours-experiencia-xavaria\/"},"modified":"2023-08-21T12:31:07","modified_gmt":"2023-08-21T12:31:07","slug":"sobre-a-xalam-tours-experiencia-xavaria","status":"publish","type":"page","link":"https:\/\/www.xalam.nl\/pt-pt\/sobre-a-xalam-tours-experiencia-xavaria\/","title":{"rendered":"Sobre a Xalam Tours &#8211; Experi\u00eancia Xavaria"},"content":{"rendered":"\t\t<div data-elementor-type=\"wp-page\" data-elementor-id=\"14518\" class=\"elementor elementor-14518 elementor-11182\" data-elementor-post-type=\"page\">\n\t\t\t\t<div class=\"elementor-element elementor-element-f326a63 e-flex e-con-boxed e-con e-parent\" data-id=\"f326a63\" data-element_type=\"container\" data-e-type=\"container\">\n\t\t\t\t\t<div class=\"e-con-inner\">\n\t\t\t\t\t<\/div>\n\t\t\t\t<\/div>\n\t\t<div class=\"elementor-element elementor-element-efd2bf5 e-flex e-con-boxed e-con e-parent\" data-id=\"efd2bf5\" data-element_type=\"container\" data-e-type=\"container\">\n\t\t\t\t\t<div class=\"e-con-inner\">\n\t\t\t\t<div class=\"elementor-element elementor-element-6727757 elementor-widget elementor-widget-heading\" data-id=\"6727757\" data-element_type=\"widget\" data-e-type=\"widget\" data-widget_type=\"heading.default\">\n\t\t\t\t<div class=\"elementor-widget-container\">\n\t\t\t\t\t<h1 class=\"elementor-heading-title elementor-size-default\">Descubra a ess\u00eancia da Xalam Tours - Experi\u00eancia Xavaria<\/h1>\t\t\t\t<\/div>\n\t\t\t\t<\/div>\n\t\t\t\t<div class=\"elementor-element elementor-element-dec1c2d elementor-widget elementor-widget-text-editor\" data-id=\"dec1c2d\" data-element_type=\"widget\" data-e-type=\"widget\" data-widget_type=\"text-editor.default\">\n\t\t\t\t<div class=\"elementor-widget-container\">\n\t\t\t\t\t\t\t\t\t<p><span style=\"font-size: 14pt;\">Bem-vindo \u00e0 Xalam Tours &#8211; Xavaria Experience, o principal destino para excurs\u00f5es inesquec\u00edveis nos Pa\u00edses Baixos. Com os nossos guias especializados e itiner\u00e1rios seleccionados, esfor\u00e7amo-nos por criar experi\u00eancias extraordin\u00e1rias que mostram a beleza e o encanto das j\u00f3ias escondidas da Holanda. Quer se sinta cativado pelos jardins de tulipas de Keukenhof, pela pitoresca aldeia de Giethoorn ou pelas maravilhas hist\u00f3ricas de Zaanse Schans, a Xalam Tours &#8211; Xavaria Experience est\u00e1 aqui para tornar a sua viagem encantadora.<\/span><\/p>\n\t\t\t\t\t\t\t\t<\/div>\n\t\t\t\t<\/div>\n\t\t\t\t\t<\/div>\n\t\t\t\t<\/div>\n\t\t<div class=\"elementor-element elementor-element-56722fe e-flex e-con-boxed e-con e-parent\" data-id=\"56722fe\" data-element_type=\"container\" data-e-type=\"container\">\n\t\t\t\t\t<div class=\"e-con-inner\">\n\t\t<div class=\"elementor-element elementor-element-ef9d36d e-con-full e-flex e-con e-parent\" data-id=\"ef9d36d\" data-element_type=\"container\" data-e-type=\"container\">\n\t\t\t\t<div class=\"elementor-element elementor-element-03ad7ca elementor-widget elementor-widget-text-editor\" data-id=\"03ad7ca\" data-element_type=\"widget\" data-e-type=\"widget\" data-widget_type=\"text-editor.default\">\n\t\t\t\t<div class=\"elementor-widget-container\">\n\t\t\t\t\t\t\t\t\t<h5><span style=\"text-decoration: underline;\">Especializa\u00e7\u00e3o \u00fanica:<\/span><\/h5>\n<p><span style=\"font-size: 12pt;\">Como um dos principais operadores tur\u00edsticos especializados nos Pa\u00edses Baixos, temos um vasto conhecimento e experi\u00eancia em mostrar as j\u00f3ias escondidas deste pa\u00eds encantador. A nossa equipa de guias experientes e entusiastas de viagens dedica-se a organizar excurs\u00f5es extraordin\u00e1rias que captam a ess\u00eancia da cultura, da hist\u00f3ria e da beleza natural holandesas.<\/span><\/p>\n<h5><span style=\"text-decoration: underline;\">Experi\u00eancias \u00e0 medida:<\/span><\/h5>\n<p><span style=\"font-size: 12pt;\">Compreendemos que cada viajante \u00e9 \u00fanico, e \u00e9 por isso que oferecemos uma gama de excurs\u00f5es privadas personaliz\u00e1veis. Quer seja um entusiasta da hist\u00f3ria, um amante da natureza ou um aficionado da arte, a nossa equipa trabalhar\u00e1 em estreita colabora\u00e7\u00e3o consigo para conceber um itiner\u00e1rio personalizado que v\u00e1 ao encontro dos seus interesses e prefer\u00eancias. Desde excurs\u00f5es privadas ao S\u00e9culo de Ouro Holand\u00eas a aventuras europeias personalizadas, estamos empenhados em criar experi\u00eancias inesquec\u00edveis feitas \u00e0 sua medida.<\/span><\/p>\n<h5><span style=\"text-decoration: underline;\">Guias de especialistas:<\/span><\/h5>\n<p><span style=\"font-size: 12pt;\">Os nossos guias experientes s\u00e3o o cora\u00e7\u00e3o e a alma da Xalam Tours &#8211; Xavaria Experience. Com a sua experi\u00eancia e paix\u00e3o pela narra\u00e7\u00e3o de hist\u00f3rias, d\u00e3o vida \u00e0 hist\u00f3ria e \u00e0 cultura da Holanda, fornecendo informa\u00e7\u00f5es cativantes a cada momento. Quer esteja a passear pelas ruas de cal\u00e7ada de Amesterd\u00e3o, a explorar os moinhos de vento de Zaanse Schans ou a passear pelos canais de Giethoorn, os nossos guias garantem-lhe uma experi\u00eancia informativa e envolvente.<\/span><\/p>\n<h5><span style=\"text-decoration: underline;\">Satisfa\u00e7\u00e3o do cliente:<\/span><\/h5>\n<p><span style=\"font-size: 12pt;\">Na Xalam Tours &#8211; Xavaria Experience, a sua satisfa\u00e7\u00e3o \u00e9 a nossa principal prioridade. Acreditamos em fornecer um servi\u00e7o excecional ao cliente desde o momento em que nos contacta at\u00e9 \u00e0 conclus\u00e3o da sua viagem. Tratamos de todos os pormenores, incluindo o transporte, as reservas e a log\u00edstica, para que possa relaxar e mergulhar totalmente nas maravilhas da Holanda. O nosso compromisso para com a excel\u00eancia valeu-nos cr\u00edticas elogiosas de clientes satisfeitos, tornando-nos uma escolha de confian\u00e7a para viajantes exigentes.<\/span><\/p>\n\t\t\t\t\t\t\t\t<\/div>\n\t\t\t\t<\/div>\n\t\t\t\t<\/div>\n\t\t<div class=\"elementor-element elementor-element-3e13dd0 e-con-full e-flex e-con e-parent\" data-id=\"3e13dd0\" data-element_type=\"container\" data-e-type=\"container\">\n\t\t\t\t<div class=\"elementor-element elementor-element-f181968 elementor-widget elementor-widget-text-editor\" data-id=\"f181968\" data-element_type=\"widget\" data-e-type=\"widget\" data-widget_type=\"text-editor.default\">\n\t\t\t\t<div class=\"elementor-widget-container\">\n\t\t\t\t\t\t\t\t\t<h5><span style=\"text-decoration: underline;\">A nossa paix\u00e3o pela Holanda:<\/span><\/h5>\n<p><span style=\"font-size: 12pt;\">Na Xalam Tours &#8211; Xavaria Experience, somos apaixonados pela rica hist\u00f3ria da Holanda, pela sua cultura vibrante e pelas suas paisagens de cortar a respira\u00e7\u00e3o. A nossa equipa de profissionais dedicados partilha um profundo amor por este pa\u00eds e tem muito orgulho em apresentar aos visitantes os seus tesouros menos conhecidos. Com anos de experi\u00eancia e um vasto conhecimento local, seleccionamos excurs\u00f5es excepcionais que lhe permitem mergulhar na ess\u00eancia da Holanda.<\/span><\/p>\n<h5><span style=\"text-decoration: underline;\">Xalam Tours Liga\u00e7\u00f5es locais:<\/span><\/h5>\n<p><span style=\"font-size: 12pt;\">Como viajantes \u00e1vidos, acreditamos no poder transformador das experi\u00eancias aut\u00eanticas e envolventes. \u00c9 por isso que colaboramos com parceiros e comunidades locais para lhe oferecer uma perspetiva privilegiada dos Pa\u00edses Baixos. As nossas parcerias permitem-nos proporcionar um acesso \u00fanico a eventos culturais, tradi\u00e7\u00f5es locais e locais fora dos circuitos habituais, permitindo-lhe criar mem\u00f3rias queridas que v\u00e3o para al\u00e9m das experi\u00eancias tur\u00edsticas t\u00edpicas.<\/span><\/p>\n<h5><span style=\"text-decoration: underline;\">Junte-se a n\u00f3s (Xalam Tours &#8211; Experi\u00eancia Xavaria:<\/span><\/h5>\n<p><span style=\"font-size: 12pt;\">Est\u00e1 pronto para embarcar numa viagem not\u00e1vel atrav\u00e9s das j\u00f3ias escondidas da Holanda? Navegue pela nossa sele\u00e7\u00e3o de excurs\u00f5es meticulosamente elaboradas e comece a planear a sua aventura hoje mesmo. Contacte a nossa simp\u00e1tica equipa para quaisquer quest\u00f5es ou para discutir op\u00e7\u00f5es de visitas personalizadas. Deixe que a Xalam Tours &#8211; Xavaria Experience seja a sua porta de entrada para uma experi\u00eancia holandesa inesquec\u00edvel.<\/span><\/p>\n<p><span style=\"font-size: 12pt;\">Na Xalam Tours &#8211; Xavaria Experience, somos apaixonados por partilhar os tesouros escondidos da Holanda com viajantes de todo o mundo. Com os nossos guias especializados, itiner\u00e1rios personalizados e um compromisso inabal\u00e1vel com a satisfa\u00e7\u00e3o do cliente, dedicamo-nos a criar experi\u00eancias memor\u00e1veis que o deixar\u00e3o com um profundo apre\u00e7o pela beleza e encanto da Holanda. Junte-se a n\u00f3s numa aventura que ficar\u00e1 consigo muito depois de deixar o nosso pa\u00eds encantador.<\/span><\/p>\n<p><span style=\"font-size: 12pt;\">Contacte-nos hoje para come\u00e7ar a planear a sua aventura de sonho nos Pa\u00edses Baixos. Estamos ansiosos por vos dar as boas-vindas \u00e0 &#8220;Experi\u00eancia Holandesa&#8221; com a Xalam Tours &#8211; Experi\u00eancia Xavaria.<\/span><\/p>\n\t\t\t\t\t\t\t\t<\/div>\n\t\t\t\t<\/div>\n\t\t\t\t<\/div>\n\t\t\t\t\t<\/div>\n\t\t\t\t<\/div>\n\t\t\t\t<section class=\"elementor-section elementor-top-section elementor-element elementor-element-5c0e1e4f elementor-section-boxed elementor-section-height-default elementor-section-height-default\" data-id=\"5c0e1e4f\" data-element_type=\"section\" data-e-type=\"section\" data-settings=\"{&quot;background_background&quot;:&quot;classic&quot;}\">\n\t\t\t\t\t\t<div class=\"elementor-container elementor-column-gap-default\">\n\t\t\t\t\t<div class=\"elementor-column elementor-col-100 elementor-top-column elementor-element elementor-element-35e3ae46\" data-id=\"35e3ae46\" data-element_type=\"column\" data-e-type=\"column\">\n\t\t\t<div class=\"elementor-widget-wrap elementor-element-populated\">\n\t\t\t\t\t\t<div class=\"elementor-element elementor-element-2a79e870 elementor-widget elementor-widget-heading\" data-id=\"2a79e870\" data-element_type=\"widget\" data-e-type=\"widget\" data-widget_type=\"heading.default\">\n\t\t\t\t<div class=\"elementor-widget-container\">\n\t\t\t\t\t<h2 class=\"elementor-heading-title elementor-size-default\">O que dizem os nossos clientes<\/h2>\t\t\t\t<\/div>\n\t\t\t\t<\/div>\n\t\t\t\t<div class=\"elementor-element elementor-element-111e48ec elementor-widget elementor-widget-st_testimonial\" data-id=\"111e48ec\" data-element_type=\"widget\" data-e-type=\"widget\" data-settings=\"{&quot;slides_per_view&quot;:&quot;3&quot;}\" data-widget_type=\"st_testimonial.default\">\n\t\t\t\t<div class=\"elementor-widget-container\">\n\t\t\t\t\t<div class=\"st-testimonial-modern-slider\">\r\n    <div class=\"st-testimonial\" data-effect=\"creative\" data-slides-per-view=\"3\" data-pagination=\"on\" data-navigation=\"on\" data-auto-play=\"off\" data-loop=\"true\" data-delay=\"\">\r\n        <div class=\"service-testimonial-wrapper swiper-container\">\r\n\t\t\t<div class=\"swiper-wrapper\">\r\n                            <div class=\"swiper-slide\">\r\n                    <div class=\"item\">\r\n\r\n                        \r\n                        <p class=\"st-content st-content-lib\">\r\n                            Naufal was a wonderful guide. He had an excellent command of English. Communicated promptly. Was flexible and knowledgeable. Would definitely recommend THANKS                        <\/p>\r\n                        <div class=\"author-meta author-meta-lib\">\r\n                                                                    <i class=\"review-testimonial stt-icon-star1\"><\/i>\r\n                                                                            <i class=\"review-testimonial stt-icon-star1\"><\/i>\r\n                                                                            <i class=\"review-testimonial stt-icon-star1\"><\/i>\r\n                                                                            <i class=\"review-testimonial stt-icon-star1\"><\/i>\r\n                                                                            <i class=\"review-testimonial stt-icon-star1\"><\/i>\r\n                                                                                                    <h4 class=\"name\">Cynthia M.<\/h4>\r\n                                \r\n                                                                <p class=\"office-testimonial office-testimonial-lib\">Customers from U.S.A<\/p>\r\n                                \r\n                        <\/div>\r\n                    <\/div>\r\n                <\/div>\r\n                            <div class=\"swiper-slide\">\r\n                    <div class=\"item\">\r\n\r\n                        \r\n                        <p class=\"st-content st-content-lib\">\r\n                            Save me a lot of hassle. Naufal is a great guide,\u00a0knowledgeable and a very patient person. Always tag along wherever we were, recommend restaurant and spend a couple of hours more than the agreed tour time at no extra cost!                        <\/p>\r\n                        <div class=\"author-meta author-meta-lib\">\r\n                                                                    <i class=\"review-testimonial stt-icon-star1\"><\/i>\r\n                                                                            <i class=\"review-testimonial stt-icon-star1\"><\/i>\r\n                                                                            <i class=\"review-testimonial stt-icon-star1\"><\/i>\r\n                                                                            <i class=\"review-testimonial stt-icon-star1\"><\/i>\r\n                                                                            <i class=\"review-testimonial stt-icon-star1\"><\/i>\r\n                                                                                                    <h4 class=\"name\">Nor Azman Baharum<\/h4>\r\n                                \r\n                                                                <p class=\"office-testimonial office-testimonial-lib\">Customers from Malaysia<\/p>\r\n                                \r\n                        <\/div>\r\n                    <\/div>\r\n                <\/div>\r\n                            <div class=\"swiper-slide\">\r\n                    <div class=\"item\">\r\n\r\n                        \r\n                        <p class=\"st-content st-content-lib\">\r\n                            He is a good guide for my clients. I recommend him if you want to travel in Amsterdam and surrounding city in Benelux.                        <\/p>\r\n                        <div class=\"author-meta author-meta-lib\">\r\n                                                                    <i class=\"review-testimonial stt-icon-star1\"><\/i>\r\n                                                                            <i class=\"review-testimonial stt-icon-star1\"><\/i>\r\n                                                                            <i class=\"review-testimonial stt-icon-star1\"><\/i>\r\n                                                                            <i class=\"review-testimonial stt-icon-star1\"><\/i>\r\n                                                                            <i class=\"review-testimonial stt-icon-star1\"><\/i>\r\n                                                                                                    <h4 class=\"name\">Tinni Maskoen<\/h4>\r\n                                \r\n                                                                <p class=\"office-testimonial office-testimonial-lib\">Customers from Indonesia<\/p>\r\n                                \r\n                        <\/div>\r\n                    <\/div>\r\n                <\/div>\r\n                            <div class=\"swiper-slide\">\r\n                    <div class=\"item\">\r\n\r\n                        \r\n                        <p class=\"st-content st-content-lib\">\r\n                            Nafaul drove us on an excursion all over the Netherlands. What a delightful, upbeat man ~ so enjoyed being with him and having him as a personal tour guide. He never made us feel hurried on the tour Not like a bus Never had such an enjoyable tour day. HIGHLY recommend!                        <\/p>\r\n                        <div class=\"author-meta author-meta-lib\">\r\n                                                                    <i class=\"review-testimonial stt-icon-star1\"><\/i>\r\n                                                                            <i class=\"review-testimonial stt-icon-star1\"><\/i>\r\n                                                                            <i class=\"review-testimonial stt-icon-star1\"><\/i>\r\n                                                                            <i class=\"review-testimonial stt-icon-star1\"><\/i>\r\n                                                                            <i class=\"review-testimonial stt-icon-star1\"><\/i>\r\n                                                                                                    <h4 class=\"name\">Kay Spearman Pierson<\/h4>\r\n                                \r\n                                                                <p class=\"office-testimonial office-testimonial-lib\">Customers from U.S.A<\/p>\r\n                                \r\n                        <\/div>\r\n                    <\/div>\r\n                <\/div>\r\n                            <div class=\"swiper-slide\">\r\n                    <div class=\"item\">\r\n\r\n                        \r\n                        <p class=\"st-content st-content-lib\">\r\n                            Perjalanan keliling Eropa ini sesuai dengan yang saya harapkan. Pelayanan yang profesional, respon yang aktif, serta pengenalan lokasi yang baik. Layak untuk di ulang lagi dengan rute lain.                         <\/p>\r\n                        <div class=\"author-meta author-meta-lib\">\r\n                                                                    <i class=\"review-testimonial stt-icon-star1\"><\/i>\r\n                                                                            <i class=\"review-testimonial stt-icon-star1\"><\/i>\r\n                                                                            <i class=\"review-testimonial stt-icon-star1\"><\/i>\r\n                                                                            <i class=\"review-testimonial stt-icon-star1\"><\/i>\r\n                                                                            <i class=\"review-testimonial stt-icon-star1\"><\/i>\r\n                                                                                                    <h4 class=\"name\">Susantio<\/h4>\r\n                                \r\n                                                                <p class=\"office-testimonial office-testimonial-lib\">Customers from Indonesia<\/p>\r\n                                \r\n                        <\/div>\r\n                    <\/div>\r\n                <\/div>\r\n            \t\t\t<\/div>\r\n        <\/div>\r\n\t\t\t\t<div class=\"swiper-pagination\"><\/div>\r\n\t\t\t\t\t<div class=\"st-button-prev\"><span class=\"stt-icon stt-icon-arrow-left\"><\/span><\/div><div class=\"st-button-next\"><span class=\"stt-icon stt-icon-arrow-right\"><\/span><\/div>\r\n\t\t    <\/div>\r\n<\/div>\r\n\r\n\r\n\t\t\t\t<\/div>\n\t\t\t\t<\/div>\n\t\t\t\t\t<\/div>\n\t\t<\/div>\n\t\t\t\t\t<\/div>\n\t\t<\/section>\n\t\t\t\t<\/div>\n\t\t","protected":false},"excerpt":{"rendered":"<p>Descubra a ess\u00eancia da Xalam Tours &#8211; Experi\u00eancia Xavaria Bem-vindo \u00e0 Xalam Tours &#8211; Xavaria Experience, o principal destino para excurs\u00f5es inesquec\u00edveis nos Pa\u00edses Baixos. Com os nossos guias especializados e itiner\u00e1rios seleccionados, esfor\u00e7amo-nos por criar experi\u00eancias extraordin\u00e1rias que mostram a beleza e o encanto das j\u00f3ias escondidas da Holanda. Quer se sinta cativado pelos [&hellip;]<\/p>\n","protected":false},"author":1,"featured_media":13537,"parent":0,"menu_order":0,"comment_status":"closed","ping_status":"closed","template":"template-blank.php","meta":{"footnotes":""},"class_list":["post-14518","page","type-page","status-publish","has-post-thumbnail","hentry"],"_links":{"self":[{"href":"https:\/\/www.xalam.nl\/pt-pt\/wp-json\/wp\/v2\/pages\/14518","targetHints":{"allow":["GET"]}}],"collection":[{"href":"https:\/\/www.xalam.nl\/pt-pt\/wp-json\/wp\/v2\/pages"}],"about":[{"href":"https:\/\/www.xalam.nl\/pt-pt\/wp-json\/wp\/v2\/types\/page"}],"author":[{"embeddable":true,"href":"https:\/\/www.xalam.nl\/pt-pt\/wp-json\/wp\/v2\/users\/1"}],"replies":[{"embeddable":true,"href":"https:\/\/www.xalam.nl\/pt-pt\/wp-json\/wp\/v2\/comments?post=14518"}],"version-history":[{"count":1,"href":"https:\/\/www.xalam.nl\/pt-pt\/wp-json\/wp\/v2\/pages\/14518\/revisions"}],"predecessor-version":[{"id":14520,"href":"https:\/\/www.xalam.nl\/pt-pt\/wp-json\/wp\/v2\/pages\/14518\/revisions\/14520"}],"wp:featuredmedia":[{"embeddable":true,"href":"https:\/\/www.xalam.nl\/pt-pt\/wp-json\/wp\/v2\/media\/13537"}],"wp:attachment":[{"href":"https:\/\/www.xalam.nl\/pt-pt\/wp-json\/wp\/v2\/media?parent=14518"}],"curies":[{"name":"wp","href":"https:\/\/api.w.org\/{rel}","templated":true}]}}