{"id":14698,"date":"2023-05-04T19:44:26","date_gmt":"2023-05-04T19:44:26","guid":{"rendered":"https:\/termini-e-condizioni\/"},"modified":"2024-05-01T11:56:57","modified_gmt":"2024-05-01T11:56:57","slug":"termini-e-condizioni","status":"publish","type":"page","link":"https:\/\/www.xalam.nl\/it\/termini-e-condizioni\/","title":{"rendered":"Termini e condizioni"},"content":{"rendered":"\t\t<div data-elementor-type=\"wp-page\" data-elementor-id=\"14698\" class=\"elementor elementor-14698 elementor-10184\" data-elementor-post-type=\"page\">\n\t\t\t\t<div class=\"elementor-element elementor-element-985f818 e-con-full e-flex e-con e-parent\" data-id=\"985f818\" data-element_type=\"container\" data-e-type=\"container\">\n\t\t\t\t<div class=\"elementor-element elementor-element-909dde2 elementor-widget elementor-widget-text-editor\" data-id=\"909dde2\" data-element_type=\"widget\" data-e-type=\"widget\" data-widget_type=\"text-editor.default\">\n\t\t\t\t<div class=\"elementor-widget-container\">\n\t\t\t\t\t\t\t\t\t<p><strong>QUESTI SONO I TERMINI E LE CONDIZIONI D&#8217;USO DEL SITO WEB: <a href=\"https:\/it\/\">WWW.XALAMTOURS.COM \/ WWW.XALAM.NL<\/a><\/strong><\/p>\n<p><strong>Dettagli aziendali:<\/strong><br \/>Nome dell&#8217;azienda: XALAM B.V.<br \/>Nome\/i commerciale\/i: Xalam Tours &#8211; Xavaria Experience &#8211; Holland Experience &#8211; Xalam Private Tours<br \/>Indirizzo: Slotermeerlaan 58 &#8211; 1064 HC Amsterdam &#8211; Paesi Bassi<br \/>Numero di telefono: +31 645 42 61 61<br \/>Indirizzo e-mail: hello@<br \/>Numero di identificazione IVA: NL866359825B01<br \/>Numero della Camera di Commercio: 93333986<\/p>\n<p>Si prega di leggere attentamente i seguenti termini che definiscono le condizioni di accesso e di utilizzo del sito web.<\/p>\n<p><strong>ARTICOLO 01 &#8211; DEFINIZIONI<\/strong><\/p>\n<ul>\n<li>L&#8217;espressione &#8220;termini e condizioni d&#8217;uso&#8221; si riferisce ai termini e alle condizioni che regolano l&#8217;utilizzo di questo sito web da parte dell&#8217;utente.<\/li>\n<li>Le funzioni, i dispositivi, le app, le informazioni e gli altri servizi disponibili attraverso questo sito web sono denominati servizi.<\/li>\n<li>Le pagine identificate dal nome di dominio <strong>www.xalamtours.com \/ www.xalam.nl,<\/strong> di propriet\u00e0 e gestite da Xalam Tours &#8211; Xavaria Experience, sono denominate sito web.<\/li>\n<li>Chiunque visiti e\/o utilizzi questo sito web \u00e8 definito utente.<\/li>\n<li>Messaggi, dati, informazioni, testi e altro materiale, compresa la pubblicit\u00e0, sono definiti contenuti.<\/li>\n<\/ul>\n<p><strong>ARTICOLO 02 &#8211; RAPPORTO DELL&#8217;UTENTE CON XALAM TOURS &#8211; XAVARIA EXPERIENCE<\/strong><\/p>\n<p>Accedendo, navigando o utilizzando in altro modo il sito web, l&#8217;utente accetta di essere vincolato dai termini e dalle condizioni d&#8217;uso, nonch\u00e9 da qualsiasi altra disposizione o direttiva a cui si riferiscono i termini e le condizioni d&#8217;uso, nonch\u00e9 da eventuali modifiche future. L&#8217;utente non deve accedere, navigare o utilizzare il sito web in alcun modo se non accetta di essere vincolato da quanto sopra, comprese eventuali modifiche successive.<\/p>\n<p>Xalam Tours &#8211; Xavaria Experience si riserva il diritto di integrare o modificare, a sua esclusiva discrezione, qualsiasi disposizione inclusa nei termini e nelle condizioni d&#8217;uso, compresa qualsiasi disposizione e\/o direttiva a cui si fa riferimento nel sito web.<\/p>\n<p>Le modifiche e le integrazioni entreranno in vigore dopo la loro pubblicazione sul sito web, insieme a una notifica della modifica e\/o dell&#8217;integrazione. Il consenso degli utenti a rispettare le modifiche sar\u00e0 implicito nell&#8217;utilizzo del sito web dopo la pubblicazione della suddetta nota, anche se non ne hanno preso visione. Di conseguenza, l&#8217;utente deve leggere regolarmente i termini e le condizioni d&#8217;uso per assicurarsi di essere a conoscenza dei termini e delle condizioni che regolano l&#8217;uso del sito web.<\/p>\n<p><strong>ARTICOLO 03 &#8211; LA RESPONSABILIT\u00c0 DELL&#8217;UTENTE PER LE SUE AZIONI<\/strong><\/p>\n<p>L&#8217;utente si impegna a sollevare e indennizzare Xalam Tours &#8211; Xavaria Experience da qualsiasi reclamo, azione, richiesta di risarcimento, perdita o danno (comprese le spese legali) derivanti dal comportamento dell&#8217;utente, dalla violazione dei termini di servizio o dalla violazione dei diritti di terzi.<\/p>\n<p><strong>ARTICOLO 04 &#8211; VALIDIT\u00c0 DEI PRODOTTI, MODIFICHE ED EMENDAMENTI<\/strong><\/p>\n<p>I prodotti &#8220;Xalam Tours &#8211; Xavaria Experience&#8221; sono validi solo per le date e gli orari indicati su <strong>www.xalamtours.com \/ www.xalam.nl<\/strong>. Xalam Tours &#8211; Xavaria Experience non \u00e8 responsabile per le informazioni che non offre direttamente.<\/p>\n<p>Il servizio clienti di Xalam Tours &#8211; Xavaria Experience deve essere contattato via e-mail all&#8217;indirizzo hello@ per qualsiasi modifica della prenotazione.<\/p>\n<p>Se la richiesta viene inoltrata dal nostro Servizio Clienti pi\u00f9 di quarantotto (72) ore prima della data prevista per il tour, Xalam Tours &#8211; Xavaria Experience non addebita alcun costo per adeguare o modificare le date o gli orari di una prenotazione esistente. Questa linea guida si applica alla maggior parte delle nostre escursioni, anche se ci sono alcune eccezioni.<\/p>\n<p>Se richiedete un cambio di data\/ora, Xalam Tours &#8211; Xavaria Experience far\u00e0 il possibile per accontentarvi; tuttavia, le richieste di cambio di data\/ora non possono essere garantite perch\u00e9 tutte le richieste e le revisioni sono soggette a disponibilit\u00e0.<\/p>\n<p>Xalam Tours &#8211; Xavaria Experience si riserva il diritto di cancellare, modificare o sostituire qualsiasi viaggio prenotato tramite <strong>www.xalamtours.com<\/strong> \/ <strong>www.xalam.nl<\/strong> in qualsiasi momento e per qualsiasi motivo. L&#8217;utente ha diritto al rimborso completo del prezzo di acquisto originale se non \u00e8 soddisfatto delle alternative fornite in tali casi.<\/p>\n<p><strong>ARTICOLO 05 &#8211; PREZZI \/ OFFERTE<\/strong><\/p>\n<ul>\n<li>Tutte le offerte fatte da Xalam Tours &#8211; Xavaria Experience sono senza impegno, e Xalam Tours &#8211; Xavaria Experience si riserva il diritto di modificare i prezzi, soprattutto se richiesto dalla legge o da altri regolamenti.<\/li>\n<li>Tutti i prezzi sono indicati in euro, IVA inclusa.<\/li>\n<li>In alcuni casi si applicano prezzi promozionali. Questi prezzi sono validi durante l&#8217;arco di tempo specificato e fino a esaurimento scorte. Non vi \u00e8 alcun diritto a questi prezzi prima o dopo il periodo specificato.<\/li>\n<li>Xalam Tours &#8211; Xavaria Experience non pu\u00f2 essere ritenuta responsabile per indicazioni di prezzo palesemente errate, come quelle derivanti da evidenti errori tipografici o di pubblicazione. Un&#8217;informazione errata sui prezzi non pu\u00f2 conferire alcun diritto legale.<\/li>\n<li>Per ogni prenotazione verr\u00e0 addebitata una tassa di prenotazione in percentuale, la cui quantit\u00e0 dipende dall&#8217;evento.<\/li>\n<\/ul>\n<p><strong>ARTICOLO 06 &#8211; PAGAMENTI, RIMBORSI E CANCELLAZIONI<\/strong><\/p>\n<ul>\n<li>Tutte le principali carte di credito, PayPal, iDEAL e altri metodi di pagamento sono accettati da Xalam Tours &#8211; Xavaria Experience.<\/li>\n<li>Per effettuare una prenotazione, dobbiamo ricevere il pagamento completo dal nostro provider di pagamento.<\/li>\n<li>Se cancellate una prenotazione con Xalam Tours &#8211; Xavaria Experience, potrebbe esservi addebitata una tassa di cancellazione da parte di Xalam Tours &#8211; Xavaria Experience. Quando si cancella una prenotazione, si riceve un&#8217;e-mail di conferma della cancellazione e delle spese di cancellazione.<\/li>\n<li>Per ottenere un buono di credito\/rimborso per l&#8217;intero importo del viaggio (escluso il costo della prenotazione), le cancellazioni devono essere inviate via e-mail a hello@ almeno 48 ore prima del tour. Questo voucher sar\u00e0 valido come pagamento o pagamento parziale per qualsiasi tour di Xalam Tours &#8211; Xavaria Experience per un periodo di 12 mesi dall&#8217;emissione del voucher. I tour non rimborsabili e quelli che prevedono una politica di cancellazione separata sono esenti da questa regola.<\/li>\n<li>Cancellazione tra una settimana e 48 ore prima della data di partenza: 50% dell&#8217;importo totale pi\u00f9 le spese amministrative che potrebbero essere imposte.<\/li>\n<li>Le cancellazioni effettuate entro 48 ore dal tour non riceveranno alcun accredito.<\/li>\n<li>Una volta che il tour \u00e8 iniziato \/ No-show, non c&#8217;\u00e8 alcuna possibilit\u00e0 di ottenere il credito per questo tour.<\/li>\n<\/ul>\n<p><strong>ARTICOLO 07 &#8211; LIMITAZIONI E ESCLUSIONI DI RESPONSABILIT\u00c0<\/strong><\/p>\n<p>Xalam Tours &#8211; Xavaria Experience non sar\u00e0 responsabile per nessuna delle seguenti perdite o danni (sia che tali perdite fossero previste, prevedibili, note o altro):<\/p>\n<ul>\n<li>Si verifica una perdita di dati.<\/li>\n<li>Si prevede una riduzione del reddito o degli utili.<\/li>\n<li>Una diminuzione delle entrate.<\/li>\n<li>Un&#8217;occasione sprecata<\/li>\n<li>Danno alla reputazione o perdita di avviamento.<\/li>\n<li>Perdite di terzi, nonch\u00e9 qualsiasi danno indiretto, consequenziale, speciale o esemplare derivante dall&#8217;uso del sito web, indipendentemente dalla modalit\u00e0 di azione.<\/li>\n<\/ul>\n<p>Xalam Tours &#8211; Xavaria Experience non si assume alcuna responsabilit\u00e0 per malattie, crimini, conflitti di lavoro, malfunzionamenti meccanici, restrizioni governative, atti di guerra e\/o terrorismo, condizioni meteorologiche, difetti di qualsiasi mezzo di trasporto, o qualsiasi disavventura o incidente derivante da cause al di fuori del loro controllo. Questo include, ma non si limita a:<\/p>\n<ul>\n<li>La chiusura dei luoghi visitati da Xalam Tours &#8211; Xavaria Experience, dove e quando la chiusura \u00e8 al di fuori del controllo di Xalam Tours &#8211; Xavaria Experience, o dove Xalam Tours &#8211; Xavaria Experience non viene avvisata dal luogo di visita con un tempo sufficiente per informare i clienti, il che pu\u00f2 essere dovuto al tempo inclemente, a manifestazioni e proteste, o semplicemente alla decisione dell&#8217;ultimo minuto del luogo di visita.<\/li>\n<li>L&#8217;impossibilit\u00e0 di visitare monumenti\/aree e\/o luoghi specifici a causa di congestione del traffico, maltempo, manifestazioni e proteste, o perch\u00e9 l&#8217;area \u00e8 in fase di restauro\/costruzione o \u00e8 coperta\/ostacolata alla vista del pubblico.<\/li>\n<\/ul>\n<p>In caso di forza maggiore, Xalam Tours &#8211; Xavaria Experience ha il diritto, senza pregiudizio di altri diritti che le spettano, di sospendere l&#8217;esecuzione del vostro ordine o di sciogliere il contratto senza intervento legale, informandovi per iscritto e senza che Xalam Tours &#8211; Xavaria Experience sia responsabile di alcun risarcimento danni, a meno che, nelle circostanze prevalenti, ci\u00f2 non sia inaccettabile in conformit\u00e0 a tutte le leggi applicabili.<\/p>\n<p>Per forza maggiore si intende qualsiasi guasto che non pu\u00f2 essere attribuito a Xalam Tours &#8211; Xavaria Experience in quanto non pu\u00f2 essere imputato a Xalam Tours &#8211; Xavaria Experience n\u00e9 \u00e8 ritenuto di sua responsabilit\u00e0 per legge, azione legale o opinioni generalmente riconosciute.<\/p>\n<p><strong>  ARTICOLO 08 &#8211; RECLAMI<\/strong><\/p>\n<p>Se un reclamo non viene risolto in modo soddisfacente secondo il cliente, Xalam Tours &#8211; Xavaria Experience deve essere informato entro 72 ore via e-mail all&#8217;indirizzo hello@ con una motivazione valida.<\/p>\n<p>Per tutte le discussioni tra Xalam Tours &#8211; Xavaria Experience e il cliente, si applicano i diritti olandesi.<\/p>\n<p><strong>ARTICOLO 09 &#8211; RECESSO<\/strong><\/p>\n<p>Xalam Tours &#8211; Xavaria Experience ha il diritto di recedere dai termini e dalle condizioni d&#8217;uso e di negare agli utenti l&#8217;accesso al sito web in qualsiasi momento e senza preavviso.<\/p>\n<p><strong>ARTICOLO 10 &#8211; LEGGI IN APPLICAZIONE E TRIBUNALE<\/strong><\/p>\n<p>Se una qualsiasi delle disposizioni contenute nei presenti Termini e Condizioni o in qualsiasi altro accordo con Xalam Tours &#8211; Xavaria Experience \u00e8 in conflitto con qualsiasi regolamento legale applicabile, la disposizione in questione sar\u00e0 abrogata e sostituita da una nuova stipula analoga ammissibile per legge, come stabilito da Xalam Tours &#8211; Xavaria Experience.<\/p>\n<p>Tutti gli accordi stipulati o conclusi da Xalam Tours &#8211; Xavaria Experience sono regolati dalla legge olandese. Eventuali controversie che dovessero insorgere direttamente o indirettamente in conseguenza dei presenti accordi saranno risolte esclusivamente dal Tribunale di Amsterdam.<\/p>\n\t\t\t\t\t\t\t\t<\/div>\n\t\t\t\t<\/div>\n\t\t\t\t<\/div>\n\t\t\t\t<\/div>\n\t\t","protected":false},"excerpt":{"rendered":"<p>QUESTI SONO I TERMINI E LE CONDIZIONI D&#8217;USO DEL SITO WEB: WWW.XALAMTOURS.COM \/ WWW.XALAM.NL Dettagli aziendali:Nome dell&#8217;azienda: XALAM B.V.Nome\/i commerciale\/i: Xalam Tours &#8211; Xavaria Experience &#8211; Holland Experience &#8211; Xalam Private ToursIndirizzo: Slotermeerlaan 58 &#8211; 1064 HC Amsterdam &#8211; Paesi BassiNumero di telefono: +31 645 42 61 61Indirizzo e-mail: hello@Numero di identificazione IVA: NL866359825B01Numero della [&hellip;]<\/p>\n","protected":false},"author":1,"featured_media":12750,"parent":0,"menu_order":0,"comment_status":"closed","ping_status":"closed","template":"elementor_theme","meta":{"footnotes":""},"class_list":["post-14698","page","type-page","status-publish","has-post-thumbnail","hentry"],"_links":{"self":[{"href":"https:\/\/www.xalam.nl\/it\/wp-json\/wp\/v2\/pages\/14698","targetHints":{"allow":["GET"]}}],"collection":[{"href":"https:\/\/www.xalam.nl\/it\/wp-json\/wp\/v2\/pages"}],"about":[{"href":"https:\/\/www.xalam.nl\/it\/wp-json\/wp\/v2\/types\/page"}],"author":[{"embeddable":true,"href":"https:\/\/www.xalam.nl\/it\/wp-json\/wp\/v2\/users\/1"}],"replies":[{"embeddable":true,"href":"https:\/\/www.xalam.nl\/it\/wp-json\/wp\/v2\/comments?post=14698"}],"version-history":[{"count":3,"href":"https:\/\/www.xalam.nl\/it\/wp-json\/wp\/v2\/pages\/14698\/revisions"}],"predecessor-version":[{"id":17692,"href":"https:\/\/www.xalam.nl\/it\/wp-json\/wp\/v2\/pages\/14698\/revisions\/17692"}],"wp:featuredmedia":[{"embeddable":true,"href":"https:\/\/www.xalam.nl\/it\/wp-json\/wp\/v2\/media\/12750"}],"wp:attachment":[{"href":"https:\/\/www.xalam.nl\/it\/wp-json\/wp\/v2\/media?parent=14698"}],"curies":[{"name":"wp","href":"https:\/\/api.w.org\/{rel}","templated":true}]}}