{"id":14670,"date":"2023-05-04T20:05:52","date_gmt":"2023-05-04T20:05:52","guid":{"rendered":"https:\/dichiarazione-di-non-responsabilita\/"},"modified":"2023-06-18T12:30:50","modified_gmt":"2023-06-18T12:30:50","slug":"dichiarazione-di-non-responsabilita","status":"publish","type":"page","link":"https:\/\/www.xalam.nl\/it\/dichiarazione-di-non-responsabilita\/","title":{"rendered":"Dichiarazione di non responsabilit\u00e0"},"content":{"rendered":"\t\t<div data-elementor-type=\"wp-page\" data-elementor-id=\"14670\" class=\"elementor elementor-14670 elementor-10200\" data-elementor-post-type=\"page\">\n\t\t\t\t<div class=\"elementor-element elementor-element-a9ca056 e-flex e-con-boxed e-con e-parent\" data-id=\"a9ca056\" data-element_type=\"container\" data-e-type=\"container\">\n\t\t\t\t\t<div class=\"e-con-inner\">\n\t\t\t\t<div class=\"elementor-element elementor-element-8a53141 elementor-widget elementor-widget-text-editor\" data-id=\"8a53141\" data-element_type=\"widget\" data-e-type=\"widget\" data-widget_type=\"text-editor.default\">\n\t\t\t\t<div class=\"elementor-widget-container\">\n\t\t\t\t\t\t\t\t\t<h3>Esclusione di responsabilit\u00e0:<\/h3>\n<p>I seguenti termini e condizioni regolano l&#8217;utilizzo di questo sito web<strong>(www.xalamtours.com \/ www.xalam.nl)<\/strong>. Si presume che l&#8217;utente abbia letto e accettato le condizioni d&#8217;uso utilizzando questo sito web.<\/p>\n<p><strong>Utilizzo delle informazioni.<\/strong><br \/>Su questo sito web, Xalam Tours &#8211; Xavaria Experience cerca di fornire informazioni accurate e aggiornate. Xalam Tours &#8211; Xavaria Experience non garantisce la completezza, l&#8217;accuratezza o l&#8217;attualit\u00e0 del materiale, anche se raccolto con la massima cura. Il materiale legale contenuto in questo sito \u00e8 di natura generale e non deve essere interpretato come consulenza legale.<\/p>\n<p>Le informazioni non possono essere utilizzate per ricavare alcun diritto. Xalam Tours &#8211; Xavaria Experience declina ogni responsabilit\u00e0 per i danni derivanti dall&#8217;uso delle informazioni o del sito web, nonch\u00e9 per il mancato funzionamento del sito stesso.<br \/>L&#8217;invio e la ricezione di informazioni tramite il sito web o la posta elettronica non stabiliscono immediatamente una connessione tra Xalam Tours &#8211; Xavaria Experience e l&#8217;utente del sito web.<\/p>\n<p><strong>E-mail.<\/strong><br \/>Poich\u00e9 la ricezione tempestiva delle e-mail non pu\u00f2 essere garantita, Xalam Tours &#8211; Xavaria Experience non promette che le e-mail ad essa indirizzate saranno ricevute o elaborate (in tempo). A causa dei problemi di sicurezza che ne derivano, la sicurezza del traffico e-mail non pu\u00f2 essere garantita completamente. L&#8217;utente accetta questo rischio comunicando con Xalam Tours &#8211; Xavaria Experience tramite e-mail senza crittografia o password di protezione.<\/p>\n<p><strong>Collegamenti ipertestuali.<\/strong><br \/>Questo sito web pu\u00f2 contenere link a siti web di terzi. Xalam Tours &#8211; Xavaria Experience non ha alcun controllo e non \u00e8 responsabile della disponibilit\u00e0 o del contenuto dei siti web di terzi. Di conseguenza, Xalam Tours &#8211; Xavaria Experience non si assume alcuna responsabilit\u00e0 per eventuali danni causati dall&#8217;utilizzo di siti web di terzi.<\/p>\n<p><strong>Diritti di propriet\u00e0 intellettuale.<\/strong><br \/>Lo scopo di questo sito \u00e8 quello di offrire alle persone informazioni che possono trovare utili. Se non diversamente specificato, i contenuti di questo sito web, compresi i testi e le immagini, e la loro disposizione, sono di propriet\u00e0 dei rispettivi titolari. Se l&#8217;autore o i proprietari lo desiderano, non abbiamo problemi a cancellare il testo o le foto. Ci occuperemo di questo se ci inviate un&#8217;e-mail.<br \/>Tutti i contenuti di terze parti inclusi sono conformi al fair use e di natura trasformativa, con un contesto e un commento aggiuntivi per motivi di motivazione e ispirazione. Contattateci all&#8217;indirizzo <u><br \/>\n  <a href=\"mailto:hello@,\">hello@,<\/a><br \/>\n<\/u> se ritenete che la vostra opera protetta da copyright sia stata violata.<\/p>\n\t\t\t\t\t\t\t\t<\/div>\n\t\t\t\t<\/div>\n\t\t\t\t\t<\/div>\n\t\t\t\t<\/div>\n\t\t\t\t<\/div>\n\t\t","protected":false},"excerpt":{"rendered":"<p>Esclusione di responsabilit\u00e0: I seguenti termini e condizioni regolano l&#8217;utilizzo di questo sito web(www.xalamtours.com \/ www.xalam.nl). Si presume che l&#8217;utente abbia letto e accettato le condizioni d&#8217;uso utilizzando questo sito web. Utilizzo delle informazioni.Su questo sito web, Xalam Tours &#8211; Xavaria Experience cerca di fornire informazioni accurate e aggiornate. Xalam Tours &#8211; Xavaria Experience non [&hellip;]<\/p>\n","protected":false},"author":1,"featured_media":12750,"parent":0,"menu_order":0,"comment_status":"closed","ping_status":"closed","template":"elementor_theme","meta":{"footnotes":""},"class_list":["post-14670","page","type-page","status-publish","has-post-thumbnail","hentry"],"_links":{"self":[{"href":"https:\/\/www.xalam.nl\/it\/wp-json\/wp\/v2\/pages\/14670","targetHints":{"allow":["GET"]}}],"collection":[{"href":"https:\/\/www.xalam.nl\/it\/wp-json\/wp\/v2\/pages"}],"about":[{"href":"https:\/\/www.xalam.nl\/it\/wp-json\/wp\/v2\/types\/page"}],"author":[{"embeddable":true,"href":"https:\/\/www.xalam.nl\/it\/wp-json\/wp\/v2\/users\/1"}],"replies":[{"embeddable":true,"href":"https:\/\/www.xalam.nl\/it\/wp-json\/wp\/v2\/comments?post=14670"}],"version-history":[{"count":1,"href":"https:\/\/www.xalam.nl\/it\/wp-json\/wp\/v2\/pages\/14670\/revisions"}],"predecessor-version":[{"id":14671,"href":"https:\/\/www.xalam.nl\/it\/wp-json\/wp\/v2\/pages\/14670\/revisions\/14671"}],"wp:featuredmedia":[{"embeddable":true,"href":"https:\/\/www.xalam.nl\/it\/wp-json\/wp\/v2\/media\/12750"}],"wp:attachment":[{"href":"https:\/\/www.xalam.nl\/it\/wp-json\/wp\/v2\/media?parent=14670"}],"curies":[{"name":"wp","href":"https:\/\/api.w.org\/{rel}","templated":true}]}}