{"id":14662,"date":"2023-05-04T20:03:57","date_gmt":"2023-05-04T20:03:57","guid":{"rendered":"https:\/biscotti\/"},"modified":"2023-06-18T12:30:24","modified_gmt":"2023-06-18T12:30:24","slug":"biscotti","status":"publish","type":"page","link":"https:\/\/www.xalam.nl\/it\/biscotti\/","title":{"rendered":"Biscotti"},"content":{"rendered":"\t\t<div data-elementor-type=\"wp-page\" data-elementor-id=\"14662\" class=\"elementor elementor-14662 elementor-10195\" data-elementor-post-type=\"page\">\n\t\t\t\t<div class=\"elementor-element elementor-element-c5cc1c9 e-flex e-con-boxed e-con e-parent\" data-id=\"c5cc1c9\" data-element_type=\"container\" data-e-type=\"container\">\n\t\t\t\t\t<div class=\"e-con-inner\">\n\t\t\t\t<div class=\"elementor-element elementor-element-4c8dcfc elementor-widget elementor-widget-text-editor\" data-id=\"4c8dcfc\" data-element_type=\"widget\" data-e-type=\"widget\" data-widget_type=\"text-editor.default\">\n\t\t\t\t<div class=\"elementor-widget-container\">\n\t\t\t\t\t\t\t\t\t<p><strong>Informazioni sulla politica dei cookie<\/strong><\/p>\n<p>La presente Informativa sui cookie definisce i cookie e descrive come li utilizziamo. L&#8217;utente dovrebbe leggere questa informativa per conoscere i cookie, il loro utilizzo, i diversi tipi di cookie che utilizziamo, le informazioni che raccogliamo utilizzando i cookie e il modo in cui le utilizziamo e come gestire le scelte relative ai cookie. Per maggiori dettagli sulle modalit\u00e0 di utilizzo, archiviazione e protezione dei dati personali, consultare la nostra <a href=\"https:\/privacy-policy\/\">Informativa sulla privacy<\/a>.<\/p>\n<p>Sul nostro sito web, l&#8217;utente pu\u00f2 modificare o revocare il proprio consenso alla Dichiarazione sui cookie in qualsiasi momento.<\/p>\n<p>Nella nostra Informativa sulla privacy, potrete saperne di pi\u00f9 su chi siamo, su come contattarci e su come trattiamo i dati personali.<\/p>\n<p>Il vostro consenso si applica ai seguenti domini: <u><br \/>\n  <a href=\"https:\/it\/\">www.xalamtours.com \/ www.xalam.nl<\/a><br \/>\n<\/u><\/p>\n<p><strong>Cosa sono i biscotti?<\/strong><\/p>\n<p>I cookie sono piccoli file di testo utilizzati per salvare piccole quantit\u00e0 di dati. Quando il sito web viene caricato nel browser, i cookie vengono salvati sul dispositivo dell&#8217;utente. Questi cookie ci aiutano a far funzionare il sito web in modo efficace, a renderlo pi\u00f9 sicuro, a fornire una migliore esperienza all&#8217;utente e ad analizzare le prestazioni del sito web, ci\u00f2 che funziona e ci\u00f2 che deve essere migliorato.<\/p>\n<p><strong>Come utilizziamo i cookie?<\/strong><\/p>\n<p>Il nostro sito web, come la maggior parte dei servizi online, utilizza cookie di prima parte e di terze parti per una serie di obiettivi. La maggior parte dei cookie di prima parte \u00e8 necessaria per il corretto funzionamento del sito web e non raccoglie alcuna informazione di carattere personale.<\/p>\n<p>I cookie di terze parti che utilizziamo sui nostri siti web servono principalmente a capire meglio come funziona il sito web, come interagite con esso, a mantenere sicuri i nostri servizi, a fornirvi pubblicit\u00e0 pertinenti e a offrirvi un&#8217;esperienza utente migliore e migliorata, nonch\u00e9 a velocizzare le future interazioni con il nostro sito web.<\/p>\n<p><strong>Quali tipi di cookie utilizziamo?<\/strong><\/p>\n<p><strong>Essenziale<\/strong>: Alcuni cookie sono necessari per poter utilizzare il nostro sito al massimo delle sue potenzialit\u00e0. Ci permettono di tenere traccia delle sessioni degli utenti e di prevenire i rischi per la sicurezza. I dati personali non vengono raccolti o memorizzati da loro. Questi cookie, ad esempio, consentono all&#8217;utente di accedere al proprio account, aggiungere oggetti al carrello e completare un checkout sicuro.<\/p>\n<p><strong>Statistiche:<\/strong> Questi cookie salvano dati come il numero di visitatori del sito web, il numero di visitatori unici, le pagine del sito web visitate, la fonte della visita e cos\u00ec via. Queste statistiche ci aiutano a determinare l&#8217;efficacia del funzionamento del sito web e a stabilire dove sia possibile migliorarlo.<\/p>\n<p><strong>Marketing: <\/strong>Le pubblicit\u00e0 vengono mostrate sul nostro sito web. Questi cookie vengono utilizzati per rendere gli annunci pubblicitari visualizzati pi\u00f9 pertinenti per l&#8217;utente, personalizzandoli. Questi cookie ci permettono anche di monitorare l&#8217;efficacia delle nostre iniziative pubblicitarie.<\/p>\n<p>I fornitori di pubblicit\u00e0 di terze parti possono utilizzare le informazioni contenute in questi cookie per visualizzare la vostra pubblicit\u00e0 su altri siti web all&#8217;interno del browser.<\/p>\n<p><strong>Funzionali:<\/strong> Si tratta di cookie che aiutano a svolgere alcune funzioni non essenziali del nostro sito web. Queste funzioni includono l&#8217;incorporazione di materiale come i video e la condivisione dei contenuti del sito web sui social network.<\/p>\n<p><strong>Preferenze:<\/strong> Questi cookie ci aiutano a ricordare le impostazioni e le scelte di navigazione dell&#8217;utente, come ad esempio le preferenze di lingua, in modo che l&#8217;utente possa avere un&#8217;esperienza pi\u00f9 personalizzata ed efficiente nelle visite successive al sito web.<\/p>\n<p><strong>Come posso controllare le preferenze sui cookie?<\/strong><\/p>\n<p>\u00c8 possibile modificare le opzioni in qualsiasi momento della sessione di navigazione facendo clic sul link &#8220;Cookie&#8221; nella barra degli strumenti del browser. In questo modo verr\u00e0 nuovamente visualizzata l&#8217;informativa sul consenso, che vi consentir\u00e0 di apportare modifiche o di revocare completamente il vostro consenso.<\/p>\n<p>Inoltre, i vari browser offrono tecniche diverse per bloccare e cancellare i cookie dei siti web. L&#8217;utente pu\u00f2 utilizzare le opzioni del proprio browser per bloccare o rimuovere i cookie. Visitate il sito <a href=\"https:\/\/en.wikipedia.org\/wiki\/HTTP_cookie\" target=\"_blank\" rel=\"noopener\">wikipedia.org<\/a> per saperne di pi\u00f9 su come gestire ed eliminare i cookie.<\/p>\n\t\t\t\t\t\t\t\t<\/div>\n\t\t\t\t<\/div>\n\t\t\t\t\t<\/div>\n\t\t\t\t<\/div>\n\t\t\t\t<\/div>\n\t\t","protected":false},"excerpt":{"rendered":"<p>Informazioni sulla politica dei cookie La presente Informativa sui cookie definisce i cookie e descrive come li utilizziamo. L&#8217;utente dovrebbe leggere questa informativa per conoscere i cookie, il loro utilizzo, i diversi tipi di cookie che utilizziamo, le informazioni che raccogliamo utilizzando i cookie e il modo in cui le utilizziamo e come gestire le [&hellip;]<\/p>\n","protected":false},"author":1,"featured_media":12750,"parent":0,"menu_order":0,"comment_status":"closed","ping_status":"closed","template":"elementor_theme","meta":{"footnotes":""},"class_list":["post-14662","page","type-page","status-publish","has-post-thumbnail","hentry"],"_links":{"self":[{"href":"https:\/\/www.xalam.nl\/it\/wp-json\/wp\/v2\/pages\/14662","targetHints":{"allow":["GET"]}}],"collection":[{"href":"https:\/\/www.xalam.nl\/it\/wp-json\/wp\/v2\/pages"}],"about":[{"href":"https:\/\/www.xalam.nl\/it\/wp-json\/wp\/v2\/types\/page"}],"author":[{"embeddable":true,"href":"https:\/\/www.xalam.nl\/it\/wp-json\/wp\/v2\/users\/1"}],"replies":[{"embeddable":true,"href":"https:\/\/www.xalam.nl\/it\/wp-json\/wp\/v2\/comments?post=14662"}],"version-history":[{"count":1,"href":"https:\/\/www.xalam.nl\/it\/wp-json\/wp\/v2\/pages\/14662\/revisions"}],"predecessor-version":[{"id":14663,"href":"https:\/\/www.xalam.nl\/it\/wp-json\/wp\/v2\/pages\/14662\/revisions\/14663"}],"wp:featuredmedia":[{"embeddable":true,"href":"https:\/\/www.xalam.nl\/it\/wp-json\/wp\/v2\/media\/12750"}],"wp:attachment":[{"href":"https:\/\/www.xalam.nl\/it\/wp-json\/wp\/v2\/media?parent=14662"}],"curies":[{"name":"wp","href":"https:\/\/api.w.org\/{rel}","templated":true}]}}