{"id":14658,"date":"2023-05-04T20:03:57","date_gmt":"2023-05-04T20:03:57","guid":{"rendered":"https:\/cookies\/"},"modified":"2023-06-18T12:30:23","modified_gmt":"2023-06-18T12:30:23","slug":"cookies","status":"publish","type":"page","link":"https:\/\/www.xalam.nl\/fr\/cookies\/","title":{"rendered":"Cookies"},"content":{"rendered":"\t\t<div data-elementor-type=\"wp-page\" data-elementor-id=\"14658\" class=\"elementor elementor-14658 elementor-10195\" data-elementor-post-type=\"page\">\n\t\t\t\t<div class=\"elementor-element elementor-element-c5cc1c9 e-flex e-con-boxed e-con e-parent\" data-id=\"c5cc1c9\" data-element_type=\"container\" data-e-type=\"container\">\n\t\t\t\t\t<div class=\"e-con-inner\">\n\t\t\t\t<div class=\"elementor-element elementor-element-4c8dcfc elementor-widget elementor-widget-text-editor\" data-id=\"4c8dcfc\" data-element_type=\"widget\" data-e-type=\"widget\" data-widget_type=\"text-editor.default\">\n\t\t\t\t<div class=\"elementor-widget-container\">\n\t\t\t\t\t\t\t\t\t<p><strong>\u00c0 propos de cette politique en mati\u00e8re de cookies<\/strong><\/p>\n<p>La pr\u00e9sente politique en mati\u00e8re de cookies d\u00e9finit les cookies et d\u00e9crit la mani\u00e8re dont nous les utilisons. Nous vous invitons \u00e0 lire cette politique pour en savoir plus sur les cookies, leur utilisation, les nombreux types de cookies que nous utilisons, les informations que nous recueillons \u00e0 l&rsquo;aide des cookies et la mani\u00e8re dont nous les utilisons, ainsi que la mani\u00e8re de g\u00e9rer vos choix en mati\u00e8re de cookies. Consultez notre <a href=\"https:\/fr\/politique-de-confidentialite\/\">politique de confidentialit\u00e9<\/a> pour plus de d\u00e9tails sur la mani\u00e8re dont nous utilisons, stockons et prot\u00e9geons vos donn\u00e9es personnelles.<\/p>\n<p>Sur notre site web, vous pouvez \u00e0 tout moment modifier ou retirer votre consentement \u00e0 la d\u00e9claration sur les cookies.<\/p>\n<p>Dans notre politique de confidentialit\u00e9, vous pouvez en savoir plus sur qui nous sommes, comment nous contacter et comment nous traitons les donn\u00e9es \u00e0 caract\u00e8re personnel.<\/p>\n<p>Votre consentement s&rsquo;applique aux domaines suivants : <u><br \/>\n  <a href=\"https:\/fr\/\">www.xalamtours.com \/ www.xalam.nl<\/a><br \/>\n<\/u><\/p>\n<p><strong>Qu&rsquo;est-ce qu&rsquo;un biscuit ?<\/strong><\/p>\n<p>Les cookies sont de petits fichiers texte utilis\u00e9s pour enregistrer de petites quantit\u00e9s de donn\u00e9es. Lorsque le site web est charg\u00e9 dans votre navigateur, des cookies sont enregistr\u00e9s sur votre appareil. Ces cookies nous aident \u00e0 faire fonctionner le site web de mani\u00e8re efficace, \u00e0 le rendre plus s\u00fbr, \u00e0 offrir une meilleure exp\u00e9rience \u00e0 l&rsquo;utilisateur et \u00e0 analyser les performances du site web, ce qui fonctionne et ce qui doit \u00eatre am\u00e9lior\u00e9.<\/p>\n<p><strong>Comment utilisons-nous les cookies ?<\/strong><\/p>\n<p>Notre site web, comme la plupart des services en ligne, utilise des cookies de premi\u00e8re partie et de tierce partie pour divers objectifs. La majorit\u00e9 des cookies de premi\u00e8re partie sont n\u00e9cessaires au bon fonctionnement du site web et ne collectent pas d&rsquo;informations d&rsquo;identification personnelle.<\/p>\n<p>Les cookies de tiers que nous utilisons sur nos sites web servent principalement \u00e0 mieux comprendre comment le site web fonctionne, comment vous interagissez avec lui, \u00e0 assurer la s\u00e9curit\u00e9 de nos services, \u00e0 vous fournir des publicit\u00e9s pertinentes et \u00e0 vous offrir une exp\u00e9rience utilisateur meilleure et am\u00e9lior\u00e9e, ainsi qu&rsquo;\u00e0 acc\u00e9l\u00e9rer les interactions futures avec notre site web.<\/p>\n<p><strong>Quels types de cookies utilisons-nous ?<\/strong><\/p>\n<p><strong>Essentiel<\/strong>: Certains cookies sont n\u00e9cessaires pour que vous puissiez utiliser notre site au maximum de ses possibilit\u00e9s. Ils nous permettent de suivre les sessions des utilisateurs et de nous pr\u00e9munir contre les risques de s\u00e9curit\u00e9. Ils ne collectent ni ne conservent d&rsquo;informations personnelles. Ces cookies vous permettent, par exemple, d&rsquo;acc\u00e9der \u00e0 votre compte, d&rsquo;ajouter des articles \u00e0 votre panier et d&rsquo;effectuer un paiement s\u00e9curis\u00e9.<\/p>\n<p><strong>Statistiques :<\/strong> Ces cookies enregistrent des donn\u00e9es telles que le nombre de visiteurs du site web, le nombre de visiteurs uniques, les pages du site web qui ont \u00e9t\u00e9 visit\u00e9es, la source de la visite, etc. Ces statistiques nous aident \u00e0 d\u00e9terminer l&rsquo;efficacit\u00e9 du fonctionnement du site web et les points \u00e0 am\u00e9liorer.<\/p>\n<p><strong>Marketing : <\/strong>Des publicit\u00e9s sont affich\u00e9es sur notre site web. Ces cookies sont utilis\u00e9s pour rendre les publicit\u00e9s que nous affichons plus pertinentes pour vous en les personnalisant. Ces cookies nous permettent \u00e9galement d&rsquo;\u00e9valuer l&rsquo;efficacit\u00e9 de nos initiatives publicitaires.<\/p>\n<p>Des fournisseurs de publicit\u00e9 tiers peuvent utiliser les informations contenues dans ces cookies pour afficher vos publicit\u00e9s sur d&rsquo;autres sites web \u00e0 l&rsquo;int\u00e9rieur du navigateur.<\/p>\n<p><strong>Fonctionnels :<\/strong> Il s&rsquo;agit des cookies qui contribuent \u00e0 certaines fonctions non essentielles de notre site web. Ces fonctionnalit\u00e9s comprennent l&rsquo;int\u00e9gration de mat\u00e9riel tel que des vid\u00e9os et le partage du contenu du site web sur les r\u00e9seaux sociaux.<\/p>\n<p><strong>Pr\u00e9f\u00e9rences :<\/strong> Ces cookies nous aident \u00e0 m\u00e9moriser vos param\u00e8tres et vos choix de navigation, tels que les pr\u00e9f\u00e9rences linguistiques, afin que vous puissiez b\u00e9n\u00e9ficier d&rsquo;une exp\u00e9rience plus personnalis\u00e9e et plus efficace lors de vos visites ult\u00e9rieures sur le site web.<\/p>\n<p><strong>Comment puis-je contr\u00f4ler les pr\u00e9f\u00e9rences en mati\u00e8re de cookies ?<\/strong><\/p>\n<p>Vous pouvez modifier vos options \u00e0 tout moment au cours de votre session de navigation en cliquant sur le lien \u00ab\u00a0Cookies\u00a0\u00bb dans la barre d&rsquo;outils de votre navigateur. L&rsquo;avis de consentement s&rsquo;affichera \u00e0 nouveau, ce qui vous permettra d&rsquo;apporter des modifications ou de retirer compl\u00e8tement votre consentement.<\/p>\n<p>En outre, les navigateurs proposent diff\u00e9rentes techniques pour bloquer et supprimer les cookies des sites web. Vous pouvez utiliser les options de votre navigateur pour bloquer ou supprimer les cookies. Visitez le site <a href=\"https:\/\/en.wikipedia.org\/wiki\/HTTP_cookie\" target=\"_blank\" rel=\"noopener\">wikipedia.org<\/a> pour en savoir plus sur la mani\u00e8re de g\u00e9rer et de supprimer les cookies.<\/p>\n\t\t\t\t\t\t\t\t<\/div>\n\t\t\t\t<\/div>\n\t\t\t\t\t<\/div>\n\t\t\t\t<\/div>\n\t\t\t\t<\/div>\n\t\t","protected":false},"excerpt":{"rendered":"<p>\u00c0 propos de cette politique en mati\u00e8re de cookies La pr\u00e9sente politique en mati\u00e8re de cookies d\u00e9finit les cookies et d\u00e9crit la mani\u00e8re dont nous les utilisons. Nous vous invitons \u00e0 lire cette politique pour en savoir plus sur les cookies, leur utilisation, les nombreux types de cookies que nous utilisons, les informations que nous [&hellip;]<\/p>\n","protected":false},"author":1,"featured_media":12747,"parent":0,"menu_order":0,"comment_status":"closed","ping_status":"closed","template":"elementor_theme","meta":{"footnotes":""},"class_list":["post-14658","page","type-page","status-publish","has-post-thumbnail","hentry"],"_links":{"self":[{"href":"https:\/\/www.xalam.nl\/fr\/wp-json\/wp\/v2\/pages\/14658","targetHints":{"allow":["GET"]}}],"collection":[{"href":"https:\/\/www.xalam.nl\/fr\/wp-json\/wp\/v2\/pages"}],"about":[{"href":"https:\/\/www.xalam.nl\/fr\/wp-json\/wp\/v2\/types\/page"}],"author":[{"embeddable":true,"href":"https:\/\/www.xalam.nl\/fr\/wp-json\/wp\/v2\/users\/1"}],"replies":[{"embeddable":true,"href":"https:\/\/www.xalam.nl\/fr\/wp-json\/wp\/v2\/comments?post=14658"}],"version-history":[{"count":1,"href":"https:\/\/www.xalam.nl\/fr\/wp-json\/wp\/v2\/pages\/14658\/revisions"}],"predecessor-version":[{"id":14659,"href":"https:\/\/www.xalam.nl\/fr\/wp-json\/wp\/v2\/pages\/14658\/revisions\/14659"}],"wp:featuredmedia":[{"embeddable":true,"href":"https:\/\/www.xalam.nl\/fr\/wp-json\/wp\/v2\/media\/12747"}],"wp:attachment":[{"href":"https:\/\/www.xalam.nl\/fr\/wp-json\/wp\/v2\/media?parent=14658"}],"curies":[{"name":"wp","href":"https:\/\/api.w.org\/{rel}","templated":true}]}}