{"id":14652,"date":"2023-05-04T20:00:07","date_gmt":"2023-05-04T20:00:07","guid":{"rendered":"https:\/politique-de-confidentialite\/"},"modified":"2024-05-01T12:00:00","modified_gmt":"2024-05-01T12:00:00","slug":"politique-de-confidentialite","status":"publish","type":"page","link":"https:\/\/www.xalam.nl\/fr\/politique-de-confidentialite\/","title":{"rendered":"Politique de confidentialit\u00e9"},"content":{"rendered":"\t\t<div data-elementor-type=\"wp-page\" data-elementor-id=\"14652\" class=\"elementor elementor-14652 elementor-10190\" data-elementor-post-type=\"page\">\n\t\t\t\t<div class=\"elementor-element elementor-element-33ef8e0 e-flex e-con-boxed e-con e-parent\" data-id=\"33ef8e0\" data-element_type=\"container\" data-e-type=\"container\">\n\t\t\t\t\t<div class=\"e-con-inner\">\n\t\t\t\t<div class=\"elementor-element elementor-element-eff9cd4 elementor-widget elementor-widget-text-editor\" data-id=\"eff9cd4\" data-element_type=\"widget\" data-e-type=\"widget\" data-widget_type=\"text-editor.default\">\n\t\t\t\t<div class=\"elementor-widget-container\">\n\t\t\t\t\t\t\t\t\t<p>Xalam Tours &#8211; Xavaria Experience est situ\u00e9 \u00e0 :<br \/>Slotermeerlaan 58<br \/>1064 HC Amsterdam<br \/>Pays-Bas<\/p>\n<p>Xalam Tours &#8211; Xavaria Experience s&rsquo;engage \u00e0 prot\u00e9ger votre vie priv\u00e9e lors de l&rsquo;utilisation de son site web. La pr\u00e9sente d\u00e9claration de confidentialit\u00e9 s&rsquo;applique \u00e0 www.xalamtours.com (ci-apr\u00e8s \u00ab\u00a0nous\u00a0\u00bb, \u00ab\u00a0nous\u00a0\u00bb ou \u00ab\u00a0www.xalam.nl\u00a0\u00bb). Nous accordons une grande importance \u00e0 votre vie priv\u00e9e et nous nous engageons \u00e0 prot\u00e9ger toute information personnelle identifiable que vous divulguez sur le site Web. La pr\u00e9sente politique de confidentialit\u00e9 (\u00ab\u00a0politique de confidentialit\u00e9\u00a0\u00bb) explique quelles informations peuvent \u00eatre collect\u00e9es sur notre site web, comment nous les utilisons et quand nous pouvons les partager avec d&rsquo;autres parties. La pr\u00e9sente politique de confidentialit\u00e9 ne s&rsquo;applique qu&rsquo;aux donn\u00e9es que nous recueillons par le biais du site web ; elle ne s&rsquo;applique pas aux donn\u00e9es que nous recueillons \u00e0 partir d&rsquo;autres sources. Les r\u00e8gles et pratiques g\u00e9n\u00e9rales r\u00e9gissant votre utilisation de notre site Web sont d\u00e9finies dans la pr\u00e9sente politique de confidentialit\u00e9, ainsi que dans les conditions g\u00e9n\u00e9rales affich\u00e9es sur notre site Web. Il se peut que vous deviez accepter des conditions suppl\u00e9mentaires en fonction de votre comportement lorsque vous visitez notre site Web.<\/p>\n<p><strong>Visiteurs du site web<\/strong><br \/>Xalam Tours &#8211; Xavaria Experience recueille des informations d&rsquo;identification non personnelles du type de celles que les navigateurs et serveurs Web mettent g\u00e9n\u00e9ralement \u00e0 disposition, telles que le type de navigateur, le choix de la langue, le site de r\u00e9f\u00e9rence, ainsi que la date et l&rsquo;heure de chaque requ\u00eate du visiteur, \u00e0 l&rsquo;instar d&rsquo;autres op\u00e9rateurs de sites Web. L&rsquo;objectif de la collecte d&rsquo;informations non personnelles est de permettre \u00e0 Xalam Tours &#8211; Xavaria Experience de mieux comprendre comment ses visiteurs utilisent son site web. Xalam Tours &#8211; Xavaria Experience peut divulguer des informations non personnelles dans l&rsquo;ensemble de temps en temps, par exemple en publiant un rapport sur les mod\u00e8les d&rsquo;utilisation du site Web.<br \/>Pour les utilisateurs connect\u00e9s et ceux qui postent des commentaires sur les articles du blog https:, Xalam Tours &#8211; Xavaria Experience recueille \u00e9galement des informations potentiellement nominatives telles que les adresses de protocole Internet (IP). Xalam Tours &#8211; Xavaria Experience n&rsquo;utilise et ne divulgue les adresses IP des utilisateurs connect\u00e9s et des commentateurs que dans les m\u00eames circonstances que celles dans lesquelles elle utilise et divulgue les informations d&rsquo;identification personnelle, comme indiqu\u00e9 ci-dessous.<\/p>\n<p><strong>Collecte d&rsquo;informations d&rsquo;identification personnelle<\/strong><br \/>Certains visiteurs du site Web choisissent d&rsquo;interagir avec Xalam Tours &#8211; Xavaria Experience d&rsquo;une mani\u00e8re qui exige que Xalam Tours &#8211; Xavaria Experience recueille des informations d&rsquo;identification personnelle. La quantit\u00e9 et le type d&rsquo;informations recueillies par Xalam Tours &#8211; Xavaria Experience sont d\u00e9termin\u00e9s par la nature de l&rsquo;interaction. Les visiteurs qui s&rsquo;inscrivent \u00e0 un blog sur https:, par exemple, doivent saisir un nom d&rsquo;utilisateur et une adresse \u00e9lectronique.<\/p>\n<p><strong>S\u00e9curit\u00e9<\/strong><br \/>Nous nous soucions de la s\u00e9curit\u00e9 de vos informations personnelles, mais n&rsquo;oubliez pas qu&rsquo;aucune m\u00e9thode de transmission par Internet ou de stockage informatique n&rsquo;est totalement s\u00fbre. Bien que nous fassions tout notre possible pour s\u00e9curiser vos informations personnelles en utilisant des techniques commercialement raisonnables, nous ne pouvons pas garantir leur s\u00e9curit\u00e9 totale.<\/p>\n<p><strong>Annonces<\/strong><br \/>Les publicit\u00e9s sur notre site peuvent \u00eatre envoy\u00e9es aux utilisateurs par des partenaires publicitaires, qui peuvent placer des cookies sur leurs ordinateurs. Ces cookies permettent au serveur publicitaire de reconna\u00eetre votre ordinateur chaque fois que vous voyez une publicit\u00e9 en ligne, ce qui lui permet d&rsquo;accumuler des informations sur vous et sur les autres personnes qui utilisent votre ordinateur. Ces informations permettent aux r\u00e9seaux publicitaires de proposer des publicit\u00e9s personnalis\u00e9es qui, selon eux, vous int\u00e9resseront le plus, entre autres choses. Cette politique de confidentialit\u00e9 s&rsquo;applique uniquement \u00e0 l&rsquo;utilisation des cookies par Xalam Tours &#8211; Xavaria Experience ; elle ne s&rsquo;applique pas \u00e0 l&rsquo;utilisation des cookies par les annonceurs.<\/p>\n<p><strong>Liens vers des sites externes<\/strong><br \/>Notre service peut contenir des liens vers des sites Web de tiers qui ne sont pas sous notre contr\u00f4le. Si vous cliquez sur le lien d&rsquo;un tiers, vous serez redirig\u00e9 vers son site web. Chaque site que vous visitez devrait avoir une politique de confidentialit\u00e9 et des conditions g\u00e9n\u00e9rales que vous devriez lire.<br \/>Nous n&rsquo;avons aucun contr\u00f4le et n&rsquo;assumons aucune responsabilit\u00e9 quant aux sites, biens ou services de tiers, y compris leur contenu, leur politique de confidentialit\u00e9 ou leurs pratiques.<\/p>\n<p><strong>Protection de certaines informations d&rsquo;identification personnelle<\/strong><br \/>Xalam Tours &#8211; Xavaria Experience ne divulgue les informations potentiellement nominatives et d&rsquo;identification personnelle qu&rsquo;aux employ\u00e9s, entrepreneurs et organisations affili\u00e9es qui (i) ont besoin de conna\u00eetre ces informations afin de les traiter pour le compte de Xalam Tours &#8211; Xavaria Experience ou de fournir des services disponibles sur le site Web de Xalam Tours &#8211; Xavaria Experience, et (ii) ont accept\u00e9 de ne pas les divulguer \u00e0 d&rsquo;autres personnes. Certains de ces travailleurs, sous-traitants et organisations li\u00e9es peuvent \u00eatre bas\u00e9s en dehors de votre pays d&rsquo;origine ; en utilisant le site web de Xalam Tours &#8211; Xavaria Experience, vous acceptez que ces informations leur soient transf\u00e9r\u00e9es. Xalam Tours &#8211; Xavaria Experience ne louera ni ne vendra \u00e0 qui que ce soit des informations d&rsquo;identification personnelle ou potentiellement d&rsquo;identification personnelle. Xalam Tours &#8211; Xavaria Experience ne divulgue les informations d&rsquo;identification personnelle et potentiellement personnelles qu&rsquo;en r\u00e9ponse \u00e0 une citation \u00e0 compara\u00eetre, \u00e0 une ordonnance du tribunal ou \u00e0 d&rsquo;autres demandes gouvernementales, ou lorsque Xalam Tours &#8211; Xavaria Experience estime en toute bonne foi que la divulgation est raisonnablement n\u00e9cessaire pour prot\u00e9ger la propri\u00e9t\u00e9 ou les droits de Xalam Tours &#8211; Xavaria Experience, des tiers ou du public en g\u00e9n\u00e9ral. Si vous avez fourni votre adresse e-mail en tant qu&rsquo;utilisateur enregistr\u00e9 de https:, Xalam Tours &#8211; Xavaria Experience peut vous envoyer un e-mail de temps en temps pour vous informer des nouvelles fonctionnalit\u00e9s, recueillir vos commentaires ou simplement vous tenir inform\u00e9 de ce qui se passe avec Xalam Tours &#8211; Xavaria Experience et nos produits. Nous diffusons g\u00e9n\u00e9ralement ce type d&rsquo;informations par le biais de notre blog, et nous avons donc l&rsquo;intention d&rsquo;envoyer tr\u00e8s peu d&rsquo;e-mails. Si vous nous soumettez une demande (par exemple, via un courriel d&rsquo;assistance ou l&rsquo;un de nos syst\u00e8mes de retour d&rsquo;information), nous nous r\u00e9servons le droit de la publier afin d&rsquo;expliquer ou de r\u00e9pondre \u00e0 votre demande, ainsi que pour mieux assister les autres utilisateurs. Xalam Tours &#8211; Xavaria Experience prend toutes les pr\u00e9cautions raisonnables pour prot\u00e9ger les informations d&rsquo;identification personnelle contre tout acc\u00e8s, utilisation, modification ou destruction non autoris\u00e9s.<\/p>\n<p><strong>Statistiques agr\u00e9g\u00e9es<\/strong><br \/>Xalam Tours &#8211; Xavaria Experience peut recueillir des informations sur la fa\u00e7on dont les utilisateurs utilisent son site web. Xalam Tours &#8211; Xavaria Experience peut mettre ces informations \u00e0 la disposition du public ou les partager avec d&rsquo;autres. En revanche, Xalam Tours &#8211; Xavaria Experience ne divulgue aucune de vos informations personnelles identifiables.<\/p>\n<p><strong>Cookies<\/strong><br \/>Xalam Tours &#8211; Xavaria Experience utilise des \u00ab\u00a0cookies\u00a0\u00bb, des technologies comparables et des services offerts par d&rsquo;autres pour afficher des informations sur mesure, de la publicit\u00e9 adapt\u00e9e et enregistrer vos pr\u00e9f\u00e9rences sur votre ordinateur afin d&rsquo;am\u00e9liorer et de perfectionner votre exp\u00e9rience en ligne. Un cookie est un \u00e9l\u00e9ment de donn\u00e9es qu&rsquo;un site web enregistre sur l&rsquo;ordinateur d&rsquo;un visiteur et que le navigateur de ce dernier renvoie au site web \u00e0 chaque fois qu&rsquo;il revient. Xalam Tours &#8211; Xavaria Experience utilise des cookies pour identifier et surveiller les visiteurs, ainsi que leur utilisation de https: et leurs pr\u00e9f\u00e9rences d&rsquo;acc\u00e8s au site Web. Les visiteurs des sites Web de Xalam Tours &#8211; Xavaria Experience qui ne souhaitent pas que des cookies soient install\u00e9s sur leur ordinateur peuvent configurer leur navigateur de mani\u00e8re \u00e0 refuser les cookies avant de les utiliser, \u00e9tant entendu que certaines parties des sites Web de Xalam Tours &#8211; Xavaria Experience peuvent ne pas fonctionner correctement sans cookies. Vous acceptez et consentez \u00e0 l&rsquo;utilisation de cookies par Xalam Tours &#8211; Xavaria Experience en continuant \u00e0 naviguer sur notre site web sans ajuster vos param\u00e8tres de cookies.<\/p>\n<p><strong>Commerce \u00e9lectronique<\/strong><br \/>Les personnes qui effectuent des transactions avec Xalam Tours &#8211; Xavaria Experience &#8211; en achetant des services ou des biens de Xalam Tours &#8211; Xavaria Experience &#8211; sont invit\u00e9es \u00e0 fournir des informations suppl\u00e9mentaires, y compris, le cas \u00e9ch\u00e9ant, des informations personnelles et financi\u00e8res. Dans chaque cas, Xalam Tours &#8211; Xavaria Experience ne recueille ces informations que dans la mesure o\u00f9 elles sont n\u00e9cessaires ou appropri\u00e9es pour que la relation du visiteur avec Xalam Tours &#8211; Xavaria Experience soit couronn\u00e9e de succ\u00e8s. \u00c0 l&rsquo;exception des cas mentionn\u00e9s dans le pr\u00e9sent document, Xalam Tours &#8211; Xavaria Experience ne partage pas d&rsquo;informations d&rsquo;identification personnelle. Les visiteurs peuvent \u00e9galement refuser de fournir des informations d&rsquo;identification personnelle, mais cela peut les emp\u00eacher de participer \u00e0 certaines activit\u00e9s li\u00e9es au site web.<\/p>\n<p><strong>Modifications des politiques de confidentialit\u00e9<\/strong><br \/>Bien que la plupart des changements soient probablement mineurs, Xalam Tours &#8211; Xavaria Experience se r\u00e9serve le droit de modifier sa politique de confidentialit\u00e9 \u00e0 tout moment et \u00e0 sa seule discr\u00e9tion. Xalam Tours &#8211; Xavaria Experience invite les visiteurs \u00e0 consulter r\u00e9guli\u00e8rement cette page pour prendre connaissance des mises \u00e0 jour de sa politique de confidentialit\u00e9. Si vous continuez \u00e0 utiliser ce site apr\u00e8s toute modification de la pr\u00e9sente politique de confidentialit\u00e9, vous acceptez les modifications.<\/p>\n\t\t\t\t\t\t\t\t<\/div>\n\t\t\t\t<\/div>\n\t\t\t\t\t<\/div>\n\t\t\t\t<\/div>\n\t\t\t\t<\/div>\n\t\t","protected":false},"excerpt":{"rendered":"<p>Xalam Tours &#8211; Xavaria Experience est situ\u00e9 \u00e0 :Slotermeerlaan 581064 HC AmsterdamPays-Bas Xalam Tours &#8211; Xavaria Experience s&rsquo;engage \u00e0 prot\u00e9ger votre vie priv\u00e9e lors de l&rsquo;utilisation de son site web. La pr\u00e9sente d\u00e9claration de confidentialit\u00e9 s&rsquo;applique \u00e0 www.xalamtours.com (ci-apr\u00e8s \u00ab\u00a0nous\u00a0\u00bb, \u00ab\u00a0nous\u00a0\u00bb ou \u00ab\u00a0www.xalam.nl\u00a0\u00bb). Nous accordons une grande importance \u00e0 votre vie priv\u00e9e et nous nous [&hellip;]<\/p>\n","protected":false},"author":1,"featured_media":12747,"parent":0,"menu_order":0,"comment_status":"closed","ping_status":"closed","template":"elementor_theme","meta":{"footnotes":""},"class_list":["post-14652","page","type-page","status-publish","has-post-thumbnail","hentry"],"_links":{"self":[{"href":"https:\/\/www.xalam.nl\/fr\/wp-json\/wp\/v2\/pages\/14652","targetHints":{"allow":["GET"]}}],"collection":[{"href":"https:\/\/www.xalam.nl\/fr\/wp-json\/wp\/v2\/pages"}],"about":[{"href":"https:\/\/www.xalam.nl\/fr\/wp-json\/wp\/v2\/types\/page"}],"author":[{"embeddable":true,"href":"https:\/\/www.xalam.nl\/fr\/wp-json\/wp\/v2\/users\/1"}],"replies":[{"embeddable":true,"href":"https:\/\/www.xalam.nl\/fr\/wp-json\/wp\/v2\/comments?post=14652"}],"version-history":[{"count":2,"href":"https:\/\/www.xalam.nl\/fr\/wp-json\/wp\/v2\/pages\/14652\/revisions"}],"predecessor-version":[{"id":17698,"href":"https:\/\/www.xalam.nl\/fr\/wp-json\/wp\/v2\/pages\/14652\/revisions\/17698"}],"wp:featuredmedia":[{"embeddable":true,"href":"https:\/\/www.xalam.nl\/fr\/wp-json\/wp\/v2\/media\/12747"}],"wp:attachment":[{"href":"https:\/\/www.xalam.nl\/fr\/wp-json\/wp\/v2\/media?parent=14652"}],"curies":[{"name":"wp","href":"https:\/\/api.w.org\/{rel}","templated":true}]}}