{"id":14632,"date":"2023-05-04T20:05:52","date_gmt":"2023-05-04T20:05:52","guid":{"rendered":"https:\/clause-de-non-responsabilite\/"},"modified":"2023-06-18T12:29:14","modified_gmt":"2023-06-18T12:29:14","slug":"clause-de-non-responsabilite","status":"publish","type":"page","link":"https:\/\/www.xalam.nl\/fr\/clause-de-non-responsabilite\/","title":{"rendered":"Clause de non-responsabilit\u00e9"},"content":{"rendered":"\t\t<div data-elementor-type=\"wp-page\" data-elementor-id=\"14632\" class=\"elementor elementor-14632 elementor-10200\" data-elementor-post-type=\"page\">\n\t\t\t\t<div class=\"elementor-element elementor-element-a9ca056 e-flex e-con-boxed e-con e-parent\" data-id=\"a9ca056\" data-element_type=\"container\" data-e-type=\"container\">\n\t\t\t\t\t<div class=\"e-con-inner\">\n\t\t\t\t<div class=\"elementor-element elementor-element-8a53141 elementor-widget elementor-widget-text-editor\" data-id=\"8a53141\" data-element_type=\"widget\" data-e-type=\"widget\" data-widget_type=\"text-editor.default\">\n\t\t\t\t<div class=\"elementor-widget-container\">\n\t\t\t\t\t\t\t\t\t<h3>Avis de non-responsabilit\u00e9 :<\/h3>\n<p>Les conditions g\u00e9n\u00e9rales suivantes r\u00e9gissent l&rsquo;utilisation de ce site web<strong>(www.xalamtours.com \/ www.xalam.nl)<\/strong>. Vous \u00eates pr\u00e9sum\u00e9 avoir lu et accept\u00e9 les conditions d&rsquo;utilisation en utilisant ce site web.<\/p>\n<p><strong>Utilisation des informations.<\/strong><br \/>Sur ce site, Xalam Tours &#8211; Xavaria Experience s&rsquo;efforce de fournir des informations exactes et \u00e0 jour. Xalam Tours &#8211; Xavaria Experience ne garantit pas l&rsquo;exhaustivit\u00e9, l&rsquo;exactitude ou l&rsquo;actualit\u00e9 du mat\u00e9riel, m\u00eame s&rsquo;il a \u00e9t\u00e9 recueilli avec le plus grand soin. Les informations juridiques contenues dans ce site sont de nature g\u00e9n\u00e9rale et ne doivent pas \u00eatre interpr\u00e9t\u00e9es comme des conseils juridiques.<\/p>\n<p>Les informations ne peuvent pas \u00eatre utilis\u00e9es pour obtenir des droits. Xalam Tours &#8211; Xavaria Experience d\u00e9cline toute responsabilit\u00e9 pour les dommages r\u00e9sultant de l&rsquo;utilisation des informations ou du site web, ainsi que pour l&rsquo;incapacit\u00e9 du site web \u00e0 fonctionner efficacement.<br \/>L&rsquo;envoi et la r\u00e9ception d&rsquo;informations via le site web ou par e-mail n&rsquo;\u00e9tablissent pas imm\u00e9diatement une connexion entre Xalam Tours &#8211; Xavaria Experience et l&rsquo;utilisateur du site web.<\/p>\n<p><strong>E-mail.<\/strong><br \/>En raison de l&rsquo;impossibilit\u00e9 de garantir la r\u00e9ception en temps voulu des e-mails, Xalam Tours &#8211; Xavaria Experience ne promet pas que les e-mails qui lui sont adress\u00e9s seront re\u00e7us ou trait\u00e9s (en temps voulu). En raison des probl\u00e8mes de s\u00e9curit\u00e9 qui en d\u00e9coulent, la s\u00e9curit\u00e9 du trafic de courrier \u00e9lectronique ne peut \u00eatre enti\u00e8rement garantie. Vous acceptez ce risque en communiquant avec Xalam Tours &#8211; Xavaria Experience par courrier \u00e9lectronique sans cryptage ni protection par mot de passe.<\/p>\n<p><strong>Hyperliens.<\/strong><br \/>Ce site web peut inclure des liens vers des sites web de tiers. Xalam Tours &#8211; Xavaria Experience n&rsquo;a aucun contr\u00f4le et n&rsquo;est pas responsable de la disponibilit\u00e9 ou du contenu des sites Web de tiers. Par cons\u00e9quent, Xalam Tours &#8211; Xavaria Experience n&rsquo;assume aucune responsabilit\u00e9 pour les dommages caus\u00e9s par l&rsquo;utilisation de sites Web de tiers.<\/p>\n<p><strong>Droits de propri\u00e9t\u00e9 intellectuelle.<\/strong><br \/>L&rsquo;objectif de ce site web est d&rsquo;offrir aux gens des informations qui peuvent leur \u00eatre utiles. Sauf indication contraire, le contenu de ce site web, y compris les textes et les images, ainsi que leur disposition, sont la propri\u00e9t\u00e9 de leurs d\u00e9tenteurs respectifs. Que l&rsquo;auteur ou les propri\u00e9taires le souhaitent, nous n&rsquo;avons aucun probl\u00e8me \u00e0 supprimer le texte ou les photos. Nous nous en occuperons si vous nous envoyez un courriel.<br \/>Tous les contenus de tiers inclus sont conformes \u00e0 l&rsquo;utilisation \u00e9quitable et de nature transformative, avec un contexte et des commentaires suppl\u00e9mentaires pour des raisons de motivation et d&rsquo;inspiration. Veuillez nous contacter \u00e0 l&rsquo;adresse suivante <u><br \/>\n  <a href=\"mailto:hello@,\">hello@,<\/a><br \/>\n<\/u> si vous pensez que votre travail prot\u00e9g\u00e9 par le droit d&rsquo;auteur a \u00e9t\u00e9 enfreint.<\/p>\n\t\t\t\t\t\t\t\t<\/div>\n\t\t\t\t<\/div>\n\t\t\t\t\t<\/div>\n\t\t\t\t<\/div>\n\t\t\t\t<\/div>\n\t\t","protected":false},"excerpt":{"rendered":"<p>Avis de non-responsabilit\u00e9 : Les conditions g\u00e9n\u00e9rales suivantes r\u00e9gissent l&rsquo;utilisation de ce site web(www.xalamtours.com \/ www.xalam.nl). Vous \u00eates pr\u00e9sum\u00e9 avoir lu et accept\u00e9 les conditions d&rsquo;utilisation en utilisant ce site web. Utilisation des informations.Sur ce site, Xalam Tours &#8211; Xavaria Experience s&rsquo;efforce de fournir des informations exactes et \u00e0 jour. Xalam Tours &#8211; Xavaria Experience [&hellip;]<\/p>\n","protected":false},"author":1,"featured_media":12747,"parent":0,"menu_order":0,"comment_status":"closed","ping_status":"closed","template":"elementor_theme","meta":{"footnotes":""},"class_list":["post-14632","page","type-page","status-publish","has-post-thumbnail","hentry"],"_links":{"self":[{"href":"https:\/\/www.xalam.nl\/fr\/wp-json\/wp\/v2\/pages\/14632","targetHints":{"allow":["GET"]}}],"collection":[{"href":"https:\/\/www.xalam.nl\/fr\/wp-json\/wp\/v2\/pages"}],"about":[{"href":"https:\/\/www.xalam.nl\/fr\/wp-json\/wp\/v2\/types\/page"}],"author":[{"embeddable":true,"href":"https:\/\/www.xalam.nl\/fr\/wp-json\/wp\/v2\/users\/1"}],"replies":[{"embeddable":true,"href":"https:\/\/www.xalam.nl\/fr\/wp-json\/wp\/v2\/comments?post=14632"}],"version-history":[{"count":1,"href":"https:\/\/www.xalam.nl\/fr\/wp-json\/wp\/v2\/pages\/14632\/revisions"}],"predecessor-version":[{"id":14633,"href":"https:\/\/www.xalam.nl\/fr\/wp-json\/wp\/v2\/pages\/14632\/revisions\/14633"}],"wp:featuredmedia":[{"embeddable":true,"href":"https:\/\/www.xalam.nl\/fr\/wp-json\/wp\/v2\/media\/12747"}],"wp:attachment":[{"href":"https:\/\/www.xalam.nl\/fr\/wp-json\/wp\/v2\/media?parent=14632"}],"curies":[{"name":"wp","href":"https:\/\/api.w.org\/{rel}","templated":true}]}}