{"id":14425,"date":"2023-06-01T23:57:26","date_gmt":"2023-06-01T23:57:26","guid":{"rendered":"https:\/a-propos-de-xalam-tours-xavaria-experience\/"},"modified":"2023-08-21T12:31:01","modified_gmt":"2023-08-21T12:31:01","slug":"a-propos-de-xalam-tours-xavaria-experience","status":"publish","type":"page","link":"https:\/\/www.xalam.nl\/fr\/a-propos-de-xalam-tours-xavaria-experience\/","title":{"rendered":"A propos de Xalam Tours &#8211; Xavaria Experience"},"content":{"rendered":"\t\t<div data-elementor-type=\"wp-page\" data-elementor-id=\"14425\" class=\"elementor elementor-14425 elementor-11182\" data-elementor-post-type=\"page\">\n\t\t\t\t<div class=\"elementor-element elementor-element-f326a63 e-flex e-con-boxed e-con e-parent\" data-id=\"f326a63\" data-element_type=\"container\" data-e-type=\"container\">\n\t\t\t\t\t<div class=\"e-con-inner\">\n\t\t\t\t\t<\/div>\n\t\t\t\t<\/div>\n\t\t<div class=\"elementor-element elementor-element-efd2bf5 e-flex e-con-boxed e-con e-parent\" data-id=\"efd2bf5\" data-element_type=\"container\" data-e-type=\"container\">\n\t\t\t\t\t<div class=\"e-con-inner\">\n\t\t\t\t<div class=\"elementor-element elementor-element-6727757 elementor-widget elementor-widget-heading\" data-id=\"6727757\" data-element_type=\"widget\" data-e-type=\"widget\" data-widget_type=\"heading.default\">\n\t\t\t\t<div class=\"elementor-widget-container\">\n\t\t\t\t\t<h1 class=\"elementor-heading-title elementor-size-default\">D\u00e9couvrez l'essence de Xalam Tours - Xavaria Experience<\/h1>\t\t\t\t<\/div>\n\t\t\t\t<\/div>\n\t\t\t\t<div class=\"elementor-element elementor-element-dec1c2d elementor-widget elementor-widget-text-editor\" data-id=\"dec1c2d\" data-element_type=\"widget\" data-e-type=\"widget\" data-widget_type=\"text-editor.default\">\n\t\t\t\t<div class=\"elementor-widget-container\">\n\t\t\t\t\t\t\t\t\t<p><span style=\"font-size: 14pt;\">Bienvenue \u00e0 Xalam Tours &#8211; Xavaria Experience, la premi\u00e8re destination pour des visites inoubliables aux Pays-Bas. Avec nos guides experts et nos itin\u00e9raires adapt\u00e9s, nous nous effor\u00e7ons de cr\u00e9er des exp\u00e9riences extraordinaires qui mettent en valeur la beaut\u00e9 et le charme des joyaux cach\u00e9s de la Hollande. Que vous soyez captiv\u00e9 par les jardins de tulipes de Keukenhof, le village pittoresque de Giethoorn ou les merveilles historiques de Zaanse Schans, Xalam Tours &#8211; Xavaria Experience est l\u00e0 pour faire de votre voyage un moment enchanteur.<\/span><\/p>\n\t\t\t\t\t\t\t\t<\/div>\n\t\t\t\t<\/div>\n\t\t\t\t\t<\/div>\n\t\t\t\t<\/div>\n\t\t<div class=\"elementor-element elementor-element-56722fe e-flex e-con-boxed e-con e-parent\" data-id=\"56722fe\" data-element_type=\"container\" data-e-type=\"container\">\n\t\t\t\t\t<div class=\"e-con-inner\">\n\t\t<div class=\"elementor-element elementor-element-ef9d36d e-con-full e-flex e-con e-parent\" data-id=\"ef9d36d\" data-element_type=\"container\" data-e-type=\"container\">\n\t\t\t\t<div class=\"elementor-element elementor-element-03ad7ca elementor-widget elementor-widget-text-editor\" data-id=\"03ad7ca\" data-element_type=\"widget\" data-e-type=\"widget\" data-widget_type=\"text-editor.default\">\n\t\t\t\t<div class=\"elementor-widget-container\">\n\t\t\t\t\t\t\t\t\t<h5><span style=\"text-decoration: underline;\">Une expertise unique :<\/span><\/h5>\n<p><span style=\"font-size: 12pt;\">En tant que principal voyagiste sp\u00e9cialis\u00e9 dans les Pays-Bas, nous disposons d&rsquo;une connaissance et d&rsquo;une expertise approfondies pour mettre en valeur les joyaux cach\u00e9s de ce pays enchanteur. Notre \u00e9quipe de guides exp\u00e9riment\u00e9s et de passionn\u00e9s de voyage se consacre \u00e0 l&rsquo;organisation de circuits extraordinaires qui capturent l&rsquo;essence de la culture, de l&rsquo;histoire et de la beaut\u00e9 naturelle des Pays-Bas.<\/span><\/p>\n<h5><span style=\"text-decoration: underline;\">Des exp\u00e9riences sur mesure :<\/span><\/h5>\n<p><span style=\"font-size: 12pt;\">Nous savons que chaque voyageur est unique et c&rsquo;est pourquoi nous proposons une gamme de circuits priv\u00e9s personnalisables. Que vous soyez passionn\u00e9 d&rsquo;histoire, de nature ou d&rsquo;art, notre \u00e9quipe travaillera en \u00e9troite collaboration avec vous pour concevoir un itin\u00e9raire personnalis\u00e9 qui r\u00e9ponde \u00e0 vos int\u00e9r\u00eats et \u00e0 vos pr\u00e9f\u00e9rences. Des visites priv\u00e9es de l&rsquo;\u00e2ge d&rsquo;or n\u00e9erlandais aux aventures europ\u00e9ennes personnalis\u00e9es, nous nous engageons \u00e0 cr\u00e9er des exp\u00e9riences inoubliables con\u00e7ues sp\u00e9cialement pour vous.<\/span><\/p>\n<h5><span style=\"text-decoration: underline;\">Guides d&rsquo;experts :<\/span><\/h5>\n<p><span style=\"font-size: 12pt;\">Nos guides comp\u00e9tents sont le c\u0153ur et l&rsquo;\u00e2me de Xalam Tours &#8211; Xavaria Experience. Gr\u00e2ce \u00e0 leur expertise et \u00e0 leur passion pour la narration, ils donnent vie \u00e0 l&rsquo;histoire et \u00e0 la culture de la Hollande, en fournissant des informations captivantes \u00e0 chaque instant. Que vous vous promeniez dans les rues pav\u00e9es d&rsquo;Amsterdam, que vous exploriez les moulins \u00e0 vent de Zaanse Schans ou que vous naviguiez sur les canaux de Giethoorn, nos guides veillent \u00e0 ce que vous viviez une exp\u00e9rience instructive et captivante.<\/span><\/p>\n<h5><span style=\"text-decoration: underline;\">Satisfaction des clients :<\/span><\/h5>\n<p><span style=\"font-size: 12pt;\">Chez Xalam Tours &#8211; Xavaria Experience, votre satisfaction est notre priorit\u00e9 absolue. Nous croyons en un service \u00e0 la client\u00e8le exceptionnel, du moment o\u00f9 vous nous contactez jusqu&rsquo;\u00e0 la fin de votre voyage. Nous nous occupons de tous les d\u00e9tails, y compris le transport, les r\u00e9servations et la logistique, afin que vous puissiez vous d\u00e9tendre et vous immerger pleinement dans les merveilles de la Hollande. Notre engagement en faveur de l&rsquo;excellence nous a valu des commentaires \u00e9logieux de la part de clients satisfaits, ce qui fait de nous un choix de confiance pour les voyageurs exigeants.<\/span><\/p>\n\t\t\t\t\t\t\t\t<\/div>\n\t\t\t\t<\/div>\n\t\t\t\t<\/div>\n\t\t<div class=\"elementor-element elementor-element-3e13dd0 e-con-full e-flex e-con e-parent\" data-id=\"3e13dd0\" data-element_type=\"container\" data-e-type=\"container\">\n\t\t\t\t<div class=\"elementor-element elementor-element-f181968 elementor-widget elementor-widget-text-editor\" data-id=\"f181968\" data-element_type=\"widget\" data-e-type=\"widget\" data-widget_type=\"text-editor.default\">\n\t\t\t\t<div class=\"elementor-widget-container\">\n\t\t\t\t\t\t\t\t\t<h5><span style=\"text-decoration: underline;\">Notre passion pour la Hollande :<\/span><\/h5>\n<p><span style=\"font-size: 12pt;\">Chez Xalam Tours &#8211; Xavaria Experience, nous sommes passionn\u00e9s par la riche histoire de la Hollande, sa culture vibrante et ses paysages \u00e0 couper le souffle. Notre \u00e9quipe de professionnels d\u00e9vou\u00e9s partage un amour profond pour ce pays et est tr\u00e8s fi\u00e8re de faire d\u00e9couvrir aux visiteurs ses tr\u00e9sors les moins connus. Forts de nos ann\u00e9es d&rsquo;exp\u00e9rience et de nos connaissances locales approfondies, nous organisons des circuits exceptionnels qui vous permettent de vous immerger dans l&rsquo;essence m\u00eame de la Hollande.<\/span><\/p>\n<h5><span style=\"text-decoration: underline;\">Xalam Tours Connexions locales :<\/span><\/h5>\n<p><span style=\"font-size: 12pt;\">En tant que grands voyageurs, nous croyons au pouvoir transformateur des exp\u00e9riences authentiques et immersives. C&rsquo;est pourquoi nous collaborons avec des partenaires locaux et des communaut\u00e9s pour vous offrir une perspective de l&rsquo;int\u00e9rieur sur les Pays-Bas. Nos partenariats nous permettent d&rsquo;offrir un acc\u00e8s unique \u00e0 des \u00e9v\u00e9nements culturels, \u00e0 des traditions locales et \u00e0 des lieux hors des sentiers battus, ce qui vous permet de cr\u00e9er des souvenirs inoubliables qui vont au-del\u00e0 des exp\u00e9riences touristiques habituelles.<\/span><\/p>\n<h5><span style=\"text-decoration: underline;\">Rejoignez-nous (Xalam Tours &#8211; Xavaria Experience :<\/span><\/h5>\n<p><span style=\"font-size: 12pt;\">\u00cates-vous pr\u00eat \u00e0 embarquer pour un voyage remarquable \u00e0 travers les joyaux cach\u00e9s de la Hollande ? Parcourez notre s\u00e9lection de circuits soigneusement \u00e9labor\u00e9s et commencez \u00e0 planifier votre aventure d\u00e8s aujourd&rsquo;hui. Contactez notre \u00e9quipe amicale pour toute question ou pour discuter des options de visites personnalis\u00e9es. Laissez Xalam Tours &#8211; Xavaria Experience vous ouvrir les portes d&rsquo;une exp\u00e9rience inoubliable en Hollande.<\/span><\/p>\n<p><span style=\"font-size: 12pt;\">Chez Xalam Tours &#8211; Xavaria Experience, nous sommes passionn\u00e9s par le partage des tr\u00e9sors cach\u00e9s de la Hollande avec les voyageurs du monde entier. Avec nos guides experts, nos itin\u00e9raires personnalis\u00e9s et notre engagement in\u00e9branlable \u00e0 satisfaire nos clients, nous nous engageons \u00e0 cr\u00e9er des exp\u00e9riences m\u00e9morables qui vous laisseront une profonde appr\u00e9ciation de la beaut\u00e9 et du charme de la Hollande. Rejoignez-nous pour une aventure qui restera grav\u00e9e dans votre m\u00e9moire longtemps apr\u00e8s avoir quitt\u00e9 notre pays enchanteur.<\/span><\/p>\n<p><span style=\"font-size: 12pt;\">Contactez-nous d\u00e8s aujourd&rsquo;hui pour commencer \u00e0 planifier votre aventure de r\u00eave aux Pays-Bas. Nous nous r\u00e9jouissons de vous accueillir pour vous faire vivre \u00ab\u00a0l&rsquo;exp\u00e9rience Hollande\u00a0\u00bb avec Xalam Tours &#8211; Xavaria Experience.<\/span><\/p>\n\t\t\t\t\t\t\t\t<\/div>\n\t\t\t\t<\/div>\n\t\t\t\t<\/div>\n\t\t\t\t\t<\/div>\n\t\t\t\t<\/div>\n\t\t\t\t<section class=\"elementor-section elementor-top-section elementor-element elementor-element-5c0e1e4f elementor-section-boxed elementor-section-height-default elementor-section-height-default\" data-id=\"5c0e1e4f\" data-element_type=\"section\" data-e-type=\"section\" data-settings=\"{&quot;background_background&quot;:&quot;classic&quot;}\">\n\t\t\t\t\t\t<div class=\"elementor-container elementor-column-gap-default\">\n\t\t\t\t\t<div class=\"elementor-column elementor-col-100 elementor-top-column elementor-element elementor-element-35e3ae46\" data-id=\"35e3ae46\" data-element_type=\"column\" data-e-type=\"column\">\n\t\t\t<div class=\"elementor-widget-wrap elementor-element-populated\">\n\t\t\t\t\t\t<div class=\"elementor-element elementor-element-2a79e870 elementor-widget elementor-widget-heading\" data-id=\"2a79e870\" data-element_type=\"widget\" data-e-type=\"widget\" data-widget_type=\"heading.default\">\n\t\t\t\t<div class=\"elementor-widget-container\">\n\t\t\t\t\t<h2 class=\"elementor-heading-title elementor-size-default\">Ce que disent nos clients<\/h2>\t\t\t\t<\/div>\n\t\t\t\t<\/div>\n\t\t\t\t<div class=\"elementor-element elementor-element-111e48ec elementor-widget elementor-widget-st_testimonial\" data-id=\"111e48ec\" data-element_type=\"widget\" data-e-type=\"widget\" data-settings=\"{&quot;slides_per_view&quot;:&quot;3&quot;}\" data-widget_type=\"st_testimonial.default\">\n\t\t\t\t<div class=\"elementor-widget-container\">\n\t\t\t\t\t<div class=\"st-testimonial-modern-slider\">\r\n    <div class=\"st-testimonial\" data-effect=\"creative\" data-slides-per-view=\"3\" data-pagination=\"on\" data-navigation=\"on\" data-auto-play=\"off\" data-loop=\"true\" data-delay=\"\">\r\n        <div class=\"service-testimonial-wrapper swiper-container\">\r\n\t\t\t<div class=\"swiper-wrapper\">\r\n                            <div class=\"swiper-slide\">\r\n                    <div class=\"item\">\r\n\r\n                        \r\n                        <p class=\"st-content st-content-lib\">\r\n                            Naufal was a wonderful guide. He had an excellent command of English. Communicated promptly. Was flexible and knowledgeable. Would definitely recommend THANKS                        <\/p>\r\n                        <div class=\"author-meta author-meta-lib\">\r\n                                                                    <i class=\"review-testimonial stt-icon-star1\"><\/i>\r\n                                                                            <i class=\"review-testimonial stt-icon-star1\"><\/i>\r\n                                                                            <i class=\"review-testimonial stt-icon-star1\"><\/i>\r\n                                                                            <i class=\"review-testimonial stt-icon-star1\"><\/i>\r\n                                                                            <i class=\"review-testimonial stt-icon-star1\"><\/i>\r\n                                                                                                    <h4 class=\"name\">Cynthia M.<\/h4>\r\n                                \r\n                                                                <p class=\"office-testimonial office-testimonial-lib\">Customers from U.S.A<\/p>\r\n                                \r\n                        <\/div>\r\n                    <\/div>\r\n                <\/div>\r\n                            <div class=\"swiper-slide\">\r\n                    <div class=\"item\">\r\n\r\n                        \r\n                        <p class=\"st-content st-content-lib\">\r\n                            Save me a lot of hassle. Naufal is a great guide,\u00a0knowledgeable and a very patient person. Always tag along wherever we were, recommend restaurant and spend a couple of hours more than the agreed tour time at no extra cost!                        <\/p>\r\n                        <div class=\"author-meta author-meta-lib\">\r\n                                                                    <i class=\"review-testimonial stt-icon-star1\"><\/i>\r\n                                                                            <i class=\"review-testimonial stt-icon-star1\"><\/i>\r\n                                                                            <i class=\"review-testimonial stt-icon-star1\"><\/i>\r\n                                                                            <i class=\"review-testimonial stt-icon-star1\"><\/i>\r\n                                                                            <i class=\"review-testimonial stt-icon-star1\"><\/i>\r\n                                                                                                    <h4 class=\"name\">Nor Azman Baharum<\/h4>\r\n                                \r\n                                                                <p class=\"office-testimonial office-testimonial-lib\">Customers from Malaysia<\/p>\r\n                                \r\n                        <\/div>\r\n                    <\/div>\r\n                <\/div>\r\n                            <div class=\"swiper-slide\">\r\n                    <div class=\"item\">\r\n\r\n                        \r\n                        <p class=\"st-content st-content-lib\">\r\n                            He is a good guide for my clients. I recommend him if you want to travel in Amsterdam and surrounding city in Benelux.                        <\/p>\r\n                        <div class=\"author-meta author-meta-lib\">\r\n                                                                    <i class=\"review-testimonial stt-icon-star1\"><\/i>\r\n                                                                            <i class=\"review-testimonial stt-icon-star1\"><\/i>\r\n                                                                            <i class=\"review-testimonial stt-icon-star1\"><\/i>\r\n                                                                            <i class=\"review-testimonial stt-icon-star1\"><\/i>\r\n                                                                            <i class=\"review-testimonial stt-icon-star1\"><\/i>\r\n                                                                                                    <h4 class=\"name\">Tinni Maskoen<\/h4>\r\n                                \r\n                                                                <p class=\"office-testimonial office-testimonial-lib\">Customers from Indonesia<\/p>\r\n                                \r\n                        <\/div>\r\n                    <\/div>\r\n                <\/div>\r\n                            <div class=\"swiper-slide\">\r\n                    <div class=\"item\">\r\n\r\n                        \r\n                        <p class=\"st-content st-content-lib\">\r\n                            Nafaul drove us on an excursion all over the Netherlands. What a delightful, upbeat man ~ so enjoyed being with him and having him as a personal tour guide. He never made us feel hurried on the tour Not like a bus Never had such an enjoyable tour day. HIGHLY recommend!                        <\/p>\r\n                        <div class=\"author-meta author-meta-lib\">\r\n                                                                    <i class=\"review-testimonial stt-icon-star1\"><\/i>\r\n                                                                            <i class=\"review-testimonial stt-icon-star1\"><\/i>\r\n                                                                            <i class=\"review-testimonial stt-icon-star1\"><\/i>\r\n                                                                            <i class=\"review-testimonial stt-icon-star1\"><\/i>\r\n                                                                            <i class=\"review-testimonial stt-icon-star1\"><\/i>\r\n                                                                                                    <h4 class=\"name\">Kay Spearman Pierson<\/h4>\r\n                                \r\n                                                                <p class=\"office-testimonial office-testimonial-lib\">Customers from U.S.A<\/p>\r\n                                \r\n                        <\/div>\r\n                    <\/div>\r\n                <\/div>\r\n                            <div class=\"swiper-slide\">\r\n                    <div class=\"item\">\r\n\r\n                        \r\n                        <p class=\"st-content st-content-lib\">\r\n                            Perjalanan keliling Eropa ini sesuai dengan yang saya harapkan. Pelayanan yang profesional, respon yang aktif, serta pengenalan lokasi yang baik. Layak untuk di ulang lagi dengan rute lain.                         <\/p>\r\n                        <div class=\"author-meta author-meta-lib\">\r\n                                                                    <i class=\"review-testimonial stt-icon-star1\"><\/i>\r\n                                                                            <i class=\"review-testimonial stt-icon-star1\"><\/i>\r\n                                                                            <i class=\"review-testimonial stt-icon-star1\"><\/i>\r\n                                                                            <i class=\"review-testimonial stt-icon-star1\"><\/i>\r\n                                                                            <i class=\"review-testimonial stt-icon-star1\"><\/i>\r\n                                                                                                    <h4 class=\"name\">Susantio<\/h4>\r\n                                \r\n                                                                <p class=\"office-testimonial office-testimonial-lib\">Customers from Indonesia<\/p>\r\n                                \r\n                        <\/div>\r\n                    <\/div>\r\n                <\/div>\r\n            \t\t\t<\/div>\r\n        <\/div>\r\n\t\t\t\t<div class=\"swiper-pagination\"><\/div>\r\n\t\t\t\t\t<div class=\"st-button-prev\"><span class=\"stt-icon stt-icon-arrow-left\"><\/span><\/div><div class=\"st-button-next\"><span class=\"stt-icon stt-icon-arrow-right\"><\/span><\/div>\r\n\t\t    <\/div>\r\n<\/div>\r\n\r\n\r\n\t\t\t\t<\/div>\n\t\t\t\t<\/div>\n\t\t\t\t\t<\/div>\n\t\t<\/div>\n\t\t\t\t\t<\/div>\n\t\t<\/section>\n\t\t\t\t<\/div>\n\t\t","protected":false},"excerpt":{"rendered":"<p>D\u00e9couvrez l&rsquo;essence de Xalam Tours &#8211; Xavaria Experience Bienvenue \u00e0 Xalam Tours &#8211; Xavaria Experience, la premi\u00e8re destination pour des visites inoubliables aux Pays-Bas. Avec nos guides experts et nos itin\u00e9raires adapt\u00e9s, nous nous effor\u00e7ons de cr\u00e9er des exp\u00e9riences extraordinaires qui mettent en valeur la beaut\u00e9 et le charme des joyaux cach\u00e9s de la Hollande. [&hellip;]<\/p>\n","protected":false},"author":1,"featured_media":13533,"parent":0,"menu_order":0,"comment_status":"closed","ping_status":"closed","template":"template-blank.php","meta":{"footnotes":""},"class_list":["post-14425","page","type-page","status-publish","has-post-thumbnail","hentry"],"_links":{"self":[{"href":"https:\/\/www.xalam.nl\/fr\/wp-json\/wp\/v2\/pages\/14425","targetHints":{"allow":["GET"]}}],"collection":[{"href":"https:\/\/www.xalam.nl\/fr\/wp-json\/wp\/v2\/pages"}],"about":[{"href":"https:\/\/www.xalam.nl\/fr\/wp-json\/wp\/v2\/types\/page"}],"author":[{"embeddable":true,"href":"https:\/\/www.xalam.nl\/fr\/wp-json\/wp\/v2\/users\/1"}],"replies":[{"embeddable":true,"href":"https:\/\/www.xalam.nl\/fr\/wp-json\/wp\/v2\/comments?post=14425"}],"version-history":[{"count":4,"href":"https:\/\/www.xalam.nl\/fr\/wp-json\/wp\/v2\/pages\/14425\/revisions"}],"predecessor-version":[{"id":15859,"href":"https:\/\/www.xalam.nl\/fr\/wp-json\/wp\/v2\/pages\/14425\/revisions\/15859"}],"wp:featuredmedia":[{"embeddable":true,"href":"https:\/\/www.xalam.nl\/fr\/wp-json\/wp\/v2\/media\/13533"}],"wp:attachment":[{"href":"https:\/\/www.xalam.nl\/fr\/wp-json\/wp\/v2\/media?parent=14425"}],"curies":[{"name":"wp","href":"https:\/\/api.w.org\/{rel}","templated":true}]}}