{"id":14690,"date":"2023-05-04T20:00:07","date_gmt":"2023-05-04T20:00:07","guid":{"rendered":"https:\/politica-de-privacidad\/"},"modified":"2024-05-01T12:02:27","modified_gmt":"2024-05-01T12:02:27","slug":"politica-de-privacidad","status":"publish","type":"page","link":"https:\/\/www.xalam.nl\/es\/politica-de-privacidad\/","title":{"rendered":"Pol\u00edtica de privacidad"},"content":{"rendered":"\t\t<div data-elementor-type=\"wp-page\" data-elementor-id=\"14690\" class=\"elementor elementor-14690 elementor-10190\" data-elementor-post-type=\"page\">\n\t\t\t\t<div class=\"elementor-element elementor-element-33ef8e0 e-flex e-con-boxed e-con e-parent\" data-id=\"33ef8e0\" data-element_type=\"container\" data-e-type=\"container\">\n\t\t\t\t\t<div class=\"e-con-inner\">\n\t\t\t\t<div class=\"elementor-element elementor-element-eff9cd4 elementor-widget elementor-widget-text-editor\" data-id=\"eff9cd4\" data-element_type=\"widget\" data-e-type=\"widget\" data-widget_type=\"text-editor.default\">\n\t\t\t\t<div class=\"elementor-widget-container\">\n\t\t\t\t\t\t\t\t\t<p>Xalam Tours &#8211; Xavaria Experience se encuentra en:<br \/>Slotermeerlaan 58<br \/>1064 HC Amsterdam<br \/>Pa\u00edses Bajos<\/p>\n<p>Xalam Tours &#8211; Xavaria Experience se compromete a proteger su privacidad mientras utiliza nuestro sitio web. Esta Declaraci\u00f3n de Privacidad es aplicable a www.xalamtours.com (en adelante, \u00abnosotros\u00bb, \u00abnos\u00bb o \u00abwww.xalam.nl\u00bb). Valoramos su privacidad y nos dedicamos a salvaguardar cualquier informaci\u00f3n personal identificable que revele en el sitio web. Esta pol\u00edtica de privacidad (\u00abPol\u00edtica de privacidad\u00bb) explica qu\u00e9 informaci\u00f3n puede recopilarse en nuestro sitio web, c\u00f3mo la utilizamos y cu\u00e1ndo podemos compartirla con terceros. Esta pol\u00edtica de privacidad s\u00f3lo se aplica a los datos que recogemos a trav\u00e9s del sitio web; no se aplica a los datos que recogemos de otras fuentes. Las normas y pr\u00e1cticas generales que regulan el uso que usted hace de nuestro sitio web se recogen en la presente Pol\u00edtica de Privacidad, as\u00ed como en los T\u00e9rminos y Condiciones expuestos en nuestro sitio web. Es posible que se le pida que acepte otros t\u00e9rminos y condiciones en funci\u00f3n de su comportamiento al visitar nuestro sitio web.<\/p>\n<p><strong>Visitantes del sitio web<\/strong><br \/>Xalam Tours &#8211; Xavaria Experience recopila informaci\u00f3n de identificaci\u00f3n no personal del tipo que los navegadores web y los servidores suelen poner a disposici\u00f3n, como el tipo de navegador, el idioma elegido, el sitio de referencia y la fecha y hora de cada solicitud de visitante, de forma similar a otros operadores de sitios web. El objetivo de recopilar informaci\u00f3n de identificaci\u00f3n no personal es que Xalam Tours &#8211; Xavaria Experience comprenda mejor c\u00f3mo sus visitantes utilizan su sitio web. Xalam Tours &#8211; Xavaria Experience puede revelar informaci\u00f3n de identificaci\u00f3n no personal en conjunto de vez en cuando, por ejemplo, mediante la publicaci\u00f3n de un informe sobre los patrones de uso del sitio web.<br \/>Para los usuarios registrados y aquellos que publican comentarios en los art\u00edculos del blog https:, Xalam Tours &#8211; Xavaria Experience tambi\u00e9n recopila informaci\u00f3n de identificaci\u00f3n personal como direcciones IP. Xalam Tours &#8211; Xavaria Experience s\u00f3lo utiliza y divulga las direcciones IP de los usuarios registrados y de los comentaristas en las mismas circunstancias en que utiliza y divulga la informaci\u00f3n de identificaci\u00f3n personal, como se discute a continuaci\u00f3n.<\/p>\n<p><strong>Recogida de informaci\u00f3n de identificaci\u00f3n personal<\/strong><br \/>Algunos visitantes del sitio web eligen interactuar con Xalam Tours &#8211; Xavaria Experience de manera que requieren Xalam Tours &#8211; Xavaria Experience para recopilar informaci\u00f3n de identificaci\u00f3n personal. La cantidad y el tipo de informaci\u00f3n recopilada por Xalam Tours &#8211; Xavaria Experience vienen determinados por la naturaleza de la interacci\u00f3n. Los visitantes que se registran en un blog en https:, por ejemplo, deben introducir un nombre de usuario y una direcci\u00f3n de correo electr\u00f3nico.<\/p>\n<p><strong>Seguridad<\/strong><br \/>Nos preocupamos por la seguridad de sus datos personales, pero tenga en cuenta que ning\u00fan m\u00e9todo de transmisi\u00f3n por Internet o de almacenamiento inform\u00e1tico es completamente seguro. Aunque hacemos todo lo posible para asegurar su informaci\u00f3n personal utilizando t\u00e9cnicas comercialmente razonables, no podemos garantizar su total seguridad.<\/p>\n<p><strong>Anuncios<\/strong><br \/>Los anuncios de nuestro sitio pueden ser enviados a los usuarios por socios publicitarios, que pueden colocar cookies en sus ordenadores. Estas cookies permiten al servidor de anuncios reconocer su ordenador cada vez que ve publicidad en l\u00ednea, lo que les permite acumular informaci\u00f3n sobre usted y otras personas que utilizan su ordenador. Esta informaci\u00f3n permite a las redes publicitarias ofrecer anuncios personalizados que consideran de mayor inter\u00e9s para usted, entre otras cosas. Esta Pol\u00edtica de Privacidad s\u00f3lo se aplica al uso de cookies por parte de Xalam Tours &#8211; Xavaria Experience; no se aplica al uso de cookies por parte de ning\u00fan anunciante.<\/p>\n<p><strong>Enlaces a sitios externos<\/strong><br \/>Nuestro Servicio puede contener enlaces a sitios web de terceros que no est\u00e1n bajo nuestro control. Si hace clic en un enlace de terceros, se le redirigir\u00e1 al sitio web de \u00e9stos. Todos los sitios que visite deber\u00edan tener una Pol\u00edtica de Privacidad y unas Condiciones Generales que deber\u00eda leer.<br \/>No tenemos ning\u00fan control ni asumimos ninguna responsabilidad sobre los sitios, bienes o servicios de terceros, incluidos sus contenidos, pol\u00edticas de privacidad o pr\u00e1cticas.<\/p>\n<p><strong>Protecci\u00f3n de determinados datos de identificaci\u00f3n personal<\/strong><br \/>Xalam Tours &#8211; Xavaria Experience s\u00f3lo revela informaci\u00f3n potencialmente identificable personalmente y personalmente a los empleados, contratistas y organizaciones afiliadas que necesito saber esa informaci\u00f3n para procesarla en nombre de Xalam Tours &#8211; Xavaria Experience o para proporcionar servicios disponibles en el sitio web Xalam Tours &#8211; Xavaria Experience, y (ii) han acordado no divulgarla a terceros. Algunos de estos trabajadores, contratistas y organizaciones relacionadas pueden estar ubicados fuera de su pa\u00eds de origen; al utilizar el sitio web de Xalam Tours &#8211; Xavaria Experience, usted acepta que se les transfiera esta informaci\u00f3n. Xalam Tours &#8211; Xavaria Experience no alquilar\u00e1 ni vender\u00e1 a nadie informaci\u00f3n que pueda identificarlo personalmente o que pueda identificarlo personalmente. Xalam Tours &#8211; Xavaria Experience s\u00f3lo divulga informaci\u00f3n potencialmente identificable personalmente y de identificaci\u00f3n personal en respuesta a una citaci\u00f3n, orden judicial u otras solicitudes gubernamentales, o cuando Xalam Tours &#8211; Xavaria Experience cree de buena fe que la divulgaci\u00f3n es razonablemente necesaria para proteger los bienes o derechos de Xalam Tours &#8211; Xavaria Experience, de terceros o del p\u00fablico en general. Si has proporcionado tu direcci\u00f3n de correo electr\u00f3nico como usuario registrado de https:, Xalam Tours &#8211; Xavaria Experience puede enviarte un correo electr\u00f3nico de vez en cuando para informarte de nuevas funciones, recoger tus comentarios o simplemente mantenerte informado sobre lo que ocurre con Xalam Tours &#8211; Xavaria Experience y nuestros productos. Generalmente difundimos este tipo de informaci\u00f3n a trav\u00e9s de nuestro blog, por lo que tenemos la intenci\u00f3n de enviar muy pocos correos electr\u00f3nicos. Si nos env\u00eda una solicitud (por ejemplo, a trav\u00e9s de un correo electr\u00f3nico de asistencia o de uno de nuestros sistemas de comentarios), nos reservamos el derecho de publicarla para explicar o responder a su solicitud, as\u00ed como para prestar un mejor apoyo a otros usuarios. Xalam Tours &#8211; Xavaria Experience toma todas las precauciones razonables para proteger la informaci\u00f3n que puede identificarse personalmente y la informaci\u00f3n que puede identificarse personalmente contra el acceso, uso, modificaci\u00f3n o destrucci\u00f3n no autorizados.<\/p>\n<p><strong>Estad\u00edsticas agregadas<\/strong><br \/>Xalam Tours &#8211; Xavaria Experience puede recopilar informaci\u00f3n sobre c\u00f3mo los usuarios utilizan su sitio web. Xalam Tours &#8211; Xavaria Experience puede poner esta informaci\u00f3n a disposici\u00f3n del p\u00fablico o compartirla con otros. Xalam Tours &#8211; Xavaria Experience, por su parte, no revela ninguna informaci\u00f3n que pueda identificarle personalmente.<\/p>\n<p><strong>Galletas<\/strong><br \/>Xalam Tours &#8211; Xavaria Experience utiliza \u00abCookies\u00bb, tecnolog\u00edas comparables y servicios ofrecidos por terceros para mostrar informaci\u00f3n personalizada, publicidad adecuada y registrar sus preferencias en su ordenador con el fin de mejorar y perfeccionar su experiencia en l\u00ednea. Una cookie es un fragmento de datos que un sitio web guarda en el ordenador de un visitante y que el navegador del visitante devuelve al sitio web cada vez que el visitante vuelve. Xalam Tours &#8211; Xavaria Experience utiliza cookies para identificar y monitorizar a los visitantes, as\u00ed como su uso de https: y las preferencias de acceso al sitio web. Los visitantes de los sitios web de Xalam Tours &#8211; Xavaria Experience que no deseen que se instalen cookies en sus ordenadores pueden configurar sus navegadores para rechazar las cookies antes de utilizarlos, con la advertencia de que algunas partes de los sitios web de Xalam Tours &#8211; Xavaria Experience pueden no funcionar correctamente sin cookies. Usted acepta y consiente el uso de cookies por parte de Xalam Tours &#8211; Xavaria Experience al continuar navegando por nuestro sitio web sin ajustar la configuraci\u00f3n de cookies.<\/p>\n<p><strong>Comercio electr\u00f3nico<\/strong><br \/>Aquellos que realizan transacciones con Xalam Tours &#8211; Xavaria Experience &#8211; mediante la compra de servicios o bienes de Xalam Tours &#8211; Xavaria Experience &#8211; se les pide que proporcionen informaci\u00f3n adicional, incluyendo, en su caso, informaci\u00f3n personal y financiera. En cada caso, Xalam Tours &#8211; Xavaria Experience recopila dicha informaci\u00f3n s\u00f3lo en la medida en que es necesaria o apropiada para el \u00e9xito de la relaci\u00f3n del visitante con Xalam Tours &#8211; Xavaria Experience. Aparte de lo mencionado aqu\u00ed, Xalam Tours &#8211; Xavaria Experience no comparte informaci\u00f3n de identificaci\u00f3n personal. Los visitantes tambi\u00e9n pueden negarse a proporcionar informaci\u00f3n de identificaci\u00f3n personal, sin embargo, hacerlo puede prohibirles participar en algunas actividades relacionadas con el sitio web.<\/p>\n<p><strong>Cambios en las pol\u00edticas de privacidad<\/strong><br \/>Aunque es probable que la mayor\u00eda de los cambios sean peque\u00f1os, Xalam Tours &#8211; Xavaria Experience se reserva el derecho de modificar su Pol\u00edtica de Privacidad en cualquier momento y a su entera discreci\u00f3n. Xalam Tours &#8211; Xavaria Experience invita a los visitantes a revisar esta p\u00e1gina para conocer las actualizaciones de su Pol\u00edtica de Privacidad de forma regular. Si usted contin\u00faa utilizando este sitio despu\u00e9s de cualquier cambio en esta Pol\u00edtica de Privacidad, usted est\u00e1 de acuerdo con los cambios.<\/p>\n\t\t\t\t\t\t\t\t<\/div>\n\t\t\t\t<\/div>\n\t\t\t\t\t<\/div>\n\t\t\t\t<\/div>\n\t\t\t\t<\/div>\n\t\t","protected":false},"excerpt":{"rendered":"<p>Xalam Tours &#8211; Xavaria Experience se encuentra en:Slotermeerlaan 581064 HC AmsterdamPa\u00edses Bajos Xalam Tours &#8211; Xavaria Experience se compromete a proteger su privacidad mientras utiliza nuestro sitio web. Esta Declaraci\u00f3n de Privacidad es aplicable a www.xalamtours.com (en adelante, \u00abnosotros\u00bb, \u00abnos\u00bb o \u00abwww.xalam.nl\u00bb). Valoramos su privacidad y nos dedicamos a salvaguardar cualquier informaci\u00f3n personal identificable que [&hellip;]<\/p>\n","protected":false},"author":1,"featured_media":12752,"parent":0,"menu_order":0,"comment_status":"closed","ping_status":"closed","template":"elementor_theme","meta":{"footnotes":""},"class_list":["post-14690","page","type-page","status-publish","has-post-thumbnail","hentry"],"_links":{"self":[{"href":"https:\/\/www.xalam.nl\/es\/wp-json\/wp\/v2\/pages\/14690","targetHints":{"allow":["GET"]}}],"collection":[{"href":"https:\/\/www.xalam.nl\/es\/wp-json\/wp\/v2\/pages"}],"about":[{"href":"https:\/\/www.xalam.nl\/es\/wp-json\/wp\/v2\/types\/page"}],"author":[{"embeddable":true,"href":"https:\/\/www.xalam.nl\/es\/wp-json\/wp\/v2\/users\/1"}],"replies":[{"embeddable":true,"href":"https:\/\/www.xalam.nl\/es\/wp-json\/wp\/v2\/comments?post=14690"}],"version-history":[{"count":2,"href":"https:\/\/www.xalam.nl\/es\/wp-json\/wp\/v2\/pages\/14690\/revisions"}],"predecessor-version":[{"id":17703,"href":"https:\/\/www.xalam.nl\/es\/wp-json\/wp\/v2\/pages\/14690\/revisions\/17703"}],"wp:featuredmedia":[{"embeddable":true,"href":"https:\/\/www.xalam.nl\/es\/wp-json\/wp\/v2\/media\/12752"}],"wp:attachment":[{"href":"https:\/\/www.xalam.nl\/es\/wp-json\/wp\/v2\/media?parent=14690"}],"curies":[{"name":"wp","href":"https:\/\/api.w.org\/{rel}","templated":true}]}}