{"id":14674,"date":"2023-05-04T20:05:52","date_gmt":"2023-05-04T20:05:52","guid":{"rendered":"https:\/descargo-de-responsabilidad\/"},"modified":"2023-06-18T12:30:52","modified_gmt":"2023-06-18T12:30:52","slug":"descargo-de-responsabilidad","status":"publish","type":"page","link":"https:\/\/www.xalam.nl\/es\/descargo-de-responsabilidad\/","title":{"rendered":"Descargo de responsabilidad"},"content":{"rendered":"\t\t<div data-elementor-type=\"wp-page\" data-elementor-id=\"14674\" class=\"elementor elementor-14674 elementor-10200\" data-elementor-post-type=\"page\">\n\t\t\t\t<div class=\"elementor-element elementor-element-a9ca056 e-flex e-con-boxed e-con e-parent\" data-id=\"a9ca056\" data-element_type=\"container\" data-e-type=\"container\">\n\t\t\t\t\t<div class=\"e-con-inner\">\n\t\t\t\t<div class=\"elementor-element elementor-element-8a53141 elementor-widget elementor-widget-text-editor\" data-id=\"8a53141\" data-element_type=\"widget\" data-e-type=\"widget\" data-widget_type=\"text-editor.default\">\n\t\t\t\t<div class=\"elementor-widget-container\">\n\t\t\t\t\t\t\t\t\t<h3>Descargo de responsabilidad:<\/h3>\n<p>Los siguientes t\u00e9rminos y condiciones rigen el uso de este sitio web<strong>(www.xalamtours.com \/ www.xalam.nl)<\/strong>. Se presume que ha le\u00eddo y aceptado las condiciones de uso al utilizar este sitio web.<\/p>\n<p><strong>Uso de la informaci\u00f3n.<\/strong><br \/>En este sitio web, Xalam Tours &#8211; Xavaria Experience intenta proporcionar informaci\u00f3n precisa y actualizada. Xalam Tours &#8211; Xavaria Experience no garantiza la integridad, exactitud o actualidad del material, aunque haya sido recopilado con el m\u00e1ximo cuidado. El material jur\u00eddico de este sitio web es de car\u00e1cter general y no debe interpretarse como asesoramiento jur\u00eddico.<\/p>\n<p>La informaci\u00f3n no puede utilizarse para derivar ning\u00fan derecho. Xalam Tours &#8211; Xavaria Experience declina toda responsabilidad por los da\u00f1os y perjuicios que puedan derivarse del uso de la informaci\u00f3n o de la p\u00e1gina web, as\u00ed como de su mal funcionamiento.<br \/>El env\u00edo y la recepci\u00f3n de informaci\u00f3n a trav\u00e9s del sitio web o por correo electr\u00f3nico no establece de forma inmediata un v\u00ednculo entre Xalam Tours &#8211; Xavaria Experience y el usuario del sitio web.<\/p>\n<p><strong>Correo electr\u00f3nico.<\/strong><br \/>Debido a que no se puede garantizar la recepci\u00f3n puntual de los correos electr\u00f3nicos, Xalam Tours &#8211; Xavaria Experience no promete que los correos electr\u00f3nicos que le sean dirigidos ser\u00e1n recibidos o procesados (a tiempo). Debido a los problemas de seguridad que conlleva, la seguridad del tr\u00e1fico de correo electr\u00f3nico no puede garantizarse por completo. Usted acepta este riesgo al comunicarse con Xalam Tours &#8211; Xavaria Experience por correo electr\u00f3nico sin cifrado ni protecci\u00f3n por contrase\u00f1a.<\/p>\n<p><strong>Hiperv\u00ednculos.<\/strong><br \/>Este sitio web puede incluir enlaces a sitios web de terceros. Xalam Tours &#8211; Xavaria Experience no tiene control alguno sobre la disponibilidad o el contenido de los sitios web de terceros, ni es responsable de los mismos. En consecuencia, Xalam Tours &#8211; Xavaria Experience no asume ninguna responsabilidad por los da\u00f1os causados por el uso de sitios web de terceros.<\/p>\n<p><strong>Derechos de propiedad intelectual.<\/strong><br \/>El objetivo de este sitio web es ofrecer a las personas informaci\u00f3n que les pueda resultar \u00fatil. Salvo que se indique lo contrario, el contenido de este sitio web, incluidos los textos y las im\u00e1genes, as\u00ed como sus arreglos, son propiedad de sus respectivos due\u00f1os. Si el autor o los propietarios lo desean, no tenemos ning\u00fan problema en borrar el texto o las fotos. Nos ocuparemos de ello si nos env\u00eda un correo electr\u00f3nico.<br \/>Todos los contenidos de terceros incluidos son conformes con el uso justo y de naturaleza transformadora, con contexto y comentarios adicionales por motivos motivadores e inspiradores. P\u00f3ngase en contacto con nosotros en <u><br \/>\n  <a href=\"mailto:hello@,\">hello@,<\/a><br \/>\n<\/u> si cree que se han infringido sus derechos de autor.<\/p>\n\t\t\t\t\t\t\t\t<\/div>\n\t\t\t\t<\/div>\n\t\t\t\t\t<\/div>\n\t\t\t\t<\/div>\n\t\t\t\t<\/div>\n\t\t","protected":false},"excerpt":{"rendered":"<p>Descargo de responsabilidad: Los siguientes t\u00e9rminos y condiciones rigen el uso de este sitio web(www.xalamtours.com \/ www.xalam.nl). Se presume que ha le\u00eddo y aceptado las condiciones de uso al utilizar este sitio web. Uso de la informaci\u00f3n.En este sitio web, Xalam Tours &#8211; Xavaria Experience intenta proporcionar informaci\u00f3n precisa y actualizada. Xalam Tours &#8211; Xavaria [&hellip;]<\/p>\n","protected":false},"author":1,"featured_media":12752,"parent":0,"menu_order":0,"comment_status":"closed","ping_status":"closed","template":"elementor_theme","meta":{"footnotes":""},"class_list":["post-14674","page","type-page","status-publish","has-post-thumbnail","hentry"],"_links":{"self":[{"href":"https:\/\/www.xalam.nl\/es\/wp-json\/wp\/v2\/pages\/14674","targetHints":{"allow":["GET"]}}],"collection":[{"href":"https:\/\/www.xalam.nl\/es\/wp-json\/wp\/v2\/pages"}],"about":[{"href":"https:\/\/www.xalam.nl\/es\/wp-json\/wp\/v2\/types\/page"}],"author":[{"embeddable":true,"href":"https:\/\/www.xalam.nl\/es\/wp-json\/wp\/v2\/users\/1"}],"replies":[{"embeddable":true,"href":"https:\/\/www.xalam.nl\/es\/wp-json\/wp\/v2\/comments?post=14674"}],"version-history":[{"count":1,"href":"https:\/\/www.xalam.nl\/es\/wp-json\/wp\/v2\/pages\/14674\/revisions"}],"predecessor-version":[{"id":14675,"href":"https:\/\/www.xalam.nl\/es\/wp-json\/wp\/v2\/pages\/14674\/revisions\/14675"}],"wp:featuredmedia":[{"embeddable":true,"href":"https:\/\/www.xalam.nl\/es\/wp-json\/wp\/v2\/media\/12752"}],"wp:attachment":[{"href":"https:\/\/www.xalam.nl\/es\/wp-json\/wp\/v2\/media?parent=14674"}],"curies":[{"name":"wp","href":"https:\/\/api.w.org\/{rel}","templated":true}]}}