{"id":14666,"date":"2023-05-04T20:03:57","date_gmt":"2023-05-04T20:03:57","guid":{"rendered":"https:\/galletas\/"},"modified":"2023-06-18T12:30:26","modified_gmt":"2023-06-18T12:30:26","slug":"galletas","status":"publish","type":"page","link":"https:\/\/www.xalam.nl\/es\/galletas\/","title":{"rendered":"Galletas"},"content":{"rendered":"\t\t<div data-elementor-type=\"wp-page\" data-elementor-id=\"14666\" class=\"elementor elementor-14666 elementor-10195\" data-elementor-post-type=\"page\">\n\t\t\t\t<div class=\"elementor-element elementor-element-c5cc1c9 e-flex e-con-boxed e-con e-parent\" data-id=\"c5cc1c9\" data-element_type=\"container\" data-e-type=\"container\">\n\t\t\t\t\t<div class=\"e-con-inner\">\n\t\t\t\t<div class=\"elementor-element elementor-element-4c8dcfc elementor-widget elementor-widget-text-editor\" data-id=\"4c8dcfc\" data-element_type=\"widget\" data-e-type=\"widget\" data-widget_type=\"text-editor.default\">\n\t\t\t\t<div class=\"elementor-widget-container\">\n\t\t\t\t\t\t\t\t\t<p><strong>Acerca de esta pol\u00edtica de cookies<\/strong><\/p>\n<p>Esta Pol\u00edtica de Cookies define las cookies y describe c\u00f3mo las utilizamos. Deber\u00eda leer esta pol\u00edtica para saber m\u00e1s sobre las cookies, c\u00f3mo las utilizamos, los muchos tipos de cookies que utilizamos, la informaci\u00f3n que recopilamos utilizando cookies y c\u00f3mo la utilizamos, y c\u00f3mo gestionar sus opciones de cookies. Consulte nuestra <a href=\"https:\/privacy-policy\/\">Pol\u00edtica de privacidad<\/a> para obtener m\u00e1s informaci\u00f3n sobre c\u00f3mo utilizamos, almacenamos y protegemos sus datos personales.<\/p>\n<p>En nuestro sitio web, puede modificar o retirar su consentimiento a la Declaraci\u00f3n de Cookies en cualquier momento.<\/p>\n<p>En nuestra Pol\u00edtica de privacidad puede obtener m\u00e1s informaci\u00f3n sobre qui\u00e9nes somos, c\u00f3mo ponerse en contacto con nosotros y c\u00f3mo tratamos los datos personales.<\/p>\n<p>Su consentimiento se aplica a los siguientes dominios: <u><br \/>\n  <a href=\"https:\/es\/\">www.xalamtours.com \/ www.xalam.nl<\/a><br \/>\n<\/u><\/p>\n<p><strong>\u00bfQu\u00e9 son las cookies?<\/strong><\/p>\n<p>Las cookies son peque\u00f1os archivos de texto que se utilizan para guardar peque\u00f1as cantidades de datos. Cuando el sitio web se carga en su navegador, las cookies se guardan en su dispositivo. Estas cookies nos ayudan a hacer que el sitio web funcione eficazmente, a hacerlo m\u00e1s seguro, a proporcionar una mejor experiencia al usuario y a analizar el rendimiento del sitio web, lo que funciona y lo que debe mejorarse.<\/p>\n<p><strong>\u00bfC\u00f3mo utilizamos las cookies?<\/strong><\/p>\n<p>Nuestro sitio web, como la mayor\u00eda de los servicios en l\u00ednea, utiliza cookies propias y de terceros para diversos objetivos. La mayor\u00eda de las cookies de origen son necesarias para que el sitio web funcione correctamente, y no recogen ninguna informaci\u00f3n de identificaci\u00f3n personal.<\/p>\n<p>Las cookies de terceros que utilizamos en nuestros sitios web se emplean principalmente para comprender mejor el funcionamiento del sitio web, c\u00f3mo interact\u00faa usted con \u00e9l, mantener la seguridad de nuestros servicios, ofrecerle anuncios relevantes y proporcionarle una experiencia de usuario mejorada, as\u00ed como para ayudar a agilizar futuras interacciones con nuestro sitio web.<\/p>\n<p><strong>\u00bfQu\u00e9 tipos de cookies utilizamos?<\/strong><\/p>\n<p><strong>Imprescindibles<\/strong>: Algunas cookies son necesarias para que pueda utilizar nuestro sitio web en todo su potencial. Nos permiten hacer un seguimiento de las sesiones de los usuarios y evitar riesgos de seguridad. No recogen ni almacenan informaci\u00f3n personal. Estas cookies, por ejemplo, le permiten entrar en su cuenta, a\u00f1adir cosas a su cesta y completar un pago seguro.<\/p>\n<p><strong>Estad\u00edsticas:<\/strong> Estas cookies guardan datos como el n\u00famero de visitantes del sitio web, el n\u00famero de visitantes \u00fanicos, las p\u00e1ginas del sitio web que se han visitado, el origen de la visita, etc. Estas estad\u00edsticas nos ayudan a determinar la eficacia del funcionamiento del sitio web y los aspectos susceptibles de mejora.<\/p>\n<p><strong>Marketing: <\/strong>Los anuncios se muestran en nuestro sitio web. Estas cookies se utilizan para que los anuncios que mostramos sean m\u00e1s relevantes para usted, personaliz\u00e1ndolos. Estas cookies tambi\u00e9n nos permiten hacer un seguimiento de la eficacia de nuestras iniciativas publicitarias.<\/p>\n<p>Los proveedores de publicidad de terceros pueden utilizar la informaci\u00f3n contenida en estas cookies para mostrar sus anuncios en otros sitios web dentro del navegador.<\/p>\n<p><strong>Funcionales:<\/strong> Estas son las cookies que ayudan con ciertas funciones no esenciales de nuestro sitio web. Estas funciones incluyen incrustar material como v\u00eddeos y compartir contenidos del sitio web en redes sociales.<\/p>\n<p><strong>Preferencias:<\/strong> Estas cookies nos ayudan a recordar su configuraci\u00f3n y elecciones de navegaci\u00f3n, como las preferencias de idioma, para que pueda tener una experiencia m\u00e1s personalizada y eficiente en las siguientes visitas al sitio web.<\/p>\n<p><strong>\u00bfC\u00f3mo puedo controlar las preferencias de cookies?<\/strong><\/p>\n<p>Puede modificar sus opciones en cualquier momento durante su sesi\u00f3n de navegaci\u00f3n haciendo clic en el enlace \u00abCookies\u00bb de la barra de herramientas de su navegador. Aparecer\u00e1 de nuevo el aviso de consentimiento, que le permitir\u00e1 realizar cambios o retirar completamente su consentimiento.<\/p>\n<p>Adem\u00e1s, los distintos navegadores ofrecen diferentes t\u00e9cnicas para bloquear y eliminar las cookies de los sitios web. Puede utilizar las opciones de su navegador para bloquear o eliminar las cookies. Visite <a href=\"https:\/\/en.wikipedia.org\/wiki\/HTTP_cookie\" target=\"_blank\" rel=\"noopener\">wikipedia.org<\/a>, para obtener m\u00e1s informaci\u00f3n sobre c\u00f3mo gestionar y eliminar las cookies.<\/p>\n\t\t\t\t\t\t\t\t<\/div>\n\t\t\t\t<\/div>\n\t\t\t\t\t<\/div>\n\t\t\t\t<\/div>\n\t\t\t\t<\/div>\n\t\t","protected":false},"excerpt":{"rendered":"<p>Acerca de esta pol\u00edtica de cookies Esta Pol\u00edtica de Cookies define las cookies y describe c\u00f3mo las utilizamos. Deber\u00eda leer esta pol\u00edtica para saber m\u00e1s sobre las cookies, c\u00f3mo las utilizamos, los muchos tipos de cookies que utilizamos, la informaci\u00f3n que recopilamos utilizando cookies y c\u00f3mo la utilizamos, y c\u00f3mo gestionar sus opciones de cookies. [&hellip;]<\/p>\n","protected":false},"author":1,"featured_media":12752,"parent":0,"menu_order":0,"comment_status":"closed","ping_status":"closed","template":"elementor_theme","meta":{"footnotes":""},"class_list":["post-14666","page","type-page","status-publish","has-post-thumbnail","hentry"],"_links":{"self":[{"href":"https:\/\/www.xalam.nl\/es\/wp-json\/wp\/v2\/pages\/14666","targetHints":{"allow":["GET"]}}],"collection":[{"href":"https:\/\/www.xalam.nl\/es\/wp-json\/wp\/v2\/pages"}],"about":[{"href":"https:\/\/www.xalam.nl\/es\/wp-json\/wp\/v2\/types\/page"}],"author":[{"embeddable":true,"href":"https:\/\/www.xalam.nl\/es\/wp-json\/wp\/v2\/users\/1"}],"replies":[{"embeddable":true,"href":"https:\/\/www.xalam.nl\/es\/wp-json\/wp\/v2\/comments?post=14666"}],"version-history":[{"count":1,"href":"https:\/\/www.xalam.nl\/es\/wp-json\/wp\/v2\/pages\/14666\/revisions"}],"predecessor-version":[{"id":14667,"href":"https:\/\/www.xalam.nl\/es\/wp-json\/wp\/v2\/pages\/14666\/revisions\/14667"}],"wp:featuredmedia":[{"embeddable":true,"href":"https:\/\/www.xalam.nl\/es\/wp-json\/wp\/v2\/media\/12752"}],"wp:attachment":[{"href":"https:\/\/www.xalam.nl\/es\/wp-json\/wp\/v2\/media?parent=14666"}],"curies":[{"name":"wp","href":"https:\/\/api.w.org\/{rel}","templated":true}]}}