{"id":14521,"date":"2023-06-01T23:57:26","date_gmt":"2023-06-01T23:57:26","guid":{"rendered":"https:\/acerca-de-xalam-tours-experiencia-xavaria\/"},"modified":"2023-08-21T12:31:15","modified_gmt":"2023-08-21T12:31:15","slug":"acerca-de-xalam-tours-experiencia-xavaria","status":"publish","type":"page","link":"https:\/\/www.xalam.nl\/es\/acerca-de-xalam-tours-experiencia-xavaria\/","title":{"rendered":"Acerca de Xalam Tours &#8211; Experiencia Xavaria"},"content":{"rendered":"\t\t<div data-elementor-type=\"wp-page\" data-elementor-id=\"14521\" class=\"elementor elementor-14521 elementor-11182\" data-elementor-post-type=\"page\">\n\t\t\t\t<div class=\"elementor-element elementor-element-f326a63 e-flex e-con-boxed e-con e-parent\" data-id=\"f326a63\" data-element_type=\"container\" data-e-type=\"container\">\n\t\t\t\t\t<div class=\"e-con-inner\">\n\t\t\t\t\t<\/div>\n\t\t\t\t<\/div>\n\t\t<div class=\"elementor-element elementor-element-efd2bf5 e-flex e-con-boxed e-con e-parent\" data-id=\"efd2bf5\" data-element_type=\"container\" data-e-type=\"container\">\n\t\t\t\t\t<div class=\"e-con-inner\">\n\t\t\t\t<div class=\"elementor-element elementor-element-6727757 elementor-widget elementor-widget-heading\" data-id=\"6727757\" data-element_type=\"widget\" data-e-type=\"widget\" data-widget_type=\"heading.default\">\n\t\t\t\t<div class=\"elementor-widget-container\">\n\t\t\t\t\t<h1 class=\"elementor-heading-title elementor-size-default\">Descubra la esencia de Xalam Tours - Xavaria Experience<\/h1>\t\t\t\t<\/div>\n\t\t\t\t<\/div>\n\t\t\t\t<div class=\"elementor-element elementor-element-dec1c2d elementor-widget elementor-widget-text-editor\" data-id=\"dec1c2d\" data-element_type=\"widget\" data-e-type=\"widget\" data-widget_type=\"text-editor.default\">\n\t\t\t\t<div class=\"elementor-widget-container\">\n\t\t\t\t\t\t\t\t\t<p><span style=\"font-size: 14pt;\">Bienvenido a Xalam Tours &#8211; Xavaria Experience, el principal destino para viajes inolvidables en los Pa\u00edses Bajos. Con nuestros gu\u00edas expertos e itinerarios seleccionados, nos esforzamos por crear experiencias extraordinarias que muestren la belleza y el encanto de las joyas ocultas de Holanda. Tanto si le cautivan los jardines de tulipanes de Keukenhof, el pintoresco pueblo de Giethoorn o las maravillas hist\u00f3ricas de Zaanse Schans, Xalam Tours &#8211; Xavaria Experience est\u00e1 aqu\u00ed para hacer de su viaje una experiencia encantadora.<\/span><\/p>\n\t\t\t\t\t\t\t\t<\/div>\n\t\t\t\t<\/div>\n\t\t\t\t\t<\/div>\n\t\t\t\t<\/div>\n\t\t<div class=\"elementor-element elementor-element-56722fe e-flex e-con-boxed e-con e-parent\" data-id=\"56722fe\" data-element_type=\"container\" data-e-type=\"container\">\n\t\t\t\t\t<div class=\"e-con-inner\">\n\t\t<div class=\"elementor-element elementor-element-ef9d36d e-con-full e-flex e-con e-parent\" data-id=\"ef9d36d\" data-element_type=\"container\" data-e-type=\"container\">\n\t\t\t\t<div class=\"elementor-element elementor-element-03ad7ca elementor-widget elementor-widget-text-editor\" data-id=\"03ad7ca\" data-element_type=\"widget\" data-e-type=\"widget\" data-widget_type=\"text-editor.default\">\n\t\t\t\t<div class=\"elementor-widget-container\">\n\t\t\t\t\t\t\t\t\t<h5><span style=\"text-decoration: underline;\">Experiencia \u00fanica:<\/span><\/h5>\n<p><span style=\"font-size: 12pt;\">Como touroperador l\u00edder especializado en los Pa\u00edses Bajos, contamos con amplios conocimientos y experiencia para mostrar las joyas ocultas de este encantador pa\u00eds. Nuestro equipo de gu\u00edas experimentados y entusiastas de los viajes se dedica a organizar viajes extraordinarios que captan la esencia de la cultura, la historia y la belleza natural de Holanda.<\/span><\/p>\n<h5><span style=\"text-decoration: underline;\">Experiencias a medida:<\/span><\/h5>\n<p><span style=\"font-size: 12pt;\">Entendemos que cada viajero es \u00fanico, y por eso ofrecemos una gama de viajes privados personalizables. Tanto si es un entusiasta de la historia, un amante de la naturaleza o un aficionado al arte, nuestro equipo trabajar\u00e1 estrechamente con usted para dise\u00f1ar un itinerario personalizado que se adapte a sus intereses y preferencias. Desde visitas privadas al Siglo de Oro holand\u00e9s hasta aventuras europeas personalizadas, nos comprometemos a crear experiencias inolvidables hechas a su medida.<\/span><\/p>\n<h5><span style=\"text-decoration: underline;\">Gu\u00edas de expertos:<\/span><\/h5>\n<p><span style=\"font-size: 12pt;\">Nuestros expertos gu\u00edas son el alma de Xalam Tours &#8211; Xavaria Experience. Con su experiencia y su pasi\u00f3n por contar historias, dan vida a la historia y la cultura de Holanda, proporcionando informaci\u00f3n cautivadora en cada momento. Tanto si pasea por las calles adoquinadas de \u00c1msterdam como si explora los molinos de Zaanse Schans o navega por los canales de Giethoorn, nuestros gu\u00edas le garantizan una experiencia informativa y atractiva.<\/span><\/p>\n<h5><span style=\"text-decoration: underline;\">Satisfacci\u00f3n del cliente:<\/span><\/h5>\n<p><span style=\"font-size: 12pt;\">En Xalam Tours &#8211; Xavaria Experience, su satisfacci\u00f3n es nuestra m\u00e1xima prioridad. Creemos en ofrecer un servicio al cliente excepcional desde el momento en que se pone en contacto con nosotros hasta la conclusi\u00f3n de su viaje. Nos ocupamos de todos los detalles, incluido el transporte, las reservas y la log\u00edstica, para que pueda relajarse y sumergirse por completo en las maravillas de Holanda. Nuestro compromiso con la excelencia nos ha valido excelentes cr\u00edticas de clientes satisfechos, lo que nos convierte en una opci\u00f3n de confianza para los viajeros m\u00e1s exigentes.<\/span><\/p>\n\t\t\t\t\t\t\t\t<\/div>\n\t\t\t\t<\/div>\n\t\t\t\t<\/div>\n\t\t<div class=\"elementor-element elementor-element-3e13dd0 e-con-full e-flex e-con e-parent\" data-id=\"3e13dd0\" data-element_type=\"container\" data-e-type=\"container\">\n\t\t\t\t<div class=\"elementor-element elementor-element-f181968 elementor-widget elementor-widget-text-editor\" data-id=\"f181968\" data-element_type=\"widget\" data-e-type=\"widget\" data-widget_type=\"text-editor.default\">\n\t\t\t\t<div class=\"elementor-widget-container\">\n\t\t\t\t\t\t\t\t\t<h5><span style=\"text-decoration: underline;\">Nuestra pasi\u00f3n por Holanda:<\/span><\/h5>\n<p><span style=\"font-size: 12pt;\">En Xalam Tours &#8211; Xavaria Experience, nos apasiona la rica historia, la vibrante cultura y los impresionantes paisajes de Holanda. Nuestro equipo de profesionales comparte un profundo amor por este pa\u00eds y se enorgullece de presentar a los visitantes sus tesoros menos conocidos. Con a\u00f1os de experiencia y amplios conocimientos locales, organizamos viajes excepcionales que le permitir\u00e1n sumergirse en la esencia de Holanda.<\/span><\/p>\n<h5><span style=\"text-decoration: underline;\">Conexiones locales de Xalam Tours:<\/span><\/h5>\n<p><span style=\"font-size: 12pt;\">Como \u00e1vidos viajeros que somos, creemos en el poder transformador de las experiencias aut\u00e9nticas y envolventes. Por eso colaboramos con socios y comunidades locales para ofrecerle una perspectiva desde dentro de los Pa\u00edses Bajos. Nuestras asociaciones nos permiten ofrecer un acceso \u00fanico a acontecimientos culturales, tradiciones locales y lugares poco conocidos, lo que le permitir\u00e1 crear recuerdos entra\u00f1ables que van m\u00e1s all\u00e1 de las t\u00edpicas experiencias tur\u00edsticas.<\/span><\/p>\n<h5><span style=\"text-decoration: underline;\">\u00danete a nosotros (Xalam Tours &#8211; Xavaria Experience:<\/span><\/h5>\n<p><span style=\"font-size: 12pt;\">\u00bfEst\u00e1 listo para embarcarse en un extraordinario viaje por las joyas ocultas de Holanda? Eche un vistazo a nuestra selecci\u00f3n de viajes meticulosamente elaborados y empiece a planificar su aventura hoy mismo. P\u00f3ngase en contacto con nuestro amable equipo para cualquier consulta o para hablar de las opciones de visitas personalizadas. Deje que Xalam Tours &#8211; Xavaria Experience sea su puerta de entrada a una experiencia inolvidable en Holanda.<\/span><\/p>\n<p><span style=\"font-size: 12pt;\">En Xalam Tours &#8211; Xavaria Experience, nos apasiona compartir los tesoros ocultos de Holanda con viajeros de todo el mundo. Con nuestros gu\u00edas expertos, itinerarios personalizados e inquebrantable compromiso con la satisfacci\u00f3n del cliente, nos dedicamos a crear experiencias memorables que le dejar\u00e1n un profundo aprecio por la belleza y el encanto de Holanda. Acomp\u00e1\u00f1enos en una aventura que le acompa\u00f1ar\u00e1 mucho tiempo despu\u00e9s de abandonar nuestro encantador pa\u00eds.<\/span><\/p>\n<p><span style=\"font-size: 12pt;\">P\u00f3ngase en contacto con nosotros hoy mismo para empezar a planificar la aventura de sus sue\u00f1os en Holanda. Esperamos poder darle la bienvenida a la \u00abExperiencia Holanda\u00bb con Xalam Tours &#8211; Xavaria Experience.<\/span><\/p>\n\t\t\t\t\t\t\t\t<\/div>\n\t\t\t\t<\/div>\n\t\t\t\t<\/div>\n\t\t\t\t\t<\/div>\n\t\t\t\t<\/div>\n\t\t\t\t<section class=\"elementor-section elementor-top-section elementor-element elementor-element-5c0e1e4f elementor-section-boxed elementor-section-height-default elementor-section-height-default\" data-id=\"5c0e1e4f\" data-element_type=\"section\" data-e-type=\"section\" data-settings=\"{&quot;background_background&quot;:&quot;classic&quot;}\">\n\t\t\t\t\t\t<div class=\"elementor-container elementor-column-gap-default\">\n\t\t\t\t\t<div class=\"elementor-column elementor-col-100 elementor-top-column elementor-element elementor-element-35e3ae46\" data-id=\"35e3ae46\" data-element_type=\"column\" data-e-type=\"column\">\n\t\t\t<div class=\"elementor-widget-wrap elementor-element-populated\">\n\t\t\t\t\t\t<div class=\"elementor-element elementor-element-2a79e870 elementor-widget elementor-widget-heading\" data-id=\"2a79e870\" data-element_type=\"widget\" data-e-type=\"widget\" data-widget_type=\"heading.default\">\n\t\t\t\t<div class=\"elementor-widget-container\">\n\t\t\t\t\t<h2 class=\"elementor-heading-title elementor-size-default\">Lo que dicen nuestros clientes<\/h2>\t\t\t\t<\/div>\n\t\t\t\t<\/div>\n\t\t\t\t<div class=\"elementor-element elementor-element-111e48ec elementor-widget elementor-widget-st_testimonial\" data-id=\"111e48ec\" data-element_type=\"widget\" data-e-type=\"widget\" data-settings=\"{&quot;slides_per_view&quot;:&quot;3&quot;}\" data-widget_type=\"st_testimonial.default\">\n\t\t\t\t<div class=\"elementor-widget-container\">\n\t\t\t\t\t<div class=\"st-testimonial-modern-slider\">\r\n    <div class=\"st-testimonial\" data-effect=\"creative\" data-slides-per-view=\"3\" data-pagination=\"on\" data-navigation=\"on\" data-auto-play=\"off\" data-loop=\"true\" data-delay=\"\">\r\n        <div class=\"service-testimonial-wrapper swiper-container\">\r\n\t\t\t<div class=\"swiper-wrapper\">\r\n                            <div class=\"swiper-slide\">\r\n                    <div class=\"item\">\r\n\r\n                        \r\n                        <p class=\"st-content st-content-lib\">\r\n                            Naufal was a wonderful guide. He had an excellent command of English. Communicated promptly. Was flexible and knowledgeable. Would definitely recommend THANKS                        <\/p>\r\n                        <div class=\"author-meta author-meta-lib\">\r\n                                                                    <i class=\"review-testimonial stt-icon-star1\"><\/i>\r\n                                                                            <i class=\"review-testimonial stt-icon-star1\"><\/i>\r\n                                                                            <i class=\"review-testimonial stt-icon-star1\"><\/i>\r\n                                                                            <i class=\"review-testimonial stt-icon-star1\"><\/i>\r\n                                                                            <i class=\"review-testimonial stt-icon-star1\"><\/i>\r\n                                                                                                    <h4 class=\"name\">Cynthia M.<\/h4>\r\n                                \r\n                                                                <p class=\"office-testimonial office-testimonial-lib\">Customers from U.S.A<\/p>\r\n                                \r\n                        <\/div>\r\n                    <\/div>\r\n                <\/div>\r\n                            <div class=\"swiper-slide\">\r\n                    <div class=\"item\">\r\n\r\n                        \r\n                        <p class=\"st-content st-content-lib\">\r\n                            Save me a lot of hassle. Naufal is a great guide,\u00a0knowledgeable and a very patient person. Always tag along wherever we were, recommend restaurant and spend a couple of hours more than the agreed tour time at no extra cost!                        <\/p>\r\n                        <div class=\"author-meta author-meta-lib\">\r\n                                                                    <i class=\"review-testimonial stt-icon-star1\"><\/i>\r\n                                                                            <i class=\"review-testimonial stt-icon-star1\"><\/i>\r\n                                                                            <i class=\"review-testimonial stt-icon-star1\"><\/i>\r\n                                                                            <i class=\"review-testimonial stt-icon-star1\"><\/i>\r\n                                                                            <i class=\"review-testimonial stt-icon-star1\"><\/i>\r\n                                                                                                    <h4 class=\"name\">Nor Azman Baharum<\/h4>\r\n                                \r\n                                                                <p class=\"office-testimonial office-testimonial-lib\">Customers from Malaysia<\/p>\r\n                                \r\n                        <\/div>\r\n                    <\/div>\r\n                <\/div>\r\n                            <div class=\"swiper-slide\">\r\n                    <div class=\"item\">\r\n\r\n                        \r\n                        <p class=\"st-content st-content-lib\">\r\n                            He is a good guide for my clients. I recommend him if you want to travel in Amsterdam and surrounding city in Benelux.                        <\/p>\r\n                        <div class=\"author-meta author-meta-lib\">\r\n                                                                    <i class=\"review-testimonial stt-icon-star1\"><\/i>\r\n                                                                            <i class=\"review-testimonial stt-icon-star1\"><\/i>\r\n                                                                            <i class=\"review-testimonial stt-icon-star1\"><\/i>\r\n                                                                            <i class=\"review-testimonial stt-icon-star1\"><\/i>\r\n                                                                            <i class=\"review-testimonial stt-icon-star1\"><\/i>\r\n                                                                                                    <h4 class=\"name\">Tinni Maskoen<\/h4>\r\n                                \r\n                                                                <p class=\"office-testimonial office-testimonial-lib\">Customers from Indonesia<\/p>\r\n                                \r\n                        <\/div>\r\n                    <\/div>\r\n                <\/div>\r\n                            <div class=\"swiper-slide\">\r\n                    <div class=\"item\">\r\n\r\n                        \r\n                        <p class=\"st-content st-content-lib\">\r\n                            Nafaul drove us on an excursion all over the Netherlands. What a delightful, upbeat man ~ so enjoyed being with him and having him as a personal tour guide. He never made us feel hurried on the tour Not like a bus Never had such an enjoyable tour day. HIGHLY recommend!                        <\/p>\r\n                        <div class=\"author-meta author-meta-lib\">\r\n                                                                    <i class=\"review-testimonial stt-icon-star1\"><\/i>\r\n                                                                            <i class=\"review-testimonial stt-icon-star1\"><\/i>\r\n                                                                            <i class=\"review-testimonial stt-icon-star1\"><\/i>\r\n                                                                            <i class=\"review-testimonial stt-icon-star1\"><\/i>\r\n                                                                            <i class=\"review-testimonial stt-icon-star1\"><\/i>\r\n                                                                                                    <h4 class=\"name\">Kay Spearman Pierson<\/h4>\r\n                                \r\n                                                                <p class=\"office-testimonial office-testimonial-lib\">Customers from U.S.A<\/p>\r\n                                \r\n                        <\/div>\r\n                    <\/div>\r\n                <\/div>\r\n                            <div class=\"swiper-slide\">\r\n                    <div class=\"item\">\r\n\r\n                        \r\n                        <p class=\"st-content st-content-lib\">\r\n                            Perjalanan keliling Eropa ini sesuai dengan yang saya harapkan. Pelayanan yang profesional, respon yang aktif, serta pengenalan lokasi yang baik. Layak untuk di ulang lagi dengan rute lain.                         <\/p>\r\n                        <div class=\"author-meta author-meta-lib\">\r\n                                                                    <i class=\"review-testimonial stt-icon-star1\"><\/i>\r\n                                                                            <i class=\"review-testimonial stt-icon-star1\"><\/i>\r\n                                                                            <i class=\"review-testimonial stt-icon-star1\"><\/i>\r\n                                                                            <i class=\"review-testimonial stt-icon-star1\"><\/i>\r\n                                                                            <i class=\"review-testimonial stt-icon-star1\"><\/i>\r\n                                                                                                    <h4 class=\"name\">Susantio<\/h4>\r\n                                \r\n                                                                <p class=\"office-testimonial office-testimonial-lib\">Customers from Indonesia<\/p>\r\n                                \r\n                        <\/div>\r\n                    <\/div>\r\n                <\/div>\r\n            \t\t\t<\/div>\r\n        <\/div>\r\n\t\t\t\t<div class=\"swiper-pagination\"><\/div>\r\n\t\t\t\t\t<div class=\"st-button-prev\"><span class=\"stt-icon stt-icon-arrow-left\"><\/span><\/div><div class=\"st-button-next\"><span class=\"stt-icon stt-icon-arrow-right\"><\/span><\/div>\r\n\t\t    <\/div>\r\n<\/div>\r\n\r\n\r\n\t\t\t\t<\/div>\n\t\t\t\t<\/div>\n\t\t\t\t\t<\/div>\n\t\t<\/div>\n\t\t\t\t\t<\/div>\n\t\t<\/section>\n\t\t\t\t<\/div>\n\t\t","protected":false},"excerpt":{"rendered":"<p>Descubra la esencia de Xalam Tours &#8211; Xavaria Experience Bienvenido a Xalam Tours &#8211; Xavaria Experience, el principal destino para viajes inolvidables en los Pa\u00edses Bajos. Con nuestros gu\u00edas expertos e itinerarios seleccionados, nos esforzamos por crear experiencias extraordinarias que muestren la belleza y el encanto de las joyas ocultas de Holanda. Tanto si le [&hellip;]<\/p>\n","protected":false},"author":1,"featured_media":13538,"parent":0,"menu_order":0,"comment_status":"closed","ping_status":"closed","template":"template-blank.php","meta":{"footnotes":""},"class_list":["post-14521","page","type-page","status-publish","has-post-thumbnail","hentry"],"_links":{"self":[{"href":"https:\/\/www.xalam.nl\/es\/wp-json\/wp\/v2\/pages\/14521","targetHints":{"allow":["GET"]}}],"collection":[{"href":"https:\/\/www.xalam.nl\/es\/wp-json\/wp\/v2\/pages"}],"about":[{"href":"https:\/\/www.xalam.nl\/es\/wp-json\/wp\/v2\/types\/page"}],"author":[{"embeddable":true,"href":"https:\/\/www.xalam.nl\/es\/wp-json\/wp\/v2\/users\/1"}],"replies":[{"embeddable":true,"href":"https:\/\/www.xalam.nl\/es\/wp-json\/wp\/v2\/comments?post=14521"}],"version-history":[{"count":3,"href":"https:\/\/www.xalam.nl\/es\/wp-json\/wp\/v2\/pages\/14521\/revisions"}],"predecessor-version":[{"id":15862,"href":"https:\/\/www.xalam.nl\/es\/wp-json\/wp\/v2\/pages\/14521\/revisions\/15862"}],"wp:featuredmedia":[{"embeddable":true,"href":"https:\/\/www.xalam.nl\/es\/wp-json\/wp\/v2\/media\/13538"}],"wp:attachment":[{"href":"https:\/\/www.xalam.nl\/es\/wp-json\/wp\/v2\/media?parent=14521"}],"curies":[{"name":"wp","href":"https:\/\/api.w.org\/{rel}","templated":true}]}}