{"id":14696,"date":"2023-05-04T19:44:26","date_gmt":"2023-05-04T19:44:26","guid":{"rendered":"https:\/bedingungen-und-konditionen\/"},"modified":"2024-05-01T11:55:47","modified_gmt":"2024-05-01T11:55:47","slug":"bedingungen-und-konditionen","status":"publish","type":"page","link":"https:\/\/www.xalam.nl\/de\/bedingungen-und-konditionen\/","title":{"rendered":"Bedingungen und Konditionen"},"content":{"rendered":"\t\t<div data-elementor-type=\"wp-page\" data-elementor-id=\"14696\" class=\"elementor elementor-14696 elementor-10184\" data-elementor-post-type=\"page\">\n\t\t\t\t<div class=\"elementor-element elementor-element-985f818 e-con-full e-flex e-con e-parent\" data-id=\"985f818\" data-element_type=\"container\" data-e-type=\"container\">\n\t\t\t\t<div class=\"elementor-element elementor-element-909dde2 elementor-widget elementor-widget-text-editor\" data-id=\"909dde2\" data-element_type=\"widget\" data-e-type=\"widget\" data-widget_type=\"text-editor.default\">\n\t\t\t\t<div class=\"elementor-widget-container\">\n\t\t\t\t\t\t\t\t\t<p><strong>DIES SIND DIE NUTZUNGSBEDINGUNGEN F\u00dcR DIE WEBSITE: <a href=\"https:\/de\/\">WWW.XALAMTOURS.COM \/ WWW.XALAM.NL<\/a><\/strong><\/p>\n<p><strong>Angaben zum Unternehmen:<\/strong><br \/>Firmenname: XALAM B.V.<br \/>Handelsname(n): Xalam Tours &#8211; Xavaria Experience &#8211; Holland Experience &#8211; Xalam Private Tours<br \/>Adresse: Slotermeerlaan 58 &#8211; 1064 HC Amsterdam &#8211; Die Niederlande<br \/>Rufnummer: +31 645 42 61 61<br \/>E-Mail-Adresse: hello@<br \/>Umsatzsteuer-Identifikationsnummer: NL866359825B01<br \/>Nummer der Handelskammer: 93333986<\/p>\n<p>Bitte lesen Sie die folgenden Bedingungen sorgf\u00e4ltig durch, da sie die Bedingungen f\u00fcr den Zugang und die Nutzung der Website festlegen.<\/p>\n<p><strong>ARTIKEL 01 &#8211; DEFINITIONEN<\/strong><\/p>\n<ul>\n<li>Der Ausdruck &#8222;Nutzungsbedingungen&#8220; bezieht sich auf die Bedingungen, die f\u00fcr die Nutzung dieser Website durch den Nutzer gelten.<\/li>\n<li>Die \u00fcber diese Website verf\u00fcgbaren Funktionen, Ger\u00e4te, Anwendungen, Informationen und sonstigen Dienste werden als Dienste bezeichnet.<\/li>\n<li>Die mit dem Domainnamen <strong>www.xalamtours.com \/ www.xalam.nl<\/strong> gekennzeichneten Seiten <strong>,<\/strong> die Xalam Tours &#8211; Xavaria Experience geh\u00f6ren und von ihr verwaltet werden, werden als Website bezeichnet.<\/li>\n<li>Jede Person, die diese Website besucht und\/oder nutzt, wird als Nutzer bezeichnet.<\/li>\n<li>Nachrichten, Daten, Informationen, Texte und anderes Material, einschlie\u00dflich Werbung, werden als Inhalt\/e bezeichnet.<\/li>\n<\/ul>\n<p><strong>ARTIKEL 02 &#8211; DIE BEZIEHUNG DES NUTZERS ZU XALAM TOURS &#8211; XAVARIA EXPERIENCE<\/strong><\/p>\n<p>Durch den Zugriff auf die Website, das Durchsuchen der Website oder die anderweitige Nutzung der Website erkl\u00e4rt sich der Nutzer mit den Nutzungsbedingungen sowie mit allen anderen Bestimmungen oder Richtlinien, auf die sich die Nutzungsbedingungen beziehen, sowie mit allen k\u00fcnftigen \u00c4nderungen einverstanden. Der Nutzer darf nicht auf die Website zugreifen, surfen oder sie in irgendeiner Weise nutzen, wenn er nicht damit einverstanden ist, an das Vorstehende, einschlie\u00dflich etwaiger sp\u00e4terer \u00c4nderungen, gebunden zu sein.<\/p>\n<p>Xalam Tours &#8211; Xavaria Experience beh\u00e4lt sich das Recht vor, nach eigenem Ermessen alle in den Nutzungsbedingungen enthaltenen Bestimmungen zu integrieren oder zu \u00e4ndern, einschlie\u00dflich aller Bestimmungen und\/oder Richtlinien, auf die auf der Website verwiesen wird.<\/p>\n<p>Die Anpassungen und Integrationen treten in Kraft, nachdem sie auf der Website zusammen mit einer Mitteilung \u00fcber die \u00c4nderung und\/oder Integration ver\u00f6ffentlicht worden sind. Die Zustimmung der Nutzer zu den Anpassungen wird durch ihre Nutzung der Website nach der Ver\u00f6ffentlichung des oben genannten Hinweises impliziert, auch wenn sie diesen nicht gesehen haben. Daher muss der Nutzer die Nutzungsbedingungen regelm\u00e4\u00dfig lesen, um sicherzustellen, dass er die f\u00fcr die Nutzung der Website geltenden Bedingungen kennt.<\/p>\n<p><strong>ARTIKEL 03 &#8211; DIE VERANTWORTUNG DES NUTZERS F\u00dcR SEINE HANDLUNGEN<\/strong><\/p>\n<p>Der Nutzer verpflichtet sich, Xalam Tours &#8211; Xavaria Experience von jeglichen Anspr\u00fcchen Dritter (einschlie\u00dflich Rechtskosten) freizustellen und schadlos zu halten, die sich aus dem Verhalten des Nutzers, der Verletzung der Nutzungsbedingungen oder der Verletzung von Rechten Dritter ergeben.<\/p>\n<p><strong>ARTIKEL 04 &#8211; G\u00dcLTIGKEIT DER PRODUKTE, \u00c4NDERUNGEN UND ERG\u00c4NZUNGEN<\/strong><\/p>\n<p>Die Produkte von Xalam Tours &#8211; Xavaria Experience sind nur zu den auf <strong>www.xalamtours.com \/ www.xalam.nl<\/strong> angegebenen Daten und Zeiten g\u00fcltig <strong>.<\/strong> Xalam Tours &#8211; Xavaria Experience ist nicht haftbar oder verantwortlich f\u00fcr Informationen, die nicht direkt von ihr angeboten werden.<\/p>\n<p>Der Kundenservice von Xalam Tours &#8211; Xavaria Experience muss per E-Mail an hello@ kontaktiert werden, wenn Sie Ihre Buchung \u00e4ndern oder erg\u00e4nzen m\u00f6chten.<\/p>\n<p>Wenn Ihre Anfrage mehr als achtundvierzig (72) Stunden vor dem geplanten Tourdatum bei unserem Kundenservice eingeht, erhebt Xalam Tours &#8211; Xavaria Experience keine Geb\u00fchr f\u00fcr die Anpassung oder \u00c4nderung der Daten oder Zeiten einer bestehenden Buchung. Dieser Leitfaden gilt f\u00fcr die meisten unserer Ausfl\u00fcge, es gibt jedoch einige Ausnahmen.<\/p>\n<p>Wenn Sie eine \u00c4nderung des Datums oder der Uhrzeit w\u00fcnschen, wird Xalam Tours &#8211; Xavaria Experience sich bem\u00fchen, Ihnen entgegenzukommen; allerdings kann eine \u00c4nderung des Datums oder der Uhrzeit nicht garantiert werden, da alle Anfragen und \u00c4nderungen von der Verf\u00fcgbarkeit abh\u00e4ngen.<\/p>\n<p>Xalam Tours &#8211; Xavaria Experience beh\u00e4lt sich das Recht vor, jede Reise, die Sie \u00fcber <strong>www.xalamtours.com<\/strong> \/ <strong>www.xalam.nl<\/strong> gebucht haben, jederzeit und aus jedem Grund zu stornieren, zu \u00e4ndern oder zu ersetzen. Sie haben Anspruch auf eine vollst\u00e4ndige R\u00fcckerstattung des urspr\u00fcnglichen Kaufpreises, wenn Sie mit den gelieferten Alternativen in solchen F\u00e4llen nicht zufrieden sind.<\/p>\n<p><strong>ARTIKEL 05 &#8211; PREISE \/ ANGEBOTE<\/strong><\/p>\n<ul>\n<li>Alle Angebote von Xalam Tours &#8211; Xavaria Experience sind freibleibend und Xalam Tours &#8211; Xavaria Experience beh\u00e4lt sich das Recht vor, die Preise zu \u00e4ndern, insbesondere wenn dies gesetzlich oder durch andere Vorschriften erforderlich ist.<\/li>\n<li>Alle Preise sind in Euro angegeben und enthalten die Mehrwertsteuer.<\/li>\n<li>In einigen F\u00e4llen gelten Sonderpreise. Diese Preise gelten f\u00fcr den angegebenen Zeitraum und solange der Vorrat reicht. Es besteht kein Anspruch auf diese Preise vor oder nach dem angegebenen Zeitraum.<\/li>\n<li>Xalam Tours &#8211; Xavaria Experience haftet nicht f\u00fcr offensichtlich falsche Preisangaben, z.B. aufgrund von offensichtlichen Druck- oder Ver\u00f6ffentlichungsfehlern. Aus unrichtigen Preisangaben k\u00f6nnen keine Rechtsanspr\u00fcche abgeleitet werden.<\/li>\n<li>F\u00fcr jede Reservierung wird eine prozentuale Reservierungsgeb\u00fchr erhoben, deren H\u00f6he von der jeweiligen Veranstaltung abh\u00e4ngt.<\/li>\n<\/ul>\n<p><strong>ARTIKEL 06 &#8211; ZAHLUNGEN, R\u00dcCKERSTATTUNGEN UND STORNIERUNGEN<\/strong><\/p>\n<ul>\n<li>Alle g\u00e4ngigen Kreditkarten, PayPal, iDEAL und andere Zahlungsarten werden von Xalam Tours &#8211; Xavaria Experience akzeptiert.<\/li>\n<li>Um eine Reservierung vorzunehmen, m\u00fcssen wir die vollst\u00e4ndige Zahlung von unserem Zahlungsanbieter erhalten.<\/li>\n<li>Wenn Sie eine Reservierung bei Xalam Tours &#8211; Xavaria Experience stornieren, kann Xalam Tours &#8211; Xavaria Experience Ihnen eine Stornierungsgeb\u00fchr berechnen. Wenn Sie eine Reservierung stornieren, erhalten Sie eine E-Mail zur Best\u00e4tigung der Stornierung und der Stornierungsgeb\u00fchren.<\/li>\n<li>Um eine Gutschrift\/Erstattung des gesamten Reisepreises (ohne Buchungsgeb\u00fchr) zu erhalten, m\u00fcssen Stornierungen mindestens 48 Stunden vor der Reise per E-Mail an hello@ gesendet werden. Dieser Gutschein ist als Zahlung oder Teilzahlung f\u00fcr eine oder mehrere Xalam Tours &#8211; Xavaria Experience Reisen f\u00fcr einen Zeitraum von 12 Monaten nach Ausstellung des Gutscheins g\u00fcltig. Nicht erstattungsf\u00e4hige Reisen und Reisen mit einer gesonderten Stornierungsregelung sind von dieser Regelung ausgenommen.<\/li>\n<li>Stornierung zwischen einer Woche und 48 Stunden vor dem Abreisedatum: 50 % des Gesamtbetrags plus eventuell anfallende Verwaltungsgeb\u00fchren.<\/li>\n<li>Bei Stornierungen innerhalb von 48 Stunden vor einer Tour wird keine Gutschrift erteilt.<\/li>\n<li>Sobald eine Tour begonnen hat, gibt es keine M\u00f6glichkeit mehr, eine Gutschrift zu erhalten.<\/li>\n<\/ul>\n<p><strong>ARTIKEL 07 &#8211; HAFTUNGSBESCHR\u00c4NKUNGEN UND HAFTUNGSAUSSCHL\u00dcSSE<\/strong><\/p>\n<p>Xalam Tours &#8211; Xavaria Experience ist nicht verantwortlich f\u00fcr die folgenden Verluste oder Sch\u00e4den (unabh\u00e4ngig davon, ob diese Verluste vorhergesehen, vorhersehbar, bekannt oder anderweitig entstanden sind):<\/p>\n<ul>\n<li>Es gibt einen Datenverlust.<\/li>\n<li>Es wird ein R\u00fcckgang der Einnahmen oder Gewinne erwartet.<\/li>\n<li>Ein R\u00fcckgang der Einnahmen.<\/li>\n<li>Eine verpasste Chance<\/li>\n<li>Sch\u00e4digung des Rufs oder Verlust des guten Rufs.<\/li>\n<li>Verluste Dritter sowie indirekte Sch\u00e4den, Folgesch\u00e4den, besondere oder exemplarische Sch\u00e4den, die sich aus der Nutzung der Website ergeben, unabh\u00e4ngig von der Art der Handlung.<\/li>\n<\/ul>\n<p>Xalam Tours &#8211; Xavaria Experience \u00fcbernimmt keine Verantwortung f\u00fcr Krankheit, Verbrechen, Arbeitskonflikte, mechanisches Versagen, beh\u00f6rdliche Beschr\u00e4nkungen, Kriegshandlungen und\/oder Terrorismus, Wetterbedingungen, Defekte in jeglicher Art von Transportmitteln oder jegliches Missgeschick oder Ungl\u00fcck, das aus einer Ursache au\u00dferhalb ihrer Kontrolle resultiert. Dies beinhaltet, ist aber nicht beschr\u00e4nkt auf:<\/p>\n<ul>\n<li>Die Schlie\u00dfung von Veranstaltungsorten, die von Xalam Tours &#8211; Xavaria Experience besucht werden, wenn die Schlie\u00dfung au\u00dferhalb des Einflussbereichs von Xalam Tours &#8211; Xavaria Experience liegt oder wenn Xalam Tours &#8211; Xavaria Experience vom Veranstaltungsort nicht rechtzeitig benachrichtigt wird, um die Kunden zu informieren, z.B. aufgrund von schlechtem Wetter, Kundgebungen und Protesten oder einfach aufgrund einer Entscheidung des Veranstaltungsorts in letzter Minute.<\/li>\n<li>Unsere Tour kann bestimmte Denkm\u00e4ler\/Gebiete und\/oder Schaupl\u00e4tze aufgrund von Verkehrsstaus, schlechtem Wetter, Demonstrationen und Protesten nicht besuchen, oder weil das Gebiet restauriert wird\/im Bau ist oder f\u00fcr die \u00d6ffentlichkeit nicht zug\u00e4nglich ist.<\/li>\n<\/ul>\n<p>Im Falle h\u00f6herer Gewalt ist Xalam Tours &#8211; Xavaria Experience berechtigt, unbeschadet aller anderen Rechte, die ihr zustehen, die Ausf\u00fchrung Ihrer Bestellung auszusetzen oder den Vertrag ohne gerichtliche Intervention aufzul\u00f6sen, indem sie Sie schriftlich davon in Kenntnis setzt, ohne dass Xalam Tours &#8211; Xavaria Experience zu irgendeinem Schadensersatz verpflichtet ist, es sei denn, dies w\u00e4re unter den gegebenen Umst\u00e4nden in \u00dcbereinstimmung mit den geltenden Gesetzen unannehmbar.<\/p>\n<p>H\u00f6here Gewalt ist definiert als jede St\u00f6rung, die Xalam Tours &#8211; Xavaria Experience nicht angelastet werden kann, weil sie weder Xalam Tours &#8211; Xavaria Experience angelastet werden kann, noch aufgrund von Gesetzen, rechtlichen Ma\u00dfnahmen oder allgemein anerkannten Ansichten als verantwortlich angesehen wird.<\/p>\n<p><strong>  ARTIKEL 08 &#8211; BESCHWERDEN<\/strong><\/p>\n<p>Wenn eine Beschwerde nach Meinung des Kunden nicht zufriedenstellend gel\u00f6st wird, muss Xalam Tours &#8211; Xavaria Experience innerhalb von 72 Stunden per E-Mail an hello@ mit einer stichhaltigen Begr\u00fcndung benachrichtigt werden.<\/p>\n<p>F\u00fcr alle Streitigkeiten zwischen Xalam Tours &#8211; Xavaria Experience und dem Kunden gilt das niederl\u00e4ndische Recht.<\/p>\n<p><strong>ARTIKEL 09 &#8211; R\u00dcCKTRITT<\/strong><\/p>\n<p>Xalam Tours &#8211; Xavaria Experience hat das Recht, jederzeit und ohne Vorank\u00fcndigung von den Nutzungsbedingungen zur\u00fcckzutreten und Nutzern den Zugang zur Website zu verweigern.<\/p>\n<p><strong>ARTIKEL 10 &#8211; ANWENDBARE GESETZE UND GERICHTSBARKEIT<\/strong><\/p>\n<p>Sollte eine der Bestimmungen in diesen Allgemeinen Gesch\u00e4ftsbedingungen oder einer anderen Vereinbarung mit Xalam Tours &#8211; Xavaria Experience im Widerspruch zu einer anwendbaren gesetzlichen Regelung stehen, wird die betreffende Bestimmung aufgehoben und durch eine neue, vergleichbare, gesetzlich zul\u00e4ssige Bestimmung ersetzt, die von Xalam Tours &#8211; Xavaria Experience festgelegt wird.<\/p>\n<p>Alle von Xalam Tours &#8211; Xavaria Experience abgeschlossenen Vertr\u00e4ge unterliegen dem niederl\u00e4ndischen Recht. F\u00fcr alle Streitigkeiten, die sich direkt oder indirekt aus diesen Vereinbarungen ergeben, ist ausschlie\u00dflich das Gericht in Amsterdam zust\u00e4ndig.<\/p>\n\t\t\t\t\t\t\t\t<\/div>\n\t\t\t\t<\/div>\n\t\t\t\t<\/div>\n\t\t\t\t<\/div>\n\t\t","protected":false},"excerpt":{"rendered":"<p>DIES SIND DIE NUTZUNGSBEDINGUNGEN F\u00dcR DIE WEBSITE: WWW.XALAMTOURS.COM \/ WWW.XALAM.NL Angaben zum Unternehmen:Firmenname: XALAM B.V.Handelsname(n): Xalam Tours &#8211; Xavaria Experience &#8211; Holland Experience &#8211; Xalam Private ToursAdresse: Slotermeerlaan 58 &#8211; 1064 HC Amsterdam &#8211; Die NiederlandeRufnummer: +31 645 42 61 61E-Mail-Adresse: hello@Umsatzsteuer-Identifikationsnummer: NL866359825B01Nummer der Handelskammer: 93333986 Bitte lesen Sie die folgenden Bedingungen sorgf\u00e4ltig durch, da [&hellip;]<\/p>\n","protected":false},"author":1,"featured_media":12748,"parent":0,"menu_order":0,"comment_status":"closed","ping_status":"closed","template":"elementor_theme","meta":{"footnotes":""},"class_list":["post-14696","page","type-page","status-publish","has-post-thumbnail","hentry"],"_links":{"self":[{"href":"https:\/\/www.xalam.nl\/de\/wp-json\/wp\/v2\/pages\/14696","targetHints":{"allow":["GET"]}}],"collection":[{"href":"https:\/\/www.xalam.nl\/de\/wp-json\/wp\/v2\/pages"}],"about":[{"href":"https:\/\/www.xalam.nl\/de\/wp-json\/wp\/v2\/types\/page"}],"author":[{"embeddable":true,"href":"https:\/\/www.xalam.nl\/de\/wp-json\/wp\/v2\/users\/1"}],"replies":[{"embeddable":true,"href":"https:\/\/www.xalam.nl\/de\/wp-json\/wp\/v2\/comments?post=14696"}],"version-history":[{"count":4,"href":"https:\/\/www.xalam.nl\/de\/wp-json\/wp\/v2\/pages\/14696\/revisions"}],"predecessor-version":[{"id":17688,"href":"https:\/\/www.xalam.nl\/de\/wp-json\/wp\/v2\/pages\/14696\/revisions\/17688"}],"wp:featuredmedia":[{"embeddable":true,"href":"https:\/\/www.xalam.nl\/de\/wp-json\/wp\/v2\/media\/12748"}],"wp:attachment":[{"href":"https:\/\/www.xalam.nl\/de\/wp-json\/wp\/v2\/media?parent=14696"}],"curies":[{"name":"wp","href":"https:\/\/api.w.org\/{rel}","templated":true}]}}