{"id":14668,"date":"2023-05-04T20:05:52","date_gmt":"2023-05-04T20:05:52","guid":{"rendered":"https:\/haftungsausschluss\/"},"modified":"2023-06-18T12:30:49","modified_gmt":"2023-06-18T12:30:49","slug":"haftungsausschluss","status":"publish","type":"page","link":"https:\/\/www.xalam.nl\/de\/haftungsausschluss\/","title":{"rendered":"Haftungsausschluss"},"content":{"rendered":"\t\t<div data-elementor-type=\"wp-page\" data-elementor-id=\"14668\" class=\"elementor elementor-14668 elementor-10200\" data-elementor-post-type=\"page\">\n\t\t\t\t<div class=\"elementor-element elementor-element-a9ca056 e-flex e-con-boxed e-con e-parent\" data-id=\"a9ca056\" data-element_type=\"container\" data-e-type=\"container\">\n\t\t\t\t\t<div class=\"e-con-inner\">\n\t\t\t\t<div class=\"elementor-element elementor-element-8a53141 elementor-widget elementor-widget-text-editor\" data-id=\"8a53141\" data-element_type=\"widget\" data-e-type=\"widget\" data-widget_type=\"text-editor.default\">\n\t\t\t\t<div class=\"elementor-widget-container\">\n\t\t\t\t\t\t\t\t\t<h3>Haftungsausschluss:<\/h3>\n<p>Die folgenden Bedingungen regeln Ihre Nutzung dieser Website<strong>(www.xalamtours.com \/ www.xalam.nl)<\/strong>. Es wird davon ausgegangen, dass Sie durch die Nutzung dieser Website die Nutzungsbedingungen gelesen und akzeptiert haben.<\/p>\n<p><strong>Verwendung von Informationen.<\/strong><br \/>Xalam Tours &#8211; Xavaria Experience bem\u00fcht sich, auf dieser Website genaue und aktuelle Informationen bereitzustellen. Xalam Tours &#8211; Xavaria Experience \u00fcbernimmt keine Garantie f\u00fcr die Vollst\u00e4ndigkeit, Richtigkeit oder Aktualit\u00e4t des Materials, auch wenn es mit gr\u00f6\u00dfter Sorgfalt zusammengestellt wurde. Die rechtlichen Informationen auf dieser Website sind allgemeiner Natur und sollten nicht als Rechtsberatung verstanden werden.<\/p>\n<p>Aus den Informationen k\u00f6nnen keine Rechte abgeleitet werden. Xalam Tours &#8211; Xavaria Experience lehnt jede Verantwortung f\u00fcr Sch\u00e4den ab, die sich aus der Nutzung der Informationen oder der Website ergeben, sowie f\u00fcr das Versagen des Funktionierens der Website.<br \/>Das Senden und Empfangen von Informationen \u00fcber die Website oder per E-Mail stellt nicht unmittelbar eine Verbindung zwischen Xalam Tours &#8211; Xavaria Experience und dem Nutzer der Website her.<\/p>\n<p><strong>E-Mail.<\/strong><br \/>Da der rechtzeitige Erhalt von E-Mails nicht garantiert werden kann, \u00fcbernimmt Xalam Tours &#8211; Xavaria Experience keine Gew\u00e4hr f\u00fcr den (rechtzeitigen) Erhalt oder die Bearbeitung von an sie gerichteten E-Mails. Aufgrund der damit verbundenen Sicherheitsbedenken kann die Sicherheit des E-Mail-Verkehrs nicht vollst\u00e4ndig gew\u00e4hrleistet werden. Sie akzeptieren dieses Risiko, wenn Sie mit Xalam Tours &#8211; Xavaria Experience \u00fcber E-Mail ohne Verschl\u00fcsselung oder Passwortschutz kommunizieren.<\/p>\n<p><strong>Hyperlinks.<\/strong><br \/>Diese Website kann Links zu Websites Dritter enthalten. Xalam Tours &#8211; Xavaria Experience hat keine Kontrolle \u00fcber und ist nicht verantwortlich f\u00fcr die Verf\u00fcgbarkeit oder den Inhalt von Websites Dritter. Daher \u00fcbernimmt Xalam Tours &#8211; Xavaria Experience keine Verantwortung f\u00fcr Sch\u00e4den, die durch die Nutzung von Websites Dritter entstehen.<\/p>\n<p><strong>Rechte an geistigem Eigentum.<\/strong><br \/>Der Zweck dieser Website ist es, den Menschen Informationen anzubieten, die f\u00fcr sie n\u00fctzlich sein k\u00f6nnten. Sofern nicht anders angegeben, sind die Inhalte dieser Website, einschlie\u00dflich der Texte und Bilder, sowie deren Arrangements, Eigentum der jeweiligen Inhaber. Ob der Autor oder die Eigent\u00fcmer es w\u00fcnschen, wir haben keine Probleme, den Text oder die Fotos zu l\u00f6schen. Wir werden uns darum k\u00fcmmern, wenn Sie uns eine E-Mail schicken.<br \/>Alle enthaltenen Inhalte Dritter sind fair use-konform und transformativ, mit zus\u00e4tzlichem Kontext und Kommentaren, die motivierend und inspirierend wirken. Bitte kontaktieren Sie uns unter <u><br \/>\n  <a href=\"mailto:hello@,\">hello@,<\/a><br \/>\n<\/u> wenn Sie glauben, dass Ihr urheberrechtlich gesch\u00fctztes Werk verletzt worden ist.<\/p>\n\t\t\t\t\t\t\t\t<\/div>\n\t\t\t\t<\/div>\n\t\t\t\t\t<\/div>\n\t\t\t\t<\/div>\n\t\t\t\t<\/div>\n\t\t","protected":false},"excerpt":{"rendered":"<p>Haftungsausschluss: Die folgenden Bedingungen regeln Ihre Nutzung dieser Website(www.xalamtours.com \/ www.xalam.nl). Es wird davon ausgegangen, dass Sie durch die Nutzung dieser Website die Nutzungsbedingungen gelesen und akzeptiert haben. Verwendung von Informationen.Xalam Tours &#8211; Xavaria Experience bem\u00fcht sich, auf dieser Website genaue und aktuelle Informationen bereitzustellen. Xalam Tours &#8211; Xavaria Experience \u00fcbernimmt keine Garantie f\u00fcr die [&hellip;]<\/p>\n","protected":false},"author":1,"featured_media":12748,"parent":0,"menu_order":0,"comment_status":"closed","ping_status":"closed","template":"elementor_theme","meta":{"footnotes":""},"class_list":["post-14668","page","type-page","status-publish","has-post-thumbnail","hentry"],"_links":{"self":[{"href":"https:\/\/www.xalam.nl\/de\/wp-json\/wp\/v2\/pages\/14668","targetHints":{"allow":["GET"]}}],"collection":[{"href":"https:\/\/www.xalam.nl\/de\/wp-json\/wp\/v2\/pages"}],"about":[{"href":"https:\/\/www.xalam.nl\/de\/wp-json\/wp\/v2\/types\/page"}],"author":[{"embeddable":true,"href":"https:\/\/www.xalam.nl\/de\/wp-json\/wp\/v2\/users\/1"}],"replies":[{"embeddable":true,"href":"https:\/\/www.xalam.nl\/de\/wp-json\/wp\/v2\/comments?post=14668"}],"version-history":[{"count":1,"href":"https:\/\/www.xalam.nl\/de\/wp-json\/wp\/v2\/pages\/14668\/revisions"}],"predecessor-version":[{"id":14669,"href":"https:\/\/www.xalam.nl\/de\/wp-json\/wp\/v2\/pages\/14668\/revisions\/14669"}],"wp:featuredmedia":[{"embeddable":true,"href":"https:\/\/www.xalam.nl\/de\/wp-json\/wp\/v2\/media\/12748"}],"wp:attachment":[{"href":"https:\/\/www.xalam.nl\/de\/wp-json\/wp\/v2\/media?parent=14668"}],"curies":[{"name":"wp","href":"https:\/\/api.w.org\/{rel}","templated":true}]}}