{"id":14660,"date":"2023-05-04T20:03:57","date_gmt":"2023-05-04T20:03:57","guid":{"rendered":"https:\/cookies\/"},"modified":"2023-06-18T12:30:23","modified_gmt":"2023-06-18T12:30:23","slug":"cookies","status":"publish","type":"page","link":"https:\/\/www.xalam.nl\/de\/cookies\/","title":{"rendered":"Cookies"},"content":{"rendered":"\t\t<div data-elementor-type=\"wp-page\" data-elementor-id=\"14660\" class=\"elementor elementor-14660 elementor-10195\" data-elementor-post-type=\"page\">\n\t\t\t\t<div class=\"elementor-element elementor-element-c5cc1c9 e-flex e-con-boxed e-con e-parent\" data-id=\"c5cc1c9\" data-element_type=\"container\" data-e-type=\"container\">\n\t\t\t\t\t<div class=\"e-con-inner\">\n\t\t\t\t<div class=\"elementor-element elementor-element-4c8dcfc elementor-widget elementor-widget-text-editor\" data-id=\"4c8dcfc\" data-element_type=\"widget\" data-e-type=\"widget\" data-widget_type=\"text-editor.default\">\n\t\t\t\t<div class=\"elementor-widget-container\">\n\t\t\t\t\t\t\t\t\t<p><strong>\u00dcber diese Cookie-Richtlinie<\/strong><\/p>\n<p>Diese Cookie-Richtlinie definiert Cookies und beschreibt, wie wir sie verwenden. Sie sollten diese Richtlinie lesen, um mehr \u00fcber Cookies zu erfahren, dar\u00fcber, wie wir sie verwenden, \u00fcber die vielen Arten von Cookies, die wir verwenden, \u00fcber die Informationen, die wir mithilfe von Cookies sammeln und wie wir sie verwenden, und dar\u00fcber, wie Sie Ihre Cookie-Entscheidungen verwalten k\u00f6nnen. In unserer <a href=\"https:\/de\/datenschutzbestimmungen\/\">Datenschutzrichtlinie<\/a> finden Sie weitere Einzelheiten dar\u00fcber, wie wir Ihre pers\u00f6nlichen Daten verwenden, speichern und sch\u00fctzen.<\/p>\n<p>Auf unserer Website k\u00f6nnen Sie Ihre Zustimmung zur Cookie-Erkl\u00e4rung jederzeit \u00e4ndern oder widerrufen.<\/p>\n<p>In unserer Datenschutzrichtlinie erfahren Sie mehr dar\u00fcber, wer wir sind, wie Sie uns kontaktieren k\u00f6nnen und wie wir mit personenbezogenen Daten umgehen.<\/p>\n<p>Ihre Zustimmung gilt f\u00fcr die folgenden Domains: <u><br \/>\n  <a href=\"https:\/de\/\">www.xalamtours.com \/ www.xalam.nl<\/a><br \/>\n<\/u><\/p>\n<p><strong>Was sind Cookies?<\/strong><\/p>\n<p>Cookies sind kleine Textdateien, die zum Speichern kleiner Datenmengen verwendet werden. Wenn die Website in Ihrem Browser geladen wird, werden Cookies auf Ihrem Ger\u00e4t gespeichert. Diese Cookies helfen uns, die Website effizienter zu gestalten, sie sicherer zu machen, die Benutzerfreundlichkeit zu verbessern und zu analysieren, wie die Website funktioniert, was funktioniert und was verbessert werden muss.<\/p>\n<p><strong>Wie verwenden wir Cookies?<\/strong><\/p>\n<p>Unsere Website verwendet, wie die meisten Online-Dienste, Cookies von Erstanbietern und Drittanbietern f\u00fcr eine Vielzahl von Zwecken. Die meisten Erstanbieter-Cookies sind f\u00fcr das ordnungsgem\u00e4\u00dfe Funktionieren der Website erforderlich und erfassen keine personenbezogenen Daten.<\/p>\n<p>Die Cookies von Drittanbietern, die wir auf unseren Websites verwenden, dienen in erster Linie dazu, besser zu verstehen, wie die Website funktioniert, wie Sie mit ihr interagieren, unsere Dienste sicher zu halten, Ihnen relevante Werbung zu liefern und Ihnen eine bessere und verbesserte Benutzererfahrung zu bieten, sowie dazu, zuk\u00fcnftige Interaktionen mit unserer Website zu beschleunigen.<\/p>\n<p><strong>Welche Arten von Cookies verwenden wir?<\/strong><\/p>\n<p><strong>Unverzichtbar<\/strong>: Einige Cookies sind erforderlich, damit Sie unsere Website optimal nutzen k\u00f6nnen. Sie erm\u00f6glichen es uns, die Benutzersitzungen zu verfolgen und Sicherheitsrisiken zu vermeiden. Personenbezogene Daten werden von ihnen nicht erhoben oder gespeichert. Diese Cookies erm\u00f6glichen es Ihnen zum Beispiel, sich in Ihr Konto einzuloggen, Dinge in Ihren Warenkorb zu legen und eine sichere Kaufabwicklung durchzuf\u00fchren.<\/p>\n<p><strong>Statistik:<\/strong> Diese Cookies speichern Daten wie die Anzahl der Besucher der Website, die Anzahl der Einzelbesucher, die besuchten Seiten der Website, die Quelle des Besuchs und so weiter. Diese Statistiken helfen uns zu ermitteln, wie effektiv die Website funktioniert und wo sie verbessert werden kann.<\/p>\n<p><strong>Marketing: <\/strong>Auf unserer Website werden Anzeigen geschaltet. Diese Cookies werden verwendet, um die von uns angezeigten Anzeigen f\u00fcr Sie relevanter zu machen, indem sie personalisiert werden. Diese Cookies erm\u00f6glichen es uns auch, die Wirksamkeit unserer Werbeinitiativen zu verfolgen.<\/p>\n<p>Drittanbieter von Werbung k\u00f6nnen die in diesen Cookies enthaltenen Informationen verwenden, um Ihre Werbung auf anderen Websites innerhalb des Browsers anzuzeigen.<\/p>\n<p><strong>Funktional:<\/strong> Dies sind die Cookies, die bestimmte nicht wesentliche Funktionen unserer Website unterst\u00fctzen. Zu diesen Funktionen geh\u00f6ren das Einbetten von Material wie Videos und das Teilen von Website-Inhalten in sozialen Netzwerken.<\/p>\n<p><strong>Vorlieben:<\/strong> Diese Cookies helfen uns, Ihre Einstellungen und Surfgewohnheiten, wie z. B. die bevorzugte Sprache, zu speichern, so dass Sie bei sp\u00e4teren Besuchen der Website eine individuellere und effizientere Erfahrung machen k\u00f6nnen.<\/p>\n<p><strong>Wie kann ich die Cookie-Einstellungen kontrollieren?<\/strong><\/p>\n<p>Sie k\u00f6nnen Ihre Einstellungen jederzeit w\u00e4hrend Ihres Besuchs \u00e4ndern, indem Sie auf den Link &#8222;Cookies&#8220; in der Symbolleiste Ihres Browsers klicken. Dadurch wird der Hinweis auf die Einwilligung erneut angezeigt, so dass Sie \u00c4nderungen vornehmen oder Ihre Einwilligung vollst\u00e4ndig widerrufen k\u00f6nnen.<\/p>\n<p>Au\u00dferdem bieten verschiedene Browser unterschiedliche Techniken zum Blockieren und L\u00f6schen von Website-Cookies. Sie k\u00f6nnen die Optionen Ihres Browsers verwenden, um Cookies zu blockieren oder zu entfernen. Besuchen Sie <a href=\"https:\/\/en.wikipedia.org\/wiki\/HTTP_cookie\" target=\"_blank\" rel=\"noopener\">wikipedia.org<\/a>, um mehr dar\u00fcber zu erfahren, wie Sie Cookies verwalten und l\u00f6schen k\u00f6nnen.<\/p>\n\t\t\t\t\t\t\t\t<\/div>\n\t\t\t\t<\/div>\n\t\t\t\t\t<\/div>\n\t\t\t\t<\/div>\n\t\t\t\t<\/div>\n\t\t","protected":false},"excerpt":{"rendered":"<p>\u00dcber diese Cookie-Richtlinie Diese Cookie-Richtlinie definiert Cookies und beschreibt, wie wir sie verwenden. Sie sollten diese Richtlinie lesen, um mehr \u00fcber Cookies zu erfahren, dar\u00fcber, wie wir sie verwenden, \u00fcber die vielen Arten von Cookies, die wir verwenden, \u00fcber die Informationen, die wir mithilfe von Cookies sammeln und wie wir sie verwenden, und dar\u00fcber, wie [&hellip;]<\/p>\n","protected":false},"author":1,"featured_media":12748,"parent":0,"menu_order":0,"comment_status":"closed","ping_status":"closed","template":"elementor_theme","meta":{"footnotes":""},"class_list":["post-14660","page","type-page","status-publish","has-post-thumbnail","hentry"],"_links":{"self":[{"href":"https:\/\/www.xalam.nl\/de\/wp-json\/wp\/v2\/pages\/14660","targetHints":{"allow":["GET"]}}],"collection":[{"href":"https:\/\/www.xalam.nl\/de\/wp-json\/wp\/v2\/pages"}],"about":[{"href":"https:\/\/www.xalam.nl\/de\/wp-json\/wp\/v2\/types\/page"}],"author":[{"embeddable":true,"href":"https:\/\/www.xalam.nl\/de\/wp-json\/wp\/v2\/users\/1"}],"replies":[{"embeddable":true,"href":"https:\/\/www.xalam.nl\/de\/wp-json\/wp\/v2\/comments?post=14660"}],"version-history":[{"count":1,"href":"https:\/\/www.xalam.nl\/de\/wp-json\/wp\/v2\/pages\/14660\/revisions"}],"predecessor-version":[{"id":14661,"href":"https:\/\/www.xalam.nl\/de\/wp-json\/wp\/v2\/pages\/14660\/revisions\/14661"}],"wp:featuredmedia":[{"embeddable":true,"href":"https:\/\/www.xalam.nl\/de\/wp-json\/wp\/v2\/media\/12748"}],"wp:attachment":[{"href":"https:\/\/www.xalam.nl\/de\/wp-json\/wp\/v2\/media?parent=14660"}],"curies":[{"name":"wp","href":"https:\/\/api.w.org\/{rel}","templated":true}]}}