{"id":14654,"date":"2023-05-04T20:00:07","date_gmt":"2023-05-04T20:00:07","guid":{"rendered":"https:\/datenschutzbestimmungen\/"},"modified":"2024-05-01T12:00:48","modified_gmt":"2024-05-01T12:00:48","slug":"datenschutzbestimmungen","status":"publish","type":"page","link":"https:\/\/www.xalam.nl\/de\/datenschutzbestimmungen\/","title":{"rendered":"Datenschutzbestimmungen"},"content":{"rendered":"\t\t<div data-elementor-type=\"wp-page\" data-elementor-id=\"14654\" class=\"elementor elementor-14654 elementor-10190\" data-elementor-post-type=\"page\">\n\t\t\t\t<div class=\"elementor-element elementor-element-33ef8e0 e-flex e-con-boxed e-con e-parent\" data-id=\"33ef8e0\" data-element_type=\"container\" data-e-type=\"container\">\n\t\t\t\t\t<div class=\"e-con-inner\">\n\t\t\t\t<div class=\"elementor-element elementor-element-eff9cd4 elementor-widget elementor-widget-text-editor\" data-id=\"eff9cd4\" data-element_type=\"widget\" data-e-type=\"widget\" data-widget_type=\"text-editor.default\">\n\t\t\t\t<div class=\"elementor-widget-container\">\n\t\t\t\t\t\t\t\t\t<p>Xalam Tours &#8211; Xavaria Experience befindet sich in:<br \/>Slotermeerlaan 58<br \/>1064 HC Amsterdam<br \/>Niederlande<\/p>\n<p>Xalam Tours &#8211; Xavaria Experience verpflichtet sich, Ihre Privatsph\u00e4re bei der Nutzung unserer Website zu sch\u00fctzen. Diese Datenschutzerkl\u00e4rung gilt f\u00fcr www.xalamtours.com (im Folgenden &#8222;wir&#8220;, &#8222;wir&#8220; oder &#8222;www.xalam.nl&#8220;). Wir sch\u00e4tzen Ihre Privatsph\u00e4re und sind bestrebt, alle pers\u00f6nlich identifizierbaren Informationen, die Sie auf der Website preisgeben, zu sch\u00fctzen. Diese Datenschutzrichtlinie (&#8222;Datenschutzrichtlinie&#8220;) erkl\u00e4rt, welche Informationen auf unserer Website gesammelt werden k\u00f6nnen, wie wir sie verwenden und wann wir sie an andere Parteien weitergeben k\u00f6nnen. Diese Datenschutzrichtlinie gilt nur f\u00fcr Daten, die wir \u00fcber die Website erfassen; sie gilt nicht f\u00fcr Daten, die wir aus anderen Quellen sammeln. Die allgemeinen Regeln und Praktiken, die Ihre Nutzung unserer Website regeln, sind in dieser Datenschutzrichtlinie sowie in den auf unserer Website angezeigten Allgemeinen Gesch\u00e4ftsbedingungen dargelegt. Je nach Ihrem Verhalten w\u00e4hrend des Besuchs unserer Website kann es erforderlich sein, dass Sie zus\u00e4tzlichen Bedingungen zustimmen.<\/p>\n<p><strong>Besucher der Website<\/strong><br \/>Xalam Tours &#8211; Xavaria Experience sammelt nicht-personenbezogene Daten, wie sie von Webbrowsern und Servern \u00fcblicherweise zur Verf\u00fcgung gestellt werden, wie z.B. die Art des Browsers, die gew\u00e4hlte Sprache, die verweisende Website und das Datum und die Uhrzeit jeder Besucheranfrage, \u00e4hnlich wie andere Websitebetreiber. Das Ziel der Sammlung von nicht pers\u00f6nlich identifizierbaren Informationen ist es, dass Xalam Tours &#8211; Xavaria Experience besser versteht, wie seine Besucher die Website nutzen. Xalam Tours &#8211; Xavaria Experience kann von Zeit zu Zeit nicht-personenbezogene Daten in zusammengefasster Form offenlegen, z. B. durch die Ver\u00f6ffentlichung eines Berichts \u00fcber das Nutzungsverhalten der Website.<br \/>F\u00fcr eingeloggte Benutzer und diejenigen, die Kommentare zu https: Blog-Artikeln abgeben, sammelt Xalam Tours &#8211; Xavaria Experience auch potenziell pers\u00f6nlich identifizierende Informationen wie Internet-Protokoll (IP)-Adressen. Xalam Tours &#8211; Xavaria Experience verwendet und offenbart die IP-Adressen der angemeldeten Benutzer und Kommentatoren nur unter denselben Umst\u00e4nden, unter denen es pers\u00f6nlich identifizierende Informationen verwendet und offenlegt, wie unten beschrieben.<\/p>\n<p><strong>Erhebung personenbezogener Daten<\/strong><br \/>Bestimmte Website-Besucher interagieren mit Xalam Tours &#8211; Xavaria Experience auf eine Weise, die es erforderlich macht, dass Xalam Tours &#8211; Xavaria Experience pers\u00f6nlich identifizierende Informationen sammelt. Die Menge und Art der von Xalam Tours &#8211; Xavaria Experience gesammelten Informationen wird durch die Art der Interaktion bestimmt. Besucher, die sich z. B. bei https: f\u00fcr einen Blog anmelden, m\u00fcssen einen Benutzernamen und eine E-Mail-Adresse eingeben.<\/p>\n<p><strong>Sicherheit<\/strong><br \/>Wir sind um die Sicherheit Ihrer pers\u00f6nlichen Daten besorgt, aber bedenken Sie, dass keine Methode der Internet\u00fcbertragung oder Computerspeicherung v\u00f6llig sicher ist. Obwohl wir alle Anstrengungen unternehmen, um Ihre pers\u00f6nlichen Daten mit kommerziell angemessenen Techniken zu sch\u00fctzen, k\u00f6nnen wir nicht f\u00fcr deren vollst\u00e4ndige Sicherheit garantieren.<\/p>\n<p><strong>Inserate<\/strong><br \/>Die Werbung auf unserer Website kann von Werbepartnern an die Nutzer gesendet werden, die Cookies auf ihren Computern platzieren k\u00f6nnen. Diese Cookies erm\u00f6glichen es dem Anzeigenserver, Ihren Computer jedes Mal wiederzuerkennen, wenn Sie Online-Werbung sehen, und so Informationen \u00fcber Sie und andere Personen, die Ihren Computer benutzen, zu sammeln. Diese Informationen erm\u00f6glichen es den Werbenetzwerken unter anderem, ma\u00dfgeschneiderte Werbung anzubieten, die ihrer Meinung nach f\u00fcr Sie am interessantesten ist. Diese Datenschutzrichtlinie gilt nur f\u00fcr die Verwendung von Cookies durch Xalam Tours &#8211; Xavaria Experience; sie gilt nicht f\u00fcr die Verwendung von Cookies durch Werbekunden.<\/p>\n<p><strong>Externe Websites Links<\/strong><br \/>Unser Service kann Links zu Websites Dritter enthalten, die nicht unter unserer Kontrolle stehen. Wenn Sie auf einen Link eines Drittanbieters klicken, werden Sie auf dessen Website weitergeleitet. Jede Website, die Sie besuchen, sollte eine Datenschutzrichtlinie und Gesch\u00e4ftsbedingungen haben, die Sie lesen sollten.<br \/>Wir haben keine Kontrolle \u00fcber und \u00fcbernehmen keine Verantwortung f\u00fcr Websites, Waren oder Dienstleistungen Dritter, einschlie\u00dflich deren Inhalte, Datenschutzrichtlinien oder Praktiken.<\/p>\n<p><strong>Schutz bestimmter personenbezogener Daten<\/strong><br \/>Xalam Tours &#8211; Xavaria Experience gibt potenziell pers\u00f6nlich identifizierende Informationen nur an Mitarbeiter, Auftragnehmer und angeschlossene Organisationen weiter, die diese Informationen kennen m\u00fcssen, um sie im Auftrag von Xalam Tours &#8211; Xavaria Experience zu verarbeiten oder um die auf der Website von Xalam Tours &#8211; Xavaria Experience verf\u00fcgbaren Dienste bereitzustellen, und die sich verpflichtet haben, sie nicht an andere weiterzugeben. Einige dieser Mitarbeiter, Auftragnehmer und verbundenen Organisationen k\u00f6nnen ihren Sitz au\u00dferhalb Ihres Heimatlandes haben; durch die Nutzung der Website von Xalam Tours &#8211; Xavaria Experience erkl\u00e4ren Sie sich damit einverstanden, dass diese Informationen an sie \u00fcbermittelt werden. Xalam Tours &#8211; Xavaria Experience wird pers\u00f6nlich identifizierende oder potenziell pers\u00f6nlich identifizierende Informationen nicht an Dritte vermieten oder verkaufen. Xalam Tours &#8211; Xavaria Experience gibt potenziell pers\u00f6nlich identifizierende Informationen nur dann preis, wenn eine Vorladung, ein Gerichtsbeschluss oder eine andere beh\u00f6rdliche Aufforderung vorliegt oder wenn Xalam Tours &#8211; Xavaria Experience in gutem Glauben davon ausgeht, dass die Offenlegung vern\u00fcnftigerweise notwendig ist, um das Eigentum oder die Rechte von Xalam Tours &#8211; Xavaria Experience, Dritten oder der \u00d6ffentlichkeit insgesamt zu sch\u00fctzen. Wenn Sie Ihre E-Mail-Adresse als registrierter Benutzer von https: angegeben haben, kann Xalam Tours &#8211; Xavaria Experience Ihnen von Zeit zu Zeit eine E-Mail senden, um Sie \u00fcber neue Funktionen zu informieren, Ihr Feedback einzuholen oder Sie einfach nur dar\u00fcber zu informieren, was mit Xalam Tours &#8211; Xavaria Experience und unseren Waren geschieht. Wir verbreiten diese Art von Informationen in der Regel \u00fcber unseren Blog und werden daher nur sehr wenige E-Mails verschicken. Wenn Sie uns eine Anfrage \u00fcbermitteln (z. B. \u00fcber eine Support-E-Mail oder eines unserer Feedback-Systeme), behalten wir uns das Recht vor, diese zu ver\u00f6ffentlichen, um Ihre Anfrage zu erl\u00e4utern oder zu beantworten und um andere Nutzer besser zu unterst\u00fctzen. Xalam Tours &#8211; Xavaria Experience trifft alle angemessenen Vorkehrungen, um potenziell pers\u00f6nlich identifizierende Informationen vor unbefugtem Zugriff, Verwendung, \u00c4nderung oder Zerst\u00f6rung zu sch\u00fctzen.<\/p>\n<p><strong>Aggregierte Statistiken<\/strong><br \/>Xalam Tours &#8211; Xavaria Experience kann Informationen dar\u00fcber sammeln, wie Benutzer die Website nutzen. Xalam Tours &#8211; Xavaria Experience kann diese Informationen der \u00d6ffentlichkeit zur Verf\u00fcgung stellen oder sie mit anderen teilen. Xalam Tours &#8211; Xavaria Experience hingegen gibt keine pers\u00f6nlichen Daten von Ihnen preis.<\/p>\n<p><strong>Cookies<\/strong><br \/>Xalam Tours &#8211; Xavaria Experience verwendet &#8222;Cookies&#8220;, vergleichbare Technologien und Dienste, die von anderen angeboten werden, um ma\u00dfgeschneiderte Informationen und geeignete Werbung anzuzeigen und Ihre Pr\u00e4ferenzen auf Ihrem Computer zu speichern, um Ihr Online-Erlebnis zu verbessern und zu perfektionieren. Ein Cookie ist ein Datenelement, das eine Website auf dem Computer eines Besuchers speichert und das der Browser des Besuchers jedes Mal an die Website zur\u00fccksendet, wenn der Besucher wiederkommt. Xalam Tours &#8211; Xavaria Experience verwendet Cookies, um Besucher zu identifizieren und zu \u00fcberwachen, sowie um ihre Nutzung von https: und ihre Zugriffspr\u00e4ferenzen auf die Website zu ermitteln. Besucher der Websites von Xalam Tours &#8211; Xavaria Experience, die nicht m\u00f6chten, dass Cookies auf ihren Computern installiert werden, k\u00f6nnen ihren Browser so konfigurieren, dass er Cookies ablehnt, bevor sie die Websites nutzen, mit dem Vorbehalt, dass einige Teile der Websites von Xalam Tours &#8211; Xavaria Experience ohne Cookies m\u00f6glicherweise nicht richtig funktionieren. Sie akzeptieren und stimmen der Verwendung von Cookies durch Xalam Tours &#8211; Xavaria Experience zu, wenn Sie auf unserer Website weitersurfen, ohne Ihre Cookie-Einstellungen zu \u00e4ndern.<\/p>\n<p><strong>Elektronischer Gesch\u00e4ftsverkehr<\/strong><br \/>Diejenigen, die mit Xalam Tours &#8211; Xavaria Experience in Gesch\u00e4ftsbeziehung treten &#8211; indem sie Dienstleistungen oder Waren von Xalam Tours &#8211; Xavaria Experience erwerben &#8211; werden aufgefordert, zus\u00e4tzliche Informationen zu liefern, einschlie\u00dflich, falls zutreffend, pers\u00f6nliche und finanzielle Informationen. In jedem Fall sammelt Xalam Tours &#8211; Xavaria Experience solche Informationen nur in dem Umfang, in dem sie erforderlich oder geeignet sind, um die Beziehung des Besuchers zu Xalam Tours &#8211; Xavaria Experience erfolgreich zu gestalten. Anders als hier erw\u00e4hnt, gibt Xalam Tours &#8211; Xavaria Experience keine pers\u00f6nlich identifizierenden Informationen weiter. Besucher k\u00f6nnen sich auch weigern, pers\u00f6nlich identifizierende Informationen bereitzustellen; dies kann jedoch dazu f\u00fchren, dass sie an einigen mit der Website verbundenen Aktivit\u00e4ten nicht teilnehmen k\u00f6nnen.<\/p>\n<p><strong>\u00c4nderungen an den Datenschutzrichtlinien<\/strong><br \/>Obwohl die meisten \u00c4nderungen wahrscheinlich geringf\u00fcgig sind, beh\u00e4lt sich Xalam Tours &#8211; Xavaria Experience das Recht vor, seine Datenschutzrichtlinie jederzeit und nach eigenem Ermessen zu \u00e4ndern. Xalam Tours &#8211; Xavaria Experience l\u00e4dt Besucher ein, diese Seite regelm\u00e4\u00dfig auf Aktualisierungen der Datenschutzrichtlinien zu \u00fcberpr\u00fcfen. Wenn Sie diese Website nach einer \u00c4nderung dieser Datenschutzrichtlinie weiter nutzen, erkl\u00e4ren Sie sich mit den \u00c4nderungen einverstanden.<\/p>\n\t\t\t\t\t\t\t\t<\/div>\n\t\t\t\t<\/div>\n\t\t\t\t\t<\/div>\n\t\t\t\t<\/div>\n\t\t\t\t<\/div>\n\t\t","protected":false},"excerpt":{"rendered":"<p>Xalam Tours &#8211; Xavaria Experience befindet sich in:Slotermeerlaan 581064 HC AmsterdamNiederlande Xalam Tours &#8211; Xavaria Experience verpflichtet sich, Ihre Privatsph\u00e4re bei der Nutzung unserer Website zu sch\u00fctzen. Diese Datenschutzerkl\u00e4rung gilt f\u00fcr www.xalamtours.com (im Folgenden &#8222;wir&#8220;, &#8222;wir&#8220; oder &#8222;www.xalam.nl&#8220;). Wir sch\u00e4tzen Ihre Privatsph\u00e4re und sind bestrebt, alle pers\u00f6nlich identifizierbaren Informationen, die Sie auf der Website preisgeben, [&hellip;]<\/p>\n","protected":false},"author":1,"featured_media":12748,"parent":0,"menu_order":0,"comment_status":"closed","ping_status":"closed","template":"elementor_theme","meta":{"footnotes":""},"class_list":["post-14654","page","type-page","status-publish","has-post-thumbnail","hentry"],"_links":{"self":[{"href":"https:\/\/www.xalam.nl\/de\/wp-json\/wp\/v2\/pages\/14654","targetHints":{"allow":["GET"]}}],"collection":[{"href":"https:\/\/www.xalam.nl\/de\/wp-json\/wp\/v2\/pages"}],"about":[{"href":"https:\/\/www.xalam.nl\/de\/wp-json\/wp\/v2\/types\/page"}],"author":[{"embeddable":true,"href":"https:\/\/www.xalam.nl\/de\/wp-json\/wp\/v2\/users\/1"}],"replies":[{"embeddable":true,"href":"https:\/\/www.xalam.nl\/de\/wp-json\/wp\/v2\/comments?post=14654"}],"version-history":[{"count":2,"href":"https:\/\/www.xalam.nl\/de\/wp-json\/wp\/v2\/pages\/14654\/revisions"}],"predecessor-version":[{"id":17699,"href":"https:\/\/www.xalam.nl\/de\/wp-json\/wp\/v2\/pages\/14654\/revisions\/17699"}],"wp:featuredmedia":[{"embeddable":true,"href":"https:\/\/www.xalam.nl\/de\/wp-json\/wp\/v2\/media\/12748"}],"wp:attachment":[{"href":"https:\/\/www.xalam.nl\/de\/wp-json\/wp\/v2\/media?parent=14654"}],"curies":[{"name":"wp","href":"https:\/\/api.w.org\/{rel}","templated":true}]}}