{"id":14427,"date":"2023-06-01T23:57:26","date_gmt":"2023-06-01T23:57:26","guid":{"rendered":"https:\/ueber-xalam-tours-xavaria-experience\/"},"modified":"2023-08-21T12:31:03","modified_gmt":"2023-08-21T12:31:03","slug":"ueber-xalam-tours-xavaria-experience","status":"publish","type":"page","link":"https:\/\/www.xalam.nl\/de\/ueber-xalam-tours-xavaria-experience\/","title":{"rendered":"\u00dcber Xalam Tours &#8211; Xavaria Experience"},"content":{"rendered":"\t\t<div data-elementor-type=\"wp-page\" data-elementor-id=\"14427\" class=\"elementor elementor-14427 elementor-11182\" data-elementor-post-type=\"page\">\n\t\t\t\t<div class=\"elementor-element elementor-element-f326a63 e-flex e-con-boxed e-con e-parent\" data-id=\"f326a63\" data-element_type=\"container\" data-e-type=\"container\">\n\t\t\t\t\t<div class=\"e-con-inner\">\n\t\t\t\t\t<\/div>\n\t\t\t\t<\/div>\n\t\t<div class=\"elementor-element elementor-element-efd2bf5 e-flex e-con-boxed e-con e-parent\" data-id=\"efd2bf5\" data-element_type=\"container\" data-e-type=\"container\">\n\t\t\t\t\t<div class=\"e-con-inner\">\n\t\t\t\t<div class=\"elementor-element elementor-element-6727757 elementor-widget elementor-widget-heading\" data-id=\"6727757\" data-element_type=\"widget\" data-e-type=\"widget\" data-widget_type=\"heading.default\">\n\t\t\t\t<div class=\"elementor-widget-container\">\n\t\t\t\t\t<h1 class=\"elementor-heading-title elementor-size-default\">Entdecken Sie die Essenz von Xalam Tours - Xavaria Experience<\/h1>\t\t\t\t<\/div>\n\t\t\t\t<\/div>\n\t\t\t\t<div class=\"elementor-element elementor-element-dec1c2d elementor-widget elementor-widget-text-editor\" data-id=\"dec1c2d\" data-element_type=\"widget\" data-e-type=\"widget\" data-widget_type=\"text-editor.default\">\n\t\t\t\t<div class=\"elementor-widget-container\">\n\t\t\t\t\t\t\t\t\t<p><span style=\"font-size: 14pt;\">Willkommen bei Xalam Tours &#8211; Xavaria Experience, der ersten Adresse f\u00fcr unvergessliche Touren in den Niederlanden. Mit unseren fachkundigen Reiseleitern und ausgekl\u00fcgelten Reisepl\u00e4nen bem\u00fchen wir uns, au\u00dfergew\u00f6hnliche Erlebnisse zu schaffen, die die Sch\u00f6nheit und den Charme der versteckten Juwelen der Niederlande pr\u00e4sentieren. Ob Sie nun von den Tulpeng\u00e4rten in Keukenhof, dem malerischen Dorf Giethoorn oder den historischen Wundern von Zaanse Schans fasziniert sind, Xalam Tours &#8211; Xavaria Experience wird Ihre Reise zu einem zauberhaften Erlebnis machen.<\/span><\/p>\n\t\t\t\t\t\t\t\t<\/div>\n\t\t\t\t<\/div>\n\t\t\t\t\t<\/div>\n\t\t\t\t<\/div>\n\t\t<div class=\"elementor-element elementor-element-56722fe e-flex e-con-boxed e-con e-parent\" data-id=\"56722fe\" data-element_type=\"container\" data-e-type=\"container\">\n\t\t\t\t\t<div class=\"e-con-inner\">\n\t\t<div class=\"elementor-element elementor-element-ef9d36d e-con-full e-flex e-con e-parent\" data-id=\"ef9d36d\" data-element_type=\"container\" data-e-type=\"container\">\n\t\t\t\t<div class=\"elementor-element elementor-element-03ad7ca elementor-widget elementor-widget-text-editor\" data-id=\"03ad7ca\" data-element_type=\"widget\" data-e-type=\"widget\" data-widget_type=\"text-editor.default\">\n\t\t\t\t<div class=\"elementor-widget-container\">\n\t\t\t\t\t\t\t\t\t<h5><span style=\"text-decoration: underline;\">Einzigartige Kompetenz:<\/span><\/h5>\n<p><span style=\"font-size: 12pt;\">Als f\u00fchrender Reiseveranstalter, der sich auf die Niederlande spezialisiert hat, verf\u00fcgen wir \u00fcber umfassende Kenntnisse und Erfahrungen, um die verborgenen Sch\u00e4tze dieses bezaubernden Landes zu pr\u00e4sentieren. Unser Team aus erfahrenen Reiseleitern und Reiseenthusiasten hat es sich zur Aufgabe gemacht, au\u00dfergew\u00f6hnliche Touren zusammenzustellen, die die Essenz der niederl\u00e4ndischen Kultur, Geschichte und Natursch\u00f6nheiten einfangen.<\/span><\/p>\n<h5><span style=\"text-decoration: underline;\">Ma\u00dfgeschneiderte Erlebnisse:<\/span><\/h5>\n<p><span style=\"font-size: 12pt;\">Wir wissen, dass jeder Reisende einzigartig ist, und deshalb bieten wir eine Reihe von individuell gestaltbaren Privatreisen an. Ganz gleich, ob Sie ein Geschichts-, Natur- oder Kunstliebhaber sind, unser Team wird eng mit Ihnen zusammenarbeiten, um eine pers\u00f6nliche Reiseroute zu entwerfen, die Ihren Interessen und Vorlieben entspricht. Von privaten Touren durch das Goldene Zeitalter der Niederlande bis hin zu ma\u00dfgeschneiderten europ\u00e4ischen Abenteuern &#8211; wir sind bestrebt, unvergessliche Erlebnisse zu schaffen, die nur auf Sie zugeschnitten sind.<\/span><\/p>\n<h5><span style=\"text-decoration: underline;\">Experten-Leitf\u00e4den:<\/span><\/h5>\n<p><span style=\"font-size: 12pt;\">Unsere sachkundigen Reiseleiter sind das Herz und die Seele von Xalam Tours &#8211; Xavaria Experience. Mit ihrem Fachwissen und ihrer Leidenschaft f\u00fcr das Erz\u00e4hlen von Geschichten erwecken sie die Geschichte und Kultur der Niederlande zum Leben und bieten auf Schritt und Tritt fesselnde Einblicke. Ganz gleich, ob Sie durch die kopfsteingepflasterten Stra\u00dfen von Amsterdam schlendern, die Windm\u00fchlen von Zaanse Schans erkunden oder durch die Grachten von Giethoorn schippern, unsere Reiseleiter sorgen daf\u00fcr, dass Sie ein informatives und spannendes Erlebnis haben.<\/span><\/p>\n<h5><span style=\"text-decoration: underline;\">Kundenzufriedenheit:<\/span><\/h5>\n<p><span style=\"font-size: 12pt;\">Bei Xalam Tours &#8211; Xavaria Experience steht Ihre Zufriedenheit an erster Stelle. Wir glauben an einen au\u00dfergew\u00f6hnlichen Kundenservice von dem Moment an, in dem Sie uns kontaktieren, bis zum Abschluss Ihrer Tour. Wir k\u00fcmmern uns um alle Details, einschlie\u00dflich Transport, Reservierung und Logistik, damit Sie sich entspannen und die Wunder Hollands in vollen Z\u00fcgen genie\u00dfen k\u00f6nnen. Unser Engagement f\u00fcr hervorragende Leistungen hat uns begeisterte Kritiken von zufriedenen Kunden eingebracht und uns zu einer zuverl\u00e4ssigen Wahl f\u00fcr anspruchsvolle Reisende gemacht.<\/span><\/p>\n\t\t\t\t\t\t\t\t<\/div>\n\t\t\t\t<\/div>\n\t\t\t\t<\/div>\n\t\t<div class=\"elementor-element elementor-element-3e13dd0 e-con-full e-flex e-con e-parent\" data-id=\"3e13dd0\" data-element_type=\"container\" data-e-type=\"container\">\n\t\t\t\t<div class=\"elementor-element elementor-element-f181968 elementor-widget elementor-widget-text-editor\" data-id=\"f181968\" data-element_type=\"widget\" data-e-type=\"widget\" data-widget_type=\"text-editor.default\">\n\t\t\t\t<div class=\"elementor-widget-container\">\n\t\t\t\t\t\t\t\t\t<h5><span style=\"text-decoration: underline;\">Unsere Passion f\u00fcr Holland:<\/span><\/h5>\n<p><span style=\"font-size: 12pt;\">Wir von Xalam Tours &#8211; Xavaria Experience begeistern uns f\u00fcr die reiche Geschichte, die lebendige Kultur und die atemberaubenden Landschaften der Niederlande. Unser Team aus engagierten Fachleuten teilt eine tiefe Liebe zu diesem Land und ist stolz darauf, Besuchern seine weniger bekannten Sch\u00e4tze zu zeigen. Mit jahrelanger Erfahrung und umfassender Ortskenntnis stellen wir au\u00dfergew\u00f6hnliche Touren zusammen, die es Ihnen erm\u00f6glichen, in die Essenz der Niederlande einzutauchen.<\/span><\/p>\n<h5><span style=\"text-decoration: underline;\">Xalam Tours Lokale Verbindungen:<\/span><\/h5>\n<p><span style=\"font-size: 12pt;\">Wir sind selbst begeisterte Reisende und glauben an die transformative Kraft authentischer, intensiver Erfahrungen. Deshalb arbeiten wir mit lokalen Partnern und Gemeinden zusammen, um Ihnen eine Insider-Perspektive auf die Niederlande zu bieten. Dank unserer Partnerschaften k\u00f6nnen wir Ihnen einen einzigartigen Zugang zu kulturellen Veranstaltungen, lokalen Traditionen und Orten abseits der ausgetretenen Pfade bieten, so dass Sie wertvolle Erinnerungen schaffen k\u00f6nnen, die \u00fcber typische touristische Erfahrungen hinausgehen.<\/span><\/p>\n<h5><span style=\"text-decoration: underline;\">Begleiten Sie uns (Xalam Tours &#8211; Xavaria Experience:<\/span><\/h5>\n<p><span style=\"font-size: 12pt;\">Sind Sie bereit f\u00fcr eine au\u00dfergew\u00f6hnliche Reise zu den verborgenen Sch\u00e4tzen Hollands? St\u00f6bern Sie in unserer Auswahl an sorgf\u00e4ltig ausgearbeiteten Touren und beginnen Sie noch heute mit der Planung Ihres Abenteuers. Wenden Sie sich an unser freundliches Team, wenn Sie Fragen haben oder individuelle Besichtigungsm\u00f6glichkeiten besprechen m\u00f6chten. Lassen Sie Xalam Tours &#8211; Xavaria Experience Ihr Tor zu einem unvergesslichen Holland-Erlebnis sein.<\/span><\/p>\n<p><span style=\"font-size: 12pt;\">Bei Xalam Tours &#8211; Xavaria Experience ist es unsere Leidenschaft, die verborgenen Sch\u00e4tze Hollands mit Reisenden aus aller Welt zu teilen. Mit unseren fachkundigen Reiseleitern, personalisierten Reisepl\u00e4nen und unserem unerm\u00fcdlichen Einsatz f\u00fcr die Zufriedenheit unserer Kunden schaffen wir unvergessliche Erlebnisse, die Ihnen die Sch\u00f6nheit und den Charme Hollands n\u00e4her bringen werden. Begleiten Sie uns auf ein Abenteuer, das Ihnen noch lange nach der Abreise aus unserem bezaubernden Land in Erinnerung bleiben wird.<\/span><\/p>\n<p><span style=\"font-size: 12pt;\">Kontaktieren Sie uns noch heute, um Ihr Traumabenteuer in den Niederlanden zu planen. Wir freuen uns darauf, Sie bei der &#8222;Holland Experience&#8220; mit Xalam Tours &#8211; Xavaria Experience begr\u00fc\u00dfen zu d\u00fcrfen.<\/span><\/p>\n\t\t\t\t\t\t\t\t<\/div>\n\t\t\t\t<\/div>\n\t\t\t\t<\/div>\n\t\t\t\t\t<\/div>\n\t\t\t\t<\/div>\n\t\t\t\t<section class=\"elementor-section elementor-top-section elementor-element elementor-element-5c0e1e4f elementor-section-boxed elementor-section-height-default elementor-section-height-default\" data-id=\"5c0e1e4f\" data-element_type=\"section\" data-e-type=\"section\" data-settings=\"{&quot;background_background&quot;:&quot;classic&quot;}\">\n\t\t\t\t\t\t<div class=\"elementor-container elementor-column-gap-default\">\n\t\t\t\t\t<div class=\"elementor-column elementor-col-100 elementor-top-column elementor-element elementor-element-35e3ae46\" data-id=\"35e3ae46\" data-element_type=\"column\" data-e-type=\"column\">\n\t\t\t<div class=\"elementor-widget-wrap elementor-element-populated\">\n\t\t\t\t\t\t<div class=\"elementor-element elementor-element-2a79e870 elementor-widget elementor-widget-heading\" data-id=\"2a79e870\" data-element_type=\"widget\" data-e-type=\"widget\" data-widget_type=\"heading.default\">\n\t\t\t\t<div class=\"elementor-widget-container\">\n\t\t\t\t\t<h2 class=\"elementor-heading-title elementor-size-default\">Was unsere Kunden sagen<\/h2>\t\t\t\t<\/div>\n\t\t\t\t<\/div>\n\t\t\t\t<div class=\"elementor-element elementor-element-111e48ec elementor-widget elementor-widget-st_testimonial\" data-id=\"111e48ec\" data-element_type=\"widget\" data-e-type=\"widget\" data-settings=\"{&quot;slides_per_view&quot;:&quot;3&quot;}\" data-widget_type=\"st_testimonial.default\">\n\t\t\t\t<div class=\"elementor-widget-container\">\n\t\t\t\t\t<div class=\"st-testimonial-modern-slider\">\r\n    <div class=\"st-testimonial\" data-effect=\"creative\" data-slides-per-view=\"3\" data-pagination=\"on\" data-navigation=\"on\" data-auto-play=\"off\" data-loop=\"true\" data-delay=\"\">\r\n        <div class=\"service-testimonial-wrapper swiper-container\">\r\n\t\t\t<div class=\"swiper-wrapper\">\r\n                            <div class=\"swiper-slide\">\r\n                    <div class=\"item\">\r\n\r\n                        \r\n                        <p class=\"st-content st-content-lib\">\r\n                            Naufal was a wonderful guide. He had an excellent command of English. Communicated promptly. Was flexible and knowledgeable. Would definitely recommend THANKS                        <\/p>\r\n                        <div class=\"author-meta author-meta-lib\">\r\n                                                                    <i class=\"review-testimonial stt-icon-star1\"><\/i>\r\n                                                                            <i class=\"review-testimonial stt-icon-star1\"><\/i>\r\n                                                                            <i class=\"review-testimonial stt-icon-star1\"><\/i>\r\n                                                                            <i class=\"review-testimonial stt-icon-star1\"><\/i>\r\n                                                                            <i class=\"review-testimonial stt-icon-star1\"><\/i>\r\n                                                                                                    <h4 class=\"name\">Cynthia M.<\/h4>\r\n                                \r\n                                                                <p class=\"office-testimonial office-testimonial-lib\">Customers from U.S.A<\/p>\r\n                                \r\n                        <\/div>\r\n                    <\/div>\r\n                <\/div>\r\n                            <div class=\"swiper-slide\">\r\n                    <div class=\"item\">\r\n\r\n                        \r\n                        <p class=\"st-content st-content-lib\">\r\n                            Save me a lot of hassle. Naufal is a great guide,\u00a0knowledgeable and a very patient person. Always tag along wherever we were, recommend restaurant and spend a couple of hours more than the agreed tour time at no extra cost!                        <\/p>\r\n                        <div class=\"author-meta author-meta-lib\">\r\n                                                                    <i class=\"review-testimonial stt-icon-star1\"><\/i>\r\n                                                                            <i class=\"review-testimonial stt-icon-star1\"><\/i>\r\n                                                                            <i class=\"review-testimonial stt-icon-star1\"><\/i>\r\n                                                                            <i class=\"review-testimonial stt-icon-star1\"><\/i>\r\n                                                                            <i class=\"review-testimonial stt-icon-star1\"><\/i>\r\n                                                                                                    <h4 class=\"name\">Nor Azman Baharum<\/h4>\r\n                                \r\n                                                                <p class=\"office-testimonial office-testimonial-lib\">Customers from Malaysia<\/p>\r\n                                \r\n                        <\/div>\r\n                    <\/div>\r\n                <\/div>\r\n                            <div class=\"swiper-slide\">\r\n                    <div class=\"item\">\r\n\r\n                        \r\n                        <p class=\"st-content st-content-lib\">\r\n                            He is a good guide for my clients. I recommend him if you want to travel in Amsterdam and surrounding city in Benelux.                        <\/p>\r\n                        <div class=\"author-meta author-meta-lib\">\r\n                                                                    <i class=\"review-testimonial stt-icon-star1\"><\/i>\r\n                                                                            <i class=\"review-testimonial stt-icon-star1\"><\/i>\r\n                                                                            <i class=\"review-testimonial stt-icon-star1\"><\/i>\r\n                                                                            <i class=\"review-testimonial stt-icon-star1\"><\/i>\r\n                                                                            <i class=\"review-testimonial stt-icon-star1\"><\/i>\r\n                                                                                                    <h4 class=\"name\">Tinni Maskoen<\/h4>\r\n                                \r\n                                                                <p class=\"office-testimonial office-testimonial-lib\">Customers from Indonesia<\/p>\r\n                                \r\n                        <\/div>\r\n                    <\/div>\r\n                <\/div>\r\n                            <div class=\"swiper-slide\">\r\n                    <div class=\"item\">\r\n\r\n                        \r\n                        <p class=\"st-content st-content-lib\">\r\n                            Nafaul drove us on an excursion all over the Netherlands. What a delightful, upbeat man ~ so enjoyed being with him and having him as a personal tour guide. He never made us feel hurried on the tour Not like a bus Never had such an enjoyable tour day. HIGHLY recommend!                        <\/p>\r\n                        <div class=\"author-meta author-meta-lib\">\r\n                                                                    <i class=\"review-testimonial stt-icon-star1\"><\/i>\r\n                                                                            <i class=\"review-testimonial stt-icon-star1\"><\/i>\r\n                                                                            <i class=\"review-testimonial stt-icon-star1\"><\/i>\r\n                                                                            <i class=\"review-testimonial stt-icon-star1\"><\/i>\r\n                                                                            <i class=\"review-testimonial stt-icon-star1\"><\/i>\r\n                                                                                                    <h4 class=\"name\">Kay Spearman Pierson<\/h4>\r\n                                \r\n                                                                <p class=\"office-testimonial office-testimonial-lib\">Customers from U.S.A<\/p>\r\n                                \r\n                        <\/div>\r\n                    <\/div>\r\n                <\/div>\r\n                            <div class=\"swiper-slide\">\r\n                    <div class=\"item\">\r\n\r\n                        \r\n                        <p class=\"st-content st-content-lib\">\r\n                            Perjalanan keliling Eropa ini sesuai dengan yang saya harapkan. Pelayanan yang profesional, respon yang aktif, serta pengenalan lokasi yang baik. Layak untuk di ulang lagi dengan rute lain.                         <\/p>\r\n                        <div class=\"author-meta author-meta-lib\">\r\n                                                                    <i class=\"review-testimonial stt-icon-star1\"><\/i>\r\n                                                                            <i class=\"review-testimonial stt-icon-star1\"><\/i>\r\n                                                                            <i class=\"review-testimonial stt-icon-star1\"><\/i>\r\n                                                                            <i class=\"review-testimonial stt-icon-star1\"><\/i>\r\n                                                                            <i class=\"review-testimonial stt-icon-star1\"><\/i>\r\n                                                                                                    <h4 class=\"name\">Susantio<\/h4>\r\n                                \r\n                                                                <p class=\"office-testimonial office-testimonial-lib\">Customers from Indonesia<\/p>\r\n                                \r\n                        <\/div>\r\n                    <\/div>\r\n                <\/div>\r\n            \t\t\t<\/div>\r\n        <\/div>\r\n\t\t\t\t<div class=\"swiper-pagination\"><\/div>\r\n\t\t\t\t\t<div class=\"st-button-prev\"><span class=\"stt-icon stt-icon-arrow-left\"><\/span><\/div><div class=\"st-button-next\"><span class=\"stt-icon stt-icon-arrow-right\"><\/span><\/div>\r\n\t\t    <\/div>\r\n<\/div>\r\n\r\n\r\n\t\t\t\t<\/div>\n\t\t\t\t<\/div>\n\t\t\t\t\t<\/div>\n\t\t<\/div>\n\t\t\t\t\t<\/div>\n\t\t<\/section>\n\t\t\t\t<\/div>\n\t\t","protected":false},"excerpt":{"rendered":"<p>Entdecken Sie die Essenz von Xalam Tours &#8211; Xavaria Experience Willkommen bei Xalam Tours &#8211; Xavaria Experience, der ersten Adresse f\u00fcr unvergessliche Touren in den Niederlanden. Mit unseren fachkundigen Reiseleitern und ausgekl\u00fcgelten Reisepl\u00e4nen bem\u00fchen wir uns, au\u00dfergew\u00f6hnliche Erlebnisse zu schaffen, die die Sch\u00f6nheit und den Charme der versteckten Juwelen der Niederlande pr\u00e4sentieren. Ob Sie nun [&hellip;]<\/p>\n","protected":false},"author":1,"featured_media":13534,"parent":0,"menu_order":0,"comment_status":"closed","ping_status":"closed","template":"template-blank.php","meta":{"footnotes":""},"class_list":["post-14427","page","type-page","status-publish","has-post-thumbnail","hentry"],"_links":{"self":[{"href":"https:\/\/www.xalam.nl\/de\/wp-json\/wp\/v2\/pages\/14427","targetHints":{"allow":["GET"]}}],"collection":[{"href":"https:\/\/www.xalam.nl\/de\/wp-json\/wp\/v2\/pages"}],"about":[{"href":"https:\/\/www.xalam.nl\/de\/wp-json\/wp\/v2\/types\/page"}],"author":[{"embeddable":true,"href":"https:\/\/www.xalam.nl\/de\/wp-json\/wp\/v2\/users\/1"}],"replies":[{"embeddable":true,"href":"https:\/\/www.xalam.nl\/de\/wp-json\/wp\/v2\/comments?post=14427"}],"version-history":[{"count":1,"href":"https:\/\/www.xalam.nl\/de\/wp-json\/wp\/v2\/pages\/14427\/revisions"}],"predecessor-version":[{"id":14429,"href":"https:\/\/www.xalam.nl\/de\/wp-json\/wp\/v2\/pages\/14427\/revisions\/14429"}],"wp:featuredmedia":[{"embeddable":true,"href":"https:\/\/www.xalam.nl\/de\/wp-json\/wp\/v2\/media\/13534"}],"wp:attachment":[{"href":"https:\/\/www.xalam.nl\/de\/wp-json\/wp\/v2\/media?parent=14427"}],"curies":[{"name":"wp","href":"https:\/\/api.w.org\/{rel}","templated":true}]}}